{"id":290364,"date":"2022-12-10T15:10:56","date_gmt":"2022-12-10T14:10:56","guid":{"rendered":"http:\/\/dev.claret.cat\/llibre\/florecer-en-el-yermo\/"},"modified":"2024-05-24T09:11:51","modified_gmt":"2024-05-24T07:11:51","slug":"florecer-en-el-yermo-9788429316612","status":"publish","type":"product","link":"https:\/\/www.claret.cat\/es\/libro\/florecer-en-el-yermo-9788429316612\/","title":{"rendered":"FLORECER EN EL YERMO"},"content":{"rendered":"<p>Si a las miserias que nuestra \u201ccivilizaci\u00f3n\u201d ha venido cultivando (una violencia omnipresente; un terrorismo insano que desaf\u00eda los fundamentos m\u00e1s b\u00e1sicos de la humanidad; una injusticia sangrante; desigualdades, opresiones, discriminaciones e intolerancias de todo tipo&#8230;), se a\u00f1ade la destrucci\u00f3n del medio ambiente y de las especies vivas acaecida en las \u00faltimas d\u00e9cadas, el panorama resulta verdaderamente desolador y refleja la aterradora capacidad destructiva y auto-destructiva de la especie humana. Va a depender de nuestra sensibilidad para constatar y comprender la crisis, de nuestra delicadeza para afrontarla y de nuestra determinaci\u00f3n para superarla, la posibilidad de establecer un nuevo modo de convivencia entre todos los seres. Ello significa una verdadera revoluci\u00f3n, basada en un humanismo radical que construya las bases de un mundo m\u00e1s fraterno, m\u00e1s espiritualizado y m\u00e1s amoroso. Una revoluci\u00f3n que responda a la crisis haciendo que florezca en el yermo un nuevo pacto planetario que d\u00e9 lugar a un nuevo paradigma de civilizaci\u00f3n y a una humanidad unificada dentro de la Casa Com\u00fan: el planeta Tierra.<\/p>\n","protected":false},"excerpt":{"rendered":"<p>BOFF, LEONARDO<\/p>\n","protected":false},"featured_media":339566,"template":"","meta":{"_acf_changed":false,"om_disable_all_campaigns":false,"rs_blank_template":"","rs_page_bg_color":"","slide_template_v7":"","inline_featured_image":false,"_monsterinsights_skip_tracking":false,"_monsterinsights_sitenote_active":false,"_monsterinsights_sitenote_note":"","_monsterinsights_sitenote_category":0},"product_brand":[],"product_cat":[273,411,491,241,437,163],"product_tag":[],"class_list":{"0":"post-290364","1":"product","2":"type-product","3":"status-publish","4":"has-post-thumbnail","6":"product_cat-frontera","7":"product_cat-frontera-pastoral-1_espiritualidad","8":"product_cat-testimonios","9":"product_cat-testimonis","10":"product_cat-valores-y-convivencia","11":"product_cat-valors-i-convivencia","13":"first","14":"instock","15":"taxable","16":"shipping-taxable","17":"purchasable","18":"product-type-simple"},"acf":{"autor":"BOFF, LEONARDO","codart":"842931661","libros-coleccion":"El Pozo de Siquem","ediciones":"1","encuadernacion":"R\u00fastica","fecha_de_publicacion":"12\/09\/2006","novedad":"0","paginas":"176","subtitulo":"DE LA CRISIS DE CIVILIZACI\u00d3N A UNA REVOLUCI\u00d3N RADICALMENTE HUMANA","orden":"999","portada":"0","idioma":"spa","editorial":[{"ID":6351,"post_author":"3","post_date":"2022-07-28 17:50:19","post_date_gmt":"2022-07-28 15:50:19","post_content":"","post_title":"Sal Terrae","post_excerpt":"","post_status":"publish","comment_status":"closed","ping_status":"closed","post_password":"","post_name":"sal-terrae","to_ping":"","pinged":"","post_modified":"2022-07-28 17:50:19","post_modified_gmt":"2022-07-28 15:50:19","post_content_filtered":"","post_parent":0,"guid":"http:\/\/dev.claret.cat\/editorial\/sal-terrae\/","menu_order":0,"post_type":"editorial","post_mime_type":"","comment_count":"0","filter":"raw"}],"autores-libros":[{"ID":5720,"post_author":"3","post_date":"2022-07-28 17:30:01","post_date_gmt":"2022-07-28 15:30:01","post_content":"","post_title":"LEONARDO BOFF","post_excerpt":"","post_status":"publish","comment_status":"closed","ping_status":"closed","post_password":"","post_name":"leonardo-boff","to_ping":"","pinged":"","post_modified":"2022-07-28 17:30:01","post_modified_gmt":"2022-07-28 15:30:01","post_content_filtered":"","post_parent":0,"guid":"http:\/\/dev.claret.cat\/autor\/leonardo-boff\/","menu_order":0,"post_type":"autor","post_mime_type":"","comment_count":"0","filter":"raw"}]},"aioseo_notices":[],"_links":{"self":[{"href":"https:\/\/www.claret.cat\/es\/wp-json\/wp\/v2\/product\/290364","targetHints":{"allow":["GET"]}}],"collection":[{"href":"https:\/\/www.claret.cat\/es\/wp-json\/wp\/v2\/product"}],"about":[{"href":"https:\/\/www.claret.cat\/es\/wp-json\/wp\/v2\/types\/product"}],"wp:featuredmedia":[{"embeddable":true,"href":"https:\/\/www.claret.cat\/es\/wp-json\/wp\/v2\/media\/339566"}],"wp:attachment":[{"href":"https:\/\/www.claret.cat\/es\/wp-json\/wp\/v2\/media?parent=290364"}],"wp:term":[{"taxonomy":"product_brand","embeddable":true,"href":"https:\/\/www.claret.cat\/es\/wp-json\/wp\/v2\/product_brand?post=290364"},{"taxonomy":"product_cat","embeddable":true,"href":"https:\/\/www.claret.cat\/es\/wp-json\/wp\/v2\/product_cat?post=290364"},{"taxonomy":"product_tag","embeddable":true,"href":"https:\/\/www.claret.cat\/es\/wp-json\/wp\/v2\/product_tag?post=290364"}],"curies":[{"name":"wp","href":"https:\/\/api.w.org\/{rel}","templated":true}]}}