{"id":290393,"date":"2022-12-10T15:20:50","date_gmt":"2022-12-10T14:20:50","guid":{"rendered":"http:\/\/dev.claret.cat\/llibre\/cristo-en-lo-cotidiano\/"},"modified":"2024-05-24T09:09:29","modified_gmt":"2024-05-24T07:09:29","slug":"cristo-en-lo-cotidiano-9788429316780","status":"publish","type":"product","link":"https:\/\/www.claret.cat\/es\/libro\/cristo-en-lo-cotidiano-9788429316780\/","title":{"rendered":"CRISTO EN LO COTIDIANO"},"content":{"rendered":"<p>Se pueden vivir los Ejercicios Espirituales sin retirarse a una \u00abcasa de ejercicios\u00bb o a un monasterio? San Ignacio previ\u00f3 ya la posibilidad de hacerlos sin mudarse de la propia casa, lo que hoy se conoce como \u00abEjercicios en la vida diaria\u00bb. <br \/>Este libro va dirigido, ante todo, a aquellas personas que desean emprender este camino de vida espiritual con Cristo d\u00eda a d\u00eda, as\u00ed como a quienes las acompa\u00f1an en su andadura. Pero tambi\u00e9n puede interesar a quienes deseen conocer mejor la espiritualidad ignaciana, enraizada por entero en el itinerario de los Ejercicios Espirituales que se expone en estas p\u00e1ginas.<\/p>\n","protected":false},"excerpt":{"rendered":"<p>ANDR\u00c9 DE JAER,SJ<\/p>\n","protected":false},"featured_media":339593,"template":"","meta":{"_acf_changed":false,"om_disable_all_campaigns":false,"rs_blank_template":"","rs_page_bg_color":"","slide_template_v7":"","inline_featured_image":false,"_monsterinsights_skip_tracking":false,"_monsterinsights_sitenote_active":false,"_monsterinsights_sitenote_note":"","_monsterinsights_sitenote_category":0},"product_brand":[],"product_cat":[237,488,523,299,497,248,394,236],"product_tag":[],"class_list":{"0":"post-290393","1":"product","2":"type-product","3":"status-publish","4":"has-post-thumbnail","6":"product_cat-cami-de-perfeccionament","7":"product_cat-camino-de-perfeccionamiento","8":"product_cat-laicos-y-testimonios","9":"product_cat-laics-i-testimonis","10":"product_cat-meditaciones","11":"product_cat-meditacions","12":"product_cat-vida-cotidiana","13":"product_cat-vida-quotidiana","15":"first","16":"instock","17":"taxable","18":"shipping-taxable","19":"purchasable","20":"product-type-simple"},"acf":{"autor":"ANDR\u00c9 DE JAER,SJ","codart":"842931678","libros-coleccion":"POZO DE SIQUIEM","ediciones":"1","encuadernacion":"R\u00fastica","fecha_de_publicacion":"16\/01\/2007","novedad":"0","paginas":"248","subtitulo":"EJERCICIOS ESPIRITUALES EN LA VIDA DIARIA","orden":"999","portada":"0","idioma":"spa","editorial":[{"ID":6351,"post_author":"3","post_date":"2022-07-28 17:50:19","post_date_gmt":"2022-07-28 15:50:19","post_content":"","post_title":"Sal Terrae","post_excerpt":"","post_status":"publish","comment_status":"closed","ping_status":"closed","post_password":"","post_name":"sal-terrae","to_ping":"","pinged":"","post_modified":"2022-07-28 17:50:19","post_modified_gmt":"2022-07-28 15:50:19","post_content_filtered":"","post_parent":0,"guid":"http:\/\/dev.claret.cat\/editorial\/sal-terrae\/","menu_order":0,"post_type":"editorial","post_mime_type":"","comment_count":"0","filter":"raw"}],"autores-libros":[{"ID":290392,"post_author":"3","post_date":"2022-12-10 15:20:49","post_date_gmt":"2022-12-10 14:20:49","post_content":"","post_title":"ANDR\u00c9 DE JAER","post_excerpt":"","post_status":"publish","comment_status":"closed","ping_status":"closed","post_password":"","post_name":"andre-de-jaer","to_ping":"","pinged":"","post_modified":"2022-12-10 15:20:49","post_modified_gmt":"2022-12-10 14:20:49","post_content_filtered":"","post_parent":0,"guid":"http:\/\/dev.claret.cat\/autor\/andre-de-jaer\/","menu_order":0,"post_type":"autor","post_mime_type":"","comment_count":"0","filter":"raw"}]},"aioseo_notices":[],"_links":{"self":[{"href":"https:\/\/www.claret.cat\/es\/wp-json\/wp\/v2\/product\/290393","targetHints":{"allow":["GET"]}}],"collection":[{"href":"https:\/\/www.claret.cat\/es\/wp-json\/wp\/v2\/product"}],"about":[{"href":"https:\/\/www.claret.cat\/es\/wp-json\/wp\/v2\/types\/product"}],"wp:featuredmedia":[{"embeddable":true,"href":"https:\/\/www.claret.cat\/es\/wp-json\/wp\/v2\/media\/339593"}],"wp:attachment":[{"href":"https:\/\/www.claret.cat\/es\/wp-json\/wp\/v2\/media?parent=290393"}],"wp:term":[{"taxonomy":"product_brand","embeddable":true,"href":"https:\/\/www.claret.cat\/es\/wp-json\/wp\/v2\/product_brand?post=290393"},{"taxonomy":"product_cat","embeddable":true,"href":"https:\/\/www.claret.cat\/es\/wp-json\/wp\/v2\/product_cat?post=290393"},{"taxonomy":"product_tag","embeddable":true,"href":"https:\/\/www.claret.cat\/es\/wp-json\/wp\/v2\/product_tag?post=290393"}],"curies":[{"name":"wp","href":"https:\/\/api.w.org\/{rel}","templated":true}]}}