{"id":29044,"date":"2022-10-02T11:20:31","date_gmt":"2022-10-02T09:20:31","guid":{"rendered":"http:\/\/dev.claret.cat\/producte\/exclosos-per-que\/"},"modified":"2025-07-04T11:01:37","modified_gmt":"2025-07-04T09:01:37","slug":"exclosos-per-que-9788472639959","status":"publish","type":"product","link":"https:\/\/www.claret.cat\/es\/libro\/exclosos-per-que-9788472639959\/","title":{"rendered":"EXCLOSOS&#8230; PER QU\u00c8?"},"content":{"rendered":"<p>Rom\u00e0 Fortuny relata la hist\u00f2ria de la formaci\u00f3 d&#8217;Engrunes. Una experi\u00e8ncia feta a la llum d&#8217;una reflexi\u00f3 des de la vida i des del compartir amb els m\u00e9s pobres i amb els exclosos.<br \/>Bartomeu Ben\u00e0ssar proposa una reflexi\u00f3 cristiana en i per la societat opulenta en qu\u00e8 vivim.<\/p>\n","protected":false},"excerpt":{"rendered":"<p>FORTUNY, ROMA &#8211; BENNASSAR<\/p>\n","protected":false},"featured_media":351681,"template":"","meta":{"_acf_changed":false,"om_disable_all_campaigns":false,"rs_blank_template":"","rs_page_bg_color":"","slide_template_v7":"","inline_featured_image":false,"_monsterinsights_skip_tracking":false,"_monsterinsights_sitenote_active":false,"_monsterinsights_sitenote_note":"","_monsterinsights_sitenote_category":0},"product_brand":[],"product_cat":[581,491,241,437,163],"product_tag":[],"class_list":{"0":"post-29044","1":"product","2":"type-product","3":"status-publish","4":"has-post-thumbnail","6":"product_cat-editorial-claret","7":"product_cat-testimonios","8":"product_cat-testimonis","9":"product_cat-valores-y-convivencia","10":"product_cat-valors-i-convivencia","12":"first","13":"instock","14":"taxable","15":"shipping-taxable","16":"purchasable","17":"product-type-simple"},"acf":{"autor":"FORTUNY, ROMA - BENNASSAR","codart":"847263995","libros-coleccion":"ELS DAUS","ediciones":"1","encuadernacion":"R\u00fastica","fecha_de_publicacion":"01\/03\/1996","novedad":"0","paginas":"192","subtitulo":"\u00abENGRUNES\u00bb, UNA EXPERI\u00c8NCIA INTEGRADORA","orden":"999","portada":"0","idioma":"cat","editorial":[{"ID":6158,"post_author":"3","post_date":"2022-07-28 17:46:08","post_date_gmt":"2022-07-28 15:46:08","post_content":"","post_title":"CLARET","post_excerpt":"","post_status":"publish","comment_status":"closed","ping_status":"closed","post_password":"","post_name":"claret","to_ping":"","pinged":"","post_modified":"2022-07-28 17:46:08","post_modified_gmt":"2022-07-28 15:46:08","post_content_filtered":"","post_parent":0,"guid":"http:\/\/dev.claret.cat\/editorial\/claret\/","menu_order":0,"post_type":"editorial","post_mime_type":"","comment_count":"0","filter":"raw"}],"autores-libros":[{"ID":151397,"post_author":"3","post_date":"2022-10-14 14:40:33","post_date_gmt":"2022-10-14 12:40:33","post_content":"","post_title":"BARTOMEU BEN\u00c0SSAR VICENS","post_excerpt":"","post_status":"publish","comment_status":"closed","ping_status":"closed","post_password":"","post_name":"bartomeu-benassar-vicens","to_ping":"","pinged":"","post_modified":"2022-10-14 14:40:33","post_modified_gmt":"2022-10-14 12:40:33","post_content_filtered":"","post_parent":0,"guid":"http:\/\/dev.claret.cat\/autor\/bartomeu-benassar-vicens\/","menu_order":0,"post_type":"autor","post_mime_type":"","comment_count":"0","filter":"raw"},{"ID":168412,"post_author":"3","post_date":"2022-10-14 18:19:01","post_date_gmt":"2022-10-14 16:19:01","post_content":"","post_title":"ROM\u00c0 FORTUNY PONZ","post_excerpt":"","post_status":"publish","comment_status":"closed","ping_status":"closed","post_password":"","post_name":"roma-fortuny-ponz","to_ping":"","pinged":"","post_modified":"2022-10-14 18:19:01","post_modified_gmt":"2022-10-14 16:19:01","post_content_filtered":"","post_parent":0,"guid":"http:\/\/dev.claret.cat\/autor\/roma-fortuny-ponz\/","menu_order":0,"post_type":"autor","post_mime_type":"","comment_count":"0","filter":"raw"}],"booktrailer":"","resenas":""},"aioseo_notices":[],"_links":{"self":[{"href":"https:\/\/www.claret.cat\/es\/wp-json\/wp\/v2\/product\/29044","targetHints":{"allow":["GET"]}}],"collection":[{"href":"https:\/\/www.claret.cat\/es\/wp-json\/wp\/v2\/product"}],"about":[{"href":"https:\/\/www.claret.cat\/es\/wp-json\/wp\/v2\/types\/product"}],"wp:featuredmedia":[{"embeddable":true,"href":"https:\/\/www.claret.cat\/es\/wp-json\/wp\/v2\/media\/351681"}],"wp:attachment":[{"href":"https:\/\/www.claret.cat\/es\/wp-json\/wp\/v2\/media?parent=29044"}],"wp:term":[{"taxonomy":"product_brand","embeddable":true,"href":"https:\/\/www.claret.cat\/es\/wp-json\/wp\/v2\/product_brand?post=29044"},{"taxonomy":"product_cat","embeddable":true,"href":"https:\/\/www.claret.cat\/es\/wp-json\/wp\/v2\/product_cat?post=29044"},{"taxonomy":"product_tag","embeddable":true,"href":"https:\/\/www.claret.cat\/es\/wp-json\/wp\/v2\/product_tag?post=29044"}],"curies":[{"name":"wp","href":"https:\/\/api.w.org\/{rel}","templated":true}]}}