{"id":290448,"date":"2022-12-10T15:50:10","date_gmt":"2022-12-10T14:50:10","guid":{"rendered":"http:\/\/dev.claret.cat\/llibre\/dios-la-amistad-y-los-pobres\/"},"modified":"2022-12-10T15:50:13","modified_gmt":"2022-12-10T14:50:13","slug":"dios-la-amistad-y-los-pobres","status":"publish","type":"product","link":"https:\/\/www.claret.cat\/es\/libro\/dios-la-amistad-y-los-pobres\/","title":{"rendered":"DIOS, LA AMISTAD Y LOS POBRES"},"content":{"rendered":"<p>A mediados de los a\u00f1os 60 del siglo pasado se mov\u00eda por el barrio bruselense de Anderlecht un joven obrero que s\u00f3lo algunos reconoc\u00edan como jesuita. Los que le trataban eran captados por su sencillez, su cercan\u00eda y su avasalladora capacidad de amistad, que desvelaba un misterio que sobrecog\u00eda y seduc\u00eda. Sin embargo, apenas nadie sab\u00eda nada de la pasi\u00f3n que se escond\u00eda en aquella vida tan cercana y corriente\u2026<br \/>Durante muchos a\u00f1os, Egide hab\u00eda ido madurando una experiencia profunda del Dios-Amor que le sumi\u00f3 cada vez m\u00e1s en la relaci\u00f3n con los amigos y fue descubri\u00e9ndole el lugar privilegiado de encuentro con Dios: la amistad con los m\u00e1s pobres. Cuando lleg\u00f3 el momento de vivir la cercan\u00eda real con los pobres de aquella \u00e9poca, los obreros, en unas condiciones laborales muy precarias, la vida en una f\u00e1brica se le convirti\u00f3 en su \u201czarza ardiente del Sina\u00ed\u201d. Porque vivi\u00f3 una experiencia m\u00edstica extraordinaria en el coraz\u00f3n de la sociedad moderna, que lamentablemente fue truncada por un accidente fortuito acaecido el 28 de diciembre de 1967.<br \/>Con todo, los apuntes \u00edntimos que Egide hab\u00eda anotado durante este per\u00edodo de s\u00f3lo dos a\u00f1os, pero de gran intensidad, ponen al descubierto una asombrosa riqueza espiritual arraigada en las relaciones de amistad y en el compromiso con los m\u00e1s pobres, proletarios e inmigrantes. Estas notas personales nos hablan tanto de la humanidad de Dios como de la grandeza de nuestra vida humana corriente. Seg\u00fan uno de sus mayores confidentes, con Egide aprendimos que uno puede tomarse unas copas con un m\u00edstico\u2026<\/p>\n","protected":false},"excerpt":{"rendered":"<p>A mediados de los a\u00f1os 60 del siglo pasado se mov\u00eda por el barrio bruselense de Anderlecht un joven obrero que s\u00f3lo algunos reconoc\u00edan como jesuita. Los que le trataban eran captados por su sencillez, su cercan\u00eda y su avasalladora capacidad de amistad, que desvelaba un misterio que sobrecog\u00eda y seduc\u00eda. Sin embargo, apenas nadie [&hellip;]<\/p>\n","protected":false},"featured_media":290449,"template":"","meta":{"_acf_changed":false,"om_disable_all_campaigns":false,"rs_blank_template":"","rs_page_bg_color":"","slide_template_v7":"","inline_featured_image":false,"_monsterinsights_skip_tracking":false,"_monsterinsights_sitenote_active":false,"_monsterinsights_sitenote_note":"","_monsterinsights_sitenote_category":0},"product_brand":[],"product_cat":[291,78,264,241],"product_tag":[],"class_list":{"0":"post-290448","1":"product","2":"type-product","3":"status-publish","4":"has-post-thumbnail","6":"product_cat-moral-social-i-politica","7":"product_cat-pastoral","8":"product_cat-socials-i-obrera","9":"product_cat-testimonis","11":"first","12":"instock","13":"taxable","14":"shipping-taxable","15":"purchasable","16":"product-type-simple"},"acf":{"subtitulo":null,"editorial":null,"autor":null,"autores-libros":null,"traductores-libros":null,"ilustradores-libros":null,"fecha_de_publicacion":null,"libros-coleccion":null,"paginas":null,"encuadernacion":null,"ediciones":null,"formato":null,"idioma":null,"linkebook":null,"precioebook":null,"ebookportada":null,"ficha":null,"muestra":null,"presentacion":null,"booktrailer":null,"resenas":null,"codart":null,"portada":null,"orden":null,"novedad":null,"recomendamos":null,"mas_vendido":null},"aioseo_notices":[],"_links":{"self":[{"href":"https:\/\/www.claret.cat\/es\/wp-json\/wp\/v2\/product\/290448","targetHints":{"allow":["GET"]}}],"collection":[{"href":"https:\/\/www.claret.cat\/es\/wp-json\/wp\/v2\/product"}],"about":[{"href":"https:\/\/www.claret.cat\/es\/wp-json\/wp\/v2\/types\/product"}],"wp:featuredmedia":[{"embeddable":true,"href":"https:\/\/www.claret.cat\/es\/wp-json\/wp\/v2\/media\/290449"}],"wp:attachment":[{"href":"https:\/\/www.claret.cat\/es\/wp-json\/wp\/v2\/media?parent=290448"}],"wp:term":[{"taxonomy":"product_brand","embeddable":true,"href":"https:\/\/www.claret.cat\/es\/wp-json\/wp\/v2\/product_brand?post=290448"},{"taxonomy":"product_cat","embeddable":true,"href":"https:\/\/www.claret.cat\/es\/wp-json\/wp\/v2\/product_cat?post=290448"},{"taxonomy":"product_tag","embeddable":true,"href":"https:\/\/www.claret.cat\/es\/wp-json\/wp\/v2\/product_tag?post=290448"}],"curies":[{"name":"wp","href":"https:\/\/api.w.org\/{rel}","templated":true}]}}