{"id":290536,"date":"2022-12-10T16:50:26","date_gmt":"2022-12-10T15:50:26","guid":{"rendered":"http:\/\/dev.claret.cat\/llibre\/encuentra-tu-equilibrio-interior\/"},"modified":"2025-10-02T19:50:16","modified_gmt":"2025-10-02T17:50:16","slug":"encuentra-tu-equilibrio-interior-9788429317381","status":"publish","type":"product","link":"https:\/\/www.claret.cat\/es\/libro\/encuentra-tu-equilibrio-interior-9788429317381\/","title":{"rendered":"ENCUENTRA TU EQUILIBRIO INTERIOR"},"content":{"rendered":"<p>Este libro es una peque\u00f1a escuela de vida que pretende responder a estas preguntas, y para ello nos propone algunas claves:  \u2013Permanece abierto a todo cuanto salga a tu encuentro, pero sigue tu propia estrella. \u2013 Busca la energ\u00eda interior en la entrega, no en el ego. \u2013Asume tus responsabilidades y fomenta las posibilidades de vida de los dem\u00e1s. \u2013Vive tus valores, pero no valores a los otros. \u2013Lucha por tus metas, pero busca tambi\u00e9n la paz. \u2013P\u00f3rtate bien contigo mismo y abre tu coraz\u00f3n a los dem\u00e1s. \u2013Acepta que eres finito, pero no olvides que eres amado infinitamente. \u2013Y siente todos los d\u00edas la ligereza y la alegr\u00eda de vivir.<\/p>\n","protected":false},"excerpt":{"rendered":"<p>GR\u00dcN, ANSELM<\/p>\n","protected":false},"featured_media":339744,"template":"","meta":{"_acf_changed":false,"om_disable_all_campaigns":false,"rs_blank_template":"","rs_page_bg_color":"","slide_template_v7":"","inline_featured_image":false,"_monsterinsights_skip_tracking":false,"_monsterinsights_sitenote_active":false,"_monsterinsights_sitenote_note":"","_monsterinsights_sitenote_category":0},"product_brand":[],"product_cat":[90,540],"product_tag":[],"class_list":{"0":"post-290536","1":"product","2":"type-product","3":"status-publish","4":"has-post-thumbnail","6":"product_cat-altres","7":"product_cat-otros","9":"first","10":"instock","11":"taxable","12":"shipping-taxable","13":"purchasable","14":"product-type-simple"},"acf":{"autor":"GR\u00dcN, ANSELM","codart":"842931738","libros-coleccion":"","ediciones":"1","encuadernacion":"R\u00fastica","fecha_de_publicacion":"16\/01\/2008","novedad":"0","paginas":"152","subtitulo":"","orden":"999","portada":"0","idioma":"spa","editorial":[{"ID":6351,"post_author":"3","post_date":"2022-07-28 17:50:19","post_date_gmt":"2022-07-28 15:50:19","post_content":"","post_title":"Sal Terrae","post_excerpt":"","post_status":"publish","comment_status":"closed","ping_status":"closed","post_password":"","post_name":"sal-terrae","to_ping":"","pinged":"","post_modified":"2022-07-28 17:50:19","post_modified_gmt":"2022-07-28 15:50:19","post_content_filtered":"","post_parent":0,"guid":"http:\/\/dev.claret.cat\/editorial\/sal-terrae\/","menu_order":0,"post_type":"editorial","post_mime_type":"","comment_count":"0","filter":"raw"}],"autores-libros":[{"ID":157153,"post_author":"3","post_date":"2022-10-14 15:26:32","post_date_gmt":"2022-10-14 13:26:32","post_content":"","post_title":"GR\u00dcN, ANSELM","post_excerpt":"","post_status":"publish","comment_status":"closed","ping_status":"closed","post_password":"","post_name":"grun-anselm-2","to_ping":"","pinged":"","post_modified":"2022-10-14 15:26:32","post_modified_gmt":"2022-10-14 13:26:32","post_content_filtered":"","post_parent":0,"guid":"http:\/\/dev.claret.cat\/autor\/grun-anselm-2\/","menu_order":0,"post_type":"autor","post_mime_type":"","comment_count":"0","filter":"raw"}],"booktrailer":"","resenas":""},"aioseo_notices":[],"_links":{"self":[{"href":"https:\/\/www.claret.cat\/es\/wp-json\/wp\/v2\/product\/290536","targetHints":{"allow":["GET"]}}],"collection":[{"href":"https:\/\/www.claret.cat\/es\/wp-json\/wp\/v2\/product"}],"about":[{"href":"https:\/\/www.claret.cat\/es\/wp-json\/wp\/v2\/types\/product"}],"wp:featuredmedia":[{"embeddable":true,"href":"https:\/\/www.claret.cat\/es\/wp-json\/wp\/v2\/media\/339744"}],"wp:attachment":[{"href":"https:\/\/www.claret.cat\/es\/wp-json\/wp\/v2\/media?parent=290536"}],"wp:term":[{"taxonomy":"product_brand","embeddable":true,"href":"https:\/\/www.claret.cat\/es\/wp-json\/wp\/v2\/product_brand?post=290536"},{"taxonomy":"product_cat","embeddable":true,"href":"https:\/\/www.claret.cat\/es\/wp-json\/wp\/v2\/product_cat?post=290536"},{"taxonomy":"product_tag","embeddable":true,"href":"https:\/\/www.claret.cat\/es\/wp-json\/wp\/v2\/product_tag?post=290536"}],"curies":[{"name":"wp","href":"https:\/\/api.w.org\/{rel}","templated":true}]}}