{"id":290543,"date":"2022-12-10T16:50:40","date_gmt":"2022-12-10T15:50:40","guid":{"rendered":"http:\/\/dev.claret.cat\/llibre\/habitar-en-el-misterio\/"},"modified":"2024-05-24T09:03:57","modified_gmt":"2024-05-24T07:03:57","slug":"habitar-en-el-misterio-9788429317411","status":"publish","type":"product","link":"https:\/\/www.claret.cat\/es\/libro\/habitar-en-el-misterio-9788429317411\/","title":{"rendered":"HABITAR EN EL MISTERIO"},"content":{"rendered":"<p>Hemos de resolver los problemas lo mejor que podamos. Pero los misterios debemos respetarlos y habitar en ellos. El ser humano es problem\u00e1tico en algunos aspectos, pero a la vez es tambi\u00e9n profundamente misterioso. Son muchas las ciencias que tratan de resolver los problemas humanos. La contemplaci\u00f3n, en cambio, quiere abrirnos al inagotable Misterio del ser humano, con el fin de encontrar en \u00e9l aceptaci\u00f3n y fuerza, sabidur\u00eda y esperanza&#8230; e incluso un hogar. Esto implica tanto un don como una tarea. El misterio de la persona humana est\u00e1 completamente enraizado en el misterio de Dios, que es m\u00e1s \u00edntimo y est\u00e1 m\u00e1s cerca de nosotros que nosotros mismos, al tiempo que nos sobrepasa infinitamente.<br \/>La Biblia nos proporciona una gran ayuda para adentrarnos m\u00e1s en Dios y en nosotros mismos. Los siete cap\u00edtulos de este libro, otras tantas meditaciones b\u00edblicas, presentan parte de esa ayuda y giran en torno al misterio de c\u00f3mo podemos encontrar a Dios en nosotros y c\u00f3mo podemos encontrarnos en \u00e9l, para llegar a ser quienes somos.<\/p>\n","protected":false},"excerpt":{"rendered":"<p>BREEMEN, S.J., PIET VAN<\/p>\n","protected":false},"featured_media":344224,"template":"","meta":{"_acf_changed":false,"om_disable_all_campaigns":false,"rs_blank_template":"","rs_page_bg_color":"","slide_template_v7":"","inline_featured_image":false,"_monsterinsights_skip_tracking":false,"_monsterinsights_sitenote_active":false,"_monsterinsights_sitenote_note":"","_monsterinsights_sitenote_category":0},"product_brand":[],"product_cat":[345,79],"product_tag":[],"class_list":{"0":"post-290543","1":"product","2":"type-product","3":"status-publish","4":"has-post-thumbnail","6":"product_cat-espiritualidad","7":"product_cat-espiritualitat","9":"first","10":"instock","11":"taxable","12":"shipping-taxable","13":"purchasable","14":"product-type-simple"},"acf":{"autor":"BREEMEN, S.J., PIET VAN","codart":"842931741","libros-coleccion":"ST Breve","ediciones":"1","encuadernacion":"R\u00fastica","fecha_de_publicacion":"11\/02\/2008","novedad":"0","paginas":"88","subtitulo":"","orden":"0","portada":"0","idioma":"spa","editorial":[{"ID":6351,"post_author":"3","post_date":"2022-07-28 17:50:19","post_date_gmt":"2022-07-28 15:50:19","post_content":"","post_title":"Sal Terrae","post_excerpt":"","post_status":"publish","comment_status":"closed","ping_status":"closed","post_password":"","post_name":"sal-terrae","to_ping":"","pinged":"","post_modified":"2022-07-28 17:50:19","post_modified_gmt":"2022-07-28 15:50:19","post_content_filtered":"","post_parent":0,"guid":"http:\/\/dev.claret.cat\/editorial\/sal-terrae\/","menu_order":0,"post_type":"editorial","post_mime_type":"","comment_count":"0","filter":"raw"}],"autores-libros":[{"ID":167281,"post_author":"3","post_date":"2022-10-14 18:09:58","post_date_gmt":"2022-10-14 16:09:58","post_content":"","post_title":"PIET VAN BREEMEN, S.J.","post_excerpt":"","post_status":"publish","comment_status":"closed","ping_status":"closed","post_password":"","post_name":"piet-van-breemen-s-j","to_ping":"","pinged":"","post_modified":"2022-10-14 18:09:58","post_modified_gmt":"2022-10-14 16:09:58","post_content_filtered":"","post_parent":0,"guid":"http:\/\/dev.claret.cat\/autor\/piet-van-breemen-s-j\/","menu_order":0,"post_type":"autor","post_mime_type":"","comment_count":"0","filter":"raw"}]},"aioseo_notices":[],"_links":{"self":[{"href":"https:\/\/www.claret.cat\/es\/wp-json\/wp\/v2\/product\/290543","targetHints":{"allow":["GET"]}}],"collection":[{"href":"https:\/\/www.claret.cat\/es\/wp-json\/wp\/v2\/product"}],"about":[{"href":"https:\/\/www.claret.cat\/es\/wp-json\/wp\/v2\/types\/product"}],"wp:featuredmedia":[{"embeddable":true,"href":"https:\/\/www.claret.cat\/es\/wp-json\/wp\/v2\/media\/344224"}],"wp:attachment":[{"href":"https:\/\/www.claret.cat\/es\/wp-json\/wp\/v2\/media?parent=290543"}],"wp:term":[{"taxonomy":"product_brand","embeddable":true,"href":"https:\/\/www.claret.cat\/es\/wp-json\/wp\/v2\/product_brand?post=290543"},{"taxonomy":"product_cat","embeddable":true,"href":"https:\/\/www.claret.cat\/es\/wp-json\/wp\/v2\/product_cat?post=290543"},{"taxonomy":"product_tag","embeddable":true,"href":"https:\/\/www.claret.cat\/es\/wp-json\/wp\/v2\/product_tag?post=290543"}],"curies":[{"name":"wp","href":"https:\/\/api.w.org\/{rel}","templated":true}]}}