{"id":290596,"date":"2022-12-10T17:10:09","date_gmt":"2022-12-10T16:10:09","guid":{"rendered":"http:\/\/dev.claret.cat\/llibre\/elhimno-al-amor-de-san-pablo\/"},"modified":"2025-07-30T13:51:08","modified_gmt":"2025-07-30T11:51:08","slug":"elhimno-al-amor-de-san-pablo-9788429317701","status":"publish","type":"product","link":"https:\/\/www.claret.cat\/es\/libro\/elhimno-al-amor-de-san-pablo-9788429317701\/","title":{"rendered":"EL\u00abHIMNO AL AMOR\u00bb DE SAN PABLO"},"content":{"rendered":"<p>\u00abTe deseo que tengas una y otra vez la feliz experiencia de que hay en ti una fuente de amor que no se agota, porque es divina, y que entres continuamente en contacto con ese amor. Te deseo que sientas el fuego del amor que penetra en tu cuerpo y en tu alma, que infunde calor a todo lo que hay en ti y que da calidez tambi\u00e9n a tu lenguaje. Y te deseo que no tengas s\u00f3lo la experiencia del amor divino, sino que tambi\u00e9n puedas experimentar el regalo del amor humano. Porque la fuente del amor en nosotros s\u00f3lo est\u00e1 viva si mana continuamente gracias a la vivencia del amor humano. Y el fuego del amor s\u00f3lo puede dar calor a todo lo que hay en nosotros si est\u00e1 avivado por el encuentro con personas que est\u00e1n llenas de amor\u00bb.<br \/>Los seres humanos de todos los tiempos han expresado su deseo de amor por medio de canciones e im\u00e1genes.<br \/>El Himno al amor de san Pablo en la Primera Carta a los Corintios es uno de los pasajes m\u00e1s conocidos de la Biblia. Tambi\u00e9n en el Cantar de los Cantares del Antiguo Testamento se refleja en un lenguaje po\u00e9tico y sensual el deseo de amor que habita en todas las personas.<br \/>Anselm Gr\u00fcn interpreta estos textos cl\u00e1sicos para nuestro tiempo y sostiene que la fuerza sanadora del amor es lo que enriquece y da plenitud a nuestra vida, ya sea en la experiencia de amistad, en el matrimonio o en la relaci\u00f3n con Dios<\/p>\n","protected":false},"excerpt":{"rendered":"<p>GR\u00dcN, ANSELM<\/p>\n","protected":false},"featured_media":341020,"template":"","meta":{"_acf_changed":false,"om_disable_all_campaigns":false,"rs_blank_template":"","rs_page_bg_color":"","slide_template_v7":"","inline_featured_image":false,"_monsterinsights_skip_tracking":false,"_monsterinsights_sitenote_active":false,"_monsterinsights_sitenote_note":"","_monsterinsights_sitenote_category":0},"product_brand":[],"product_cat":[467,206,497,248,396,247,394,236],"product_tag":[],"class_list":{"0":"post-290596","1":"product","2":"type-product","3":"status-publish","4":"has-post-thumbnail","6":"product_cat-epistolas-de-san-pablo","7":"product_cat-epistoles-de-sant-pau","8":"product_cat-meditaciones","9":"product_cat-meditacions","10":"product_cat-oracion","11":"product_cat-pregaria","12":"product_cat-vida-cotidiana","13":"product_cat-vida-quotidiana","15":"first","16":"instock","17":"taxable","18":"shipping-taxable","19":"purchasable","20":"product-type-simple"},"acf":{"editorial":[{"ID":6351,"post_author":"3","post_date":"2022-07-28 17:50:19","post_date_gmt":"2022-07-28 15:50:19","post_content":"","post_title":"Sal Terrae","post_excerpt":"","post_status":"publish","comment_status":"closed","ping_status":"closed","post_password":"","post_name":"sal-terrae","to_ping":"","pinged":"","post_modified":"2022-07-28 17:50:19","post_modified_gmt":"2022-07-28 15:50:19","post_content_filtered":"","post_parent":0,"guid":"http:\/\/dev.claret.cat\/editorial\/sal-terrae\/","menu_order":0,"post_type":"editorial","post_mime_type":"","comment_count":"0","filter":"raw"}],"autores-libros":[{"ID":5522,"post_author":"3","post_date":"2022-07-28 17:25:48","post_date_gmt":"2022-07-28 15:25:48","post_content":"","post_title":"GR\u00dcN, ANSELM","post_excerpt":"","post_status":"publish","comment_status":"closed","ping_status":"closed","post_password":"","post_name":"grun-anselm","to_ping":"","pinged":"","post_modified":"2022-07-28 17:25:48","post_modified_gmt":"2022-07-28 15:25:48","post_content_filtered":"","post_parent":0,"guid":"http:\/\/dev.claret.cat\/autor\/grun-anselm\/","menu_order":0,"post_type":"autor","post_mime_type":"","comment_count":"0","filter":"raw"}],"autor":"GR\u00dcN, ANSELM","codart":"842931770","libros-coleccion":"El Pozo de Siquem","ediciones":"1","encuadernacion":"R\u00fastica","fecha_de_publicacion":"16\/09\/2008","novedad":"0","paginas":"144","subtitulo":"","orden":"999","portada":"0","idioma":"spa","booktrailer":"","resenas":""},"aioseo_notices":[],"_links":{"self":[{"href":"https:\/\/www.claret.cat\/es\/wp-json\/wp\/v2\/product\/290596","targetHints":{"allow":["GET"]}}],"collection":[{"href":"https:\/\/www.claret.cat\/es\/wp-json\/wp\/v2\/product"}],"about":[{"href":"https:\/\/www.claret.cat\/es\/wp-json\/wp\/v2\/types\/product"}],"wp:featuredmedia":[{"embeddable":true,"href":"https:\/\/www.claret.cat\/es\/wp-json\/wp\/v2\/media\/341020"}],"wp:attachment":[{"href":"https:\/\/www.claret.cat\/es\/wp-json\/wp\/v2\/media?parent=290596"}],"wp:term":[{"taxonomy":"product_brand","embeddable":true,"href":"https:\/\/www.claret.cat\/es\/wp-json\/wp\/v2\/product_brand?post=290596"},{"taxonomy":"product_cat","embeddable":true,"href":"https:\/\/www.claret.cat\/es\/wp-json\/wp\/v2\/product_cat?post=290596"},{"taxonomy":"product_tag","embeddable":true,"href":"https:\/\/www.claret.cat\/es\/wp-json\/wp\/v2\/product_tag?post=290596"}],"curies":[{"name":"wp","href":"https:\/\/api.w.org\/{rel}","templated":true}]}}