{"id":290790,"date":"2022-12-10T18:50:54","date_gmt":"2022-12-10T17:50:54","guid":{"rendered":"http:\/\/dev.claret.cat\/llibre\/mi-ser-querido-tiene-alzheimer\/"},"modified":"2026-01-26T19:31:40","modified_gmt":"2026-01-26T18:31:40","slug":"mi-ser-querido-tiene-alzheimer-9788429318494","status":"publish","type":"product","link":"https:\/\/www.claret.cat\/es\/libro\/mi-ser-querido-tiene-alzheimer-9788429318494\/","title":{"rendered":"MI SER QUERIDO TIENE ALZH\u00c9IMER"},"content":{"rendered":"<p>Sentimos impotencia, se nos encoge el coraz\u00f3n, se nos hace un nudo en la garganta y perdemos la paciencia cuando un ser querido padece alzh\u00e9imer o es objeto de nuestros cuidados profesionales. Quiz\u00e1 pensamos que deber\u00edan habernos dado un manual para la situaci\u00f3n, por lo complicada que nos resulta personal y relacionalmente. A veces reaccionamos de manera espont\u00e1nea: \u00abSe acuerda de lo que quiere\u00bb: o bien nos cansamos de estimular a la persona en el nivel cognitivo y afectivo&#8230; o nos entregamos en exceso a su cuidado. Cuando aparecen los primeros s\u00edntomas de la enfermedad, no sabemos si dec\u00edrselo: nosotros mismos nos negamos y resistimos a aceptar que es una enfermedad y no un mero despiste o una man\u00eda&#8230; Estas y otras situaciones generan en las familias problemas muy concretos que necesitan ser iluminados y acompa\u00f1ados. Sue\u00f1o con ver este libro en manos de familiares de enfermos de alzh\u00e9imer, as\u00ed como en manos de cuidadores. Deseo que sientan que estas p\u00e1ginas reflejan un poco de comprensi\u00f3n ante lo que est\u00e1n viviendo. Conf\u00edo en que sean \u00fatiles para responder a inquietudes y necesidades de estrategias, para vivir sanamente los l\u00edmites que nos impone la naturaleza humana y para humanizar la atenci\u00f3n a las personas con alzh\u00e9imer. JOS\u00c9 CARLOS BERMEJO es religioso camilo, doctor en teolog\u00eda pastoral sanitaria, m\u00e1ster en bio\u00e9tica y counselling, temas sobre los que ha escrito numerosos libros. Es adem\u00e1s director del Centro San Camilo (Centro Asistencialy Centro de Humanizaci\u00f3n de la Salud) en Tres Cantos (Madrid) y profesor en varias universidades de Espa\u00f1a, Italia, Portugal y Chile.<\/p>\n","protected":false},"excerpt":{"rendered":"<p>BERMEJO, JOS\u00c9 CARLOS<\/p>\n","protected":false},"featured_media":1078248,"template":"","meta":{"_acf_changed":false,"om_disable_all_campaigns":false,"rs_blank_template":"","rs_page_bg_color":"","slide_template_v7":"","inline_featured_image":false,"_monsterinsights_skip_tracking":false,"_monsterinsights_sitenote_active":false,"_monsterinsights_sitenote_note":"","_monsterinsights_sitenote_category":0},"product_brand":[],"product_cat":[344,78,547,97],"product_tag":[],"class_list":{"0":"post-290790","1":"product","2":"type-product","3":"status-publish","4":"has-post-thumbnail","6":"product_cat-pastoral-1_espiritualidad","7":"product_cat-pastoral","8":"product_cat-salud","9":"product_cat-salut","11":"first","12":"instock","13":"taxable","14":"shipping-taxable","15":"purchasable","16":"product-type-simple"},"acf":{"editorial":[{"ID":6351,"post_author":"3","post_date":"2022-07-28 17:50:19","post_date_gmt":"2022-07-28 15:50:19","post_content":"","post_title":"Sal Terrae","post_excerpt":"","post_status":"publish","comment_status":"closed","ping_status":"closed","post_password":"","post_name":"sal-terrae","to_ping":"","pinged":"","post_modified":"2022-07-28 17:50:19","post_modified_gmt":"2022-07-28 15:50:19","post_content_filtered":"","post_parent":0,"guid":"http:\/\/dev.claret.cat\/editorial\/sal-terrae\/","menu_order":0,"post_type":"editorial","post_mime_type":"","comment_count":"0","filter":"raw"}],"autores-libros":[{"ID":5637,"post_author":"3","post_date":"2022-07-28 17:28:16","post_date_gmt":"2022-07-28 15:28:16","post_content":"","post_title":"JOS\u00c9 CARLOS BERMEJO","post_excerpt":"","post_status":"publish","comment_status":"closed","ping_status":"closed","post_password":"","post_name":"jose-carlos-bermejo","to_ping":"","pinged":"","post_modified":"2022-07-28 17:28:16","post_modified_gmt":"2022-07-28 15:28:16","post_content_filtered":"","post_parent":0,"guid":"http:\/\/dev.claret.cat\/autor\/jose-carlos-bermejo\/","menu_order":0,"post_type":"autor","post_mime_type":"","comment_count":"0","filter":"raw"}],"autor":"BERMEJO, JOS\u00c9 CARLOS","codart":"842931849","libros-coleccion":"","ediciones":"1","encuadernacion":"R\u00fastica","fecha_de_publicacion":"10\/02\/2010","novedad":"0","paginas":"165","subtitulo":"C\u00d3MO PONER EL CORAZ\u00d3N EN LAS MANOS","orden":"999","portada":"0","idioma":"spa","booktrailer":"","resenas":""},"aioseo_notices":[],"_links":{"self":[{"href":"https:\/\/www.claret.cat\/es\/wp-json\/wp\/v2\/product\/290790","targetHints":{"allow":["GET"]}}],"collection":[{"href":"https:\/\/www.claret.cat\/es\/wp-json\/wp\/v2\/product"}],"about":[{"href":"https:\/\/www.claret.cat\/es\/wp-json\/wp\/v2\/types\/product"}],"wp:featuredmedia":[{"embeddable":true,"href":"https:\/\/www.claret.cat\/es\/wp-json\/wp\/v2\/media\/1078248"}],"wp:attachment":[{"href":"https:\/\/www.claret.cat\/es\/wp-json\/wp\/v2\/media?parent=290790"}],"wp:term":[{"taxonomy":"product_brand","embeddable":true,"href":"https:\/\/www.claret.cat\/es\/wp-json\/wp\/v2\/product_brand?post=290790"},{"taxonomy":"product_cat","embeddable":true,"href":"https:\/\/www.claret.cat\/es\/wp-json\/wp\/v2\/product_cat?post=290790"},{"taxonomy":"product_tag","embeddable":true,"href":"https:\/\/www.claret.cat\/es\/wp-json\/wp\/v2\/product_tag?post=290790"}],"curies":[{"name":"wp","href":"https:\/\/api.w.org\/{rel}","templated":true}]}}