{"id":290850,"date":"2022-12-10T19:11:54","date_gmt":"2022-12-10T18:11:54","guid":{"rendered":"http:\/\/dev.claret.cat\/llibre\/caminar-sobre-las-aguas\/"},"modified":"2024-05-24T08:48:58","modified_gmt":"2024-05-24T06:48:58","slug":"caminar-sobre-las-aguas-9788429318777","status":"publish","type":"product","link":"https:\/\/www.claret.cat\/es\/libro\/caminar-sobre-las-aguas-9788429318777\/","title":{"rendered":"CAMINAR SOBRE LAS AGUAS"},"content":{"rendered":"<p>Constatamos que valores, instituciones y pertenencias que se mostraban seguros hoy se han vuelto inconsistentes, cambian con rapidez y sin parar. La realidad fluye bajo nuestros pies. Vivimos en un \u00abmundo l\u00edquido\u00bb. Puede invadirnos una sensaci\u00f3n de v\u00e9rtigo, confusi\u00f3n y miedo. Como los disc\u00edpulos en medio de la noche del lago de Galilea, vemos nuestra peque\u00f1a barca amenazada por las olas. Cuando descubrimos a Jes\u00fas caminando sobre las aguas, y \u00e9l sube a nuestra barca, entonces podemos navegar hacia la tierra firme, donde se construye el reino de Dios. No basta con decir que en este contexto necesitamos una asc\u00e9tica que nos haga disponibles y una m\u00edstica que nos permita encontrarnos con Dios en una experiencia integradora de nuestra persona y que nos integre en la realidad que \u00c9l ama y recrea sin receso. Este libro intenta describir los rasgos de esta experiencia in\u00e9dita y trazar el itinerario que nos conduce hacia ella. Tambi\u00e9n nosotros podremos caminar sobre la aguas, como Jes\u00fas.<\/p>\n","protected":false},"excerpt":{"rendered":"<p>GONZ\u00c1LEZ BUELTA, BENJAM\u00cdN<\/p>\n","protected":false},"featured_media":374619,"template":"","meta":{"_acf_changed":false,"om_disable_all_campaigns":false,"rs_blank_template":"","rs_page_bg_color":"","slide_template_v7":"","inline_featured_image":false,"_monsterinsights_skip_tracking":false,"_monsterinsights_sitenote_active":false,"_monsterinsights_sitenote_note":"","_monsterinsights_sitenote_category":0},"product_brand":[],"product_cat":[90,540],"product_tag":[],"class_list":{"0":"post-290850","1":"product","2":"type-product","3":"status-publish","4":"has-post-thumbnail","6":"product_cat-altres","7":"product_cat-otros","9":"first","10":"instock","11":"taxable","12":"shipping-taxable","13":"purchasable","14":"product-type-simple"},"acf":{"autor":"GONZ\u00c1LEZ BUELTA, BENJAM\u00cdN","codart":"842931877","libros-coleccion":"","ediciones":"1","encuadernacion":"R\u00fastica","fecha_de_publicacion":"06\/09\/2010","novedad":"0","paginas":"205","subtitulo":"NUEVA CULTURA, M\u00cdSTICA Y ASC\u00c9TICA","orden":"999","portada":"0","idioma":"spa","editorial":[{"ID":6351,"post_author":"3","post_date":"2022-07-28 17:50:19","post_date_gmt":"2022-07-28 15:50:19","post_content":"","post_title":"Sal Terrae","post_excerpt":"","post_status":"publish","comment_status":"closed","ping_status":"closed","post_password":"","post_name":"sal-terrae","to_ping":"","pinged":"","post_modified":"2022-07-28 17:50:19","post_modified_gmt":"2022-07-28 15:50:19","post_content_filtered":"","post_parent":0,"guid":"http:\/\/dev.claret.cat\/editorial\/sal-terrae\/","menu_order":0,"post_type":"editorial","post_mime_type":"","comment_count":"0","filter":"raw"}],"autores-libros":[{"ID":151571,"post_author":"3","post_date":"2022-10-14 14:41:56","post_date_gmt":"2022-10-14 12:41:56","post_content":"","post_title":"BENJAMIN GONZALEZ BUELTA, SJ","post_excerpt":"","post_status":"publish","comment_status":"closed","ping_status":"closed","post_password":"","post_name":"benjamin-gonzalez-buelta-sj","to_ping":"","pinged":"","post_modified":"2022-10-14 14:41:56","post_modified_gmt":"2022-10-14 12:41:56","post_content_filtered":"","post_parent":0,"guid":"http:\/\/dev.claret.cat\/autor\/benjamin-gonzalez-buelta-sj\/","menu_order":0,"post_type":"autor","post_mime_type":"","comment_count":"0","filter":"raw"}]},"aioseo_notices":[],"_links":{"self":[{"href":"https:\/\/www.claret.cat\/es\/wp-json\/wp\/v2\/product\/290850","targetHints":{"allow":["GET"]}}],"collection":[{"href":"https:\/\/www.claret.cat\/es\/wp-json\/wp\/v2\/product"}],"about":[{"href":"https:\/\/www.claret.cat\/es\/wp-json\/wp\/v2\/types\/product"}],"wp:featuredmedia":[{"embeddable":true,"href":"https:\/\/www.claret.cat\/es\/wp-json\/wp\/v2\/media\/374619"}],"wp:attachment":[{"href":"https:\/\/www.claret.cat\/es\/wp-json\/wp\/v2\/media?parent=290850"}],"wp:term":[{"taxonomy":"product_brand","embeddable":true,"href":"https:\/\/www.claret.cat\/es\/wp-json\/wp\/v2\/product_brand?post=290850"},{"taxonomy":"product_cat","embeddable":true,"href":"https:\/\/www.claret.cat\/es\/wp-json\/wp\/v2\/product_cat?post=290850"},{"taxonomy":"product_tag","embeddable":true,"href":"https:\/\/www.claret.cat\/es\/wp-json\/wp\/v2\/product_tag?post=290850"}],"curies":[{"name":"wp","href":"https:\/\/api.w.org\/{rel}","templated":true}]}}