{"id":290918,"date":"2022-12-10T19:30:47","date_gmt":"2022-12-10T18:30:47","guid":{"rendered":"http:\/\/dev.claret.cat\/llibre\/vive-agradeciendo\/"},"modified":"2026-01-19T16:21:00","modified_gmt":"2026-01-19T15:21:00","slug":"vive-agradeciendo-9788429319088","status":"publish","type":"product","link":"https:\/\/www.claret.cat\/es\/libro\/vive-agradeciendo-9788429319088\/","title":{"rendered":"VIVE AGRADECIENDO"},"content":{"rendered":"<p>Sin incurrir en sentimentalismos ni trivialidades de ning\u00fan tipo, Chittister y Williams muestran c\u00f3mo es posible, con absoluto realismo, asombrarse y prorrumpir en alabanzas ante cuanto ocurre en la vida diaria, a menudo incierta o desalentadora. Sus reflexiones tienen su origen en el convencimiento de que Dios es bueno, y que todo en la vida \u2013incluyendo la duda, la muerte, el conflicto, la riqueza&#8230;\u2013 contribuye a su manera a dar vida.<br \/>El sufrimiento, por ejemplo, nos llama a una nueva forma de ser, constituye el fundamento de la compasi\u00f3n y nos lleva mucho m\u00e1s all\u00e1 de nuestro peque\u00f1o e infradesarrollado ego. La oscuridad revela que no todo crecimiento tiene lugar a plena luz, y que Dios se sirve incluso de nuestra vulnerabilidad y falta de control.<br \/>Se trata de unas reflexiones provocadoras y a veces inc\u00f3modas que se basan en el estudio del sorprendente Dios que nos revela el G\u00e9nesis y en la visi\u00f3n del \u00c9xodo de una comunidad edificada sobre la confianza mutua. El libro invita al lector a responder pausada y reflexivamente, dando tiempo para que esta sabidur\u00eda arraigue en el alma.<br \/>JOAN CHITTISTER, OSB es una religiosa benedictina conocida en todo el mundo por sus escritos sobre espiritualidad durante m\u00e1s de treinta a\u00f1os. La \u00faltima de sus numerosas obras publicadas en esta Editorial es El A\u00f1o Lit\u00fargico: la interminable aventura de la vida espiritual.<br \/>ROWAN WILLIAMS, Arzobispo de Canterbury, ha formado parte de numerosas comisiones teol\u00f3gicas, ecum\u00e9nicas y educativas y ha escrito abundantemente sobre temas de filosof\u00eda, teolog\u00eda, espiritualidad y est\u00e9tica religiosa. Desde su nombramiento como arzobispo se ha centrado principalmente en temas culturales y de di\u00e1logo interreligioso.<\/p>\n","protected":false},"excerpt":{"rendered":"<p>CHITTISTER, JOAN. ROWAN, WILLIAM<\/p>\n","protected":false},"featured_media":1074401,"template":"","meta":{"_acf_changed":false,"om_disable_all_campaigns":false,"rs_blank_template":"","rs_page_bg_color":"","slide_template_v7":"","inline_featured_image":false,"_monsterinsights_skip_tracking":false,"_monsterinsights_sitenote_active":false,"_monsterinsights_sitenote_note":"","_monsterinsights_sitenote_category":0},"product_brand":[],"product_cat":[90,540],"product_tag":[],"class_list":{"0":"post-290918","1":"product","2":"type-product","3":"status-publish","4":"has-post-thumbnail","6":"product_cat-altres","7":"product_cat-otros","9":"first","10":"outofstock","11":"taxable","12":"shipping-taxable","13":"purchasable","14":"product-type-simple"},"acf":{"editorial":[{"ID":6351,"post_author":"3","post_date":"2022-07-28 17:50:19","post_date_gmt":"2022-07-28 15:50:19","post_content":"","post_title":"Sal Terrae","post_excerpt":"","post_status":"publish","comment_status":"closed","ping_status":"closed","post_password":"","post_name":"sal-terrae","to_ping":"","pinged":"","post_modified":"2022-07-28 17:50:19","post_modified_gmt":"2022-07-28 15:50:19","post_content_filtered":"","post_parent":0,"guid":"http:\/\/dev.claret.cat\/editorial\/sal-terrae\/","menu_order":0,"post_type":"editorial","post_mime_type":"","comment_count":"0","filter":"raw"}],"autores-libros":[{"ID":159289,"post_author":"3","post_date":"2022-10-14 15:43:37","post_date_gmt":"2022-10-14 13:43:37","post_content":"","post_title":"JOAN CHITTISTER","post_excerpt":"","post_status":"publish","comment_status":"closed","ping_status":"closed","post_password":"","post_name":"joan-chittister","to_ping":"","pinged":"","post_modified":"2022-10-14 15:43:37","post_modified_gmt":"2022-10-14 13:43:37","post_content_filtered":"","post_parent":0,"guid":"http:\/\/dev.claret.cat\/autor\/joan-chittister\/","menu_order":0,"post_type":"autor","post_mime_type":"","comment_count":"0","filter":"raw"},{"ID":168622,"post_author":"3","post_date":"2022-10-14 22:20:35","post_date_gmt":"2022-10-14 20:20:35","post_content":"","post_title":"ROWAN WILLIAMS","post_excerpt":"","post_status":"publish","comment_status":"closed","ping_status":"closed","post_password":"","post_name":"rowan-williams","to_ping":"","pinged":"","post_modified":"2022-10-14 22:20:35","post_modified_gmt":"2022-10-14 20:20:35","post_content_filtered":"","post_parent":0,"guid":"http:\/\/dev.claret.cat\/autor\/rowan-williams\/","menu_order":0,"post_type":"autor","post_mime_type":"","comment_count":"0","filter":"raw"}],"autor":"CHITTISTER, JOAN. ROWAN, WILLIAM","codart":"842931908","libros-coleccion":"","ediciones":"1","encuadernacion":"R\u00fastica","fecha_de_publicacion":"04\/03\/2011","novedad":"0","paginas":"190","subtitulo":"AHONDAR EN LA GRATITUD","orden":"999","portada":"0","idioma":"spa","booktrailer":"","resenas":""},"aioseo_notices":[],"_links":{"self":[{"href":"https:\/\/www.claret.cat\/es\/wp-json\/wp\/v2\/product\/290918","targetHints":{"allow":["GET"]}}],"collection":[{"href":"https:\/\/www.claret.cat\/es\/wp-json\/wp\/v2\/product"}],"about":[{"href":"https:\/\/www.claret.cat\/es\/wp-json\/wp\/v2\/types\/product"}],"wp:featuredmedia":[{"embeddable":true,"href":"https:\/\/www.claret.cat\/es\/wp-json\/wp\/v2\/media\/1074401"}],"wp:attachment":[{"href":"https:\/\/www.claret.cat\/es\/wp-json\/wp\/v2\/media?parent=290918"}],"wp:term":[{"taxonomy":"product_brand","embeddable":true,"href":"https:\/\/www.claret.cat\/es\/wp-json\/wp\/v2\/product_brand?post=290918"},{"taxonomy":"product_cat","embeddable":true,"href":"https:\/\/www.claret.cat\/es\/wp-json\/wp\/v2\/product_cat?post=290918"},{"taxonomy":"product_tag","embeddable":true,"href":"https:\/\/www.claret.cat\/es\/wp-json\/wp\/v2\/product_tag?post=290918"}],"curies":[{"name":"wp","href":"https:\/\/api.w.org\/{rel}","templated":true}]}}