{"id":291019,"date":"2022-12-10T20:40:08","date_gmt":"2022-12-10T19:40:08","guid":{"rendered":"http:\/\/dev.claret.cat\/llibre\/llamados-a-la-alegria-2\/"},"modified":"2024-05-24T08:40:45","modified_gmt":"2024-05-24T06:40:45","slug":"llamados-a-la-alegria-9788429319712","status":"publish","type":"product","link":"https:\/\/www.claret.cat\/es\/libro\/llamados-a-la-alegria-9788429319712\/","title":{"rendered":"LLAMADOS A LA ALEGR\u00cdA"},"content":{"rendered":"<p>Con el t\u00edtulo Llamados a la alegr\u00eda, el autor alude a unas palabras de Pablo en las que el ap\u00f3stol se califica a s\u00ed mismo de \u00abcooperador de vuestro gozo\u00bb (2 Co 1,24). Lejos de darse por satisfecho con ideas superficiales, sigue el rastro de la dimensi\u00f3n m\u00e1s profunda de la alegr\u00eda en el ejercicio del ministerio sacerdotal y en el mensaje que al sacerdote le es dado comunicar e irradiar, a pesar de la actual situaci\u00f3n de sobrecarga pastoral y cuestionamiento de la propia identidad.<\/p>\n","protected":false},"excerpt":{"rendered":"<p>AUGUSTIN, GEORGE<\/p>\n","protected":false},"featured_media":340046,"template":"","meta":{"_acf_changed":false,"om_disable_all_campaigns":false,"rs_blank_template":"","rs_page_bg_color":"","slide_template_v7":"","inline_featured_image":false,"_monsterinsights_skip_tracking":false,"_monsterinsights_sitenote_active":false,"_monsterinsights_sitenote_note":"","_monsterinsights_sitenote_category":0},"product_brand":[],"product_cat":[90,540],"product_tag":[],"class_list":{"0":"post-291019","1":"product","2":"type-product","3":"status-publish","4":"has-post-thumbnail","6":"product_cat-altres","7":"product_cat-otros","9":"first","10":"outofstock","11":"taxable","12":"shipping-taxable","13":"purchasable","14":"product-type-simple"},"acf":{"autor":"AUGUSTIN, GEORGE","codart":"842931971","libros-coleccion":"","ediciones":"1","encuadernacion":"R\u00fastica","fecha_de_publicacion":"29\/11\/2011","novedad":"0","paginas":"310","subtitulo":"EL GOZO DE SER SACERDOTE","orden":"999","portada":"0","idioma":"spa","editorial":[{"ID":6351,"post_author":"3","post_date":"2022-07-28 17:50:19","post_date_gmt":"2022-07-28 15:50:19","post_content":"","post_title":"Sal Terrae","post_excerpt":"","post_status":"publish","comment_status":"closed","ping_status":"closed","post_password":"","post_name":"sal-terrae","to_ping":"","pinged":"","post_modified":"2022-07-28 17:50:19","post_modified_gmt":"2022-07-28 15:50:19","post_content_filtered":"","post_parent":0,"guid":"http:\/\/dev.claret.cat\/editorial\/sal-terrae\/","menu_order":0,"post_type":"editorial","post_mime_type":"","comment_count":"0","filter":"raw"}],"autores-libros":[{"ID":156724,"post_author":"3","post_date":"2022-10-14 15:23:07","post_date_gmt":"2022-10-14 13:23:07","post_content":"","post_title":"GEORGE AUGUSTIN","post_excerpt":"","post_status":"publish","comment_status":"closed","ping_status":"closed","post_password":"","post_name":"george-augustin","to_ping":"","pinged":"","post_modified":"2022-10-14 15:23:07","post_modified_gmt":"2022-10-14 13:23:07","post_content_filtered":"","post_parent":0,"guid":"http:\/\/dev.claret.cat\/autor\/george-augustin\/","menu_order":0,"post_type":"autor","post_mime_type":"","comment_count":"0","filter":"raw"}]},"aioseo_notices":[],"_links":{"self":[{"href":"https:\/\/www.claret.cat\/es\/wp-json\/wp\/v2\/product\/291019","targetHints":{"allow":["GET"]}}],"collection":[{"href":"https:\/\/www.claret.cat\/es\/wp-json\/wp\/v2\/product"}],"about":[{"href":"https:\/\/www.claret.cat\/es\/wp-json\/wp\/v2\/types\/product"}],"wp:featuredmedia":[{"embeddable":true,"href":"https:\/\/www.claret.cat\/es\/wp-json\/wp\/v2\/media\/340046"}],"wp:attachment":[{"href":"https:\/\/www.claret.cat\/es\/wp-json\/wp\/v2\/media?parent=291019"}],"wp:term":[{"taxonomy":"product_brand","embeddable":true,"href":"https:\/\/www.claret.cat\/es\/wp-json\/wp\/v2\/product_brand?post=291019"},{"taxonomy":"product_cat","embeddable":true,"href":"https:\/\/www.claret.cat\/es\/wp-json\/wp\/v2\/product_cat?post=291019"},{"taxonomy":"product_tag","embeddable":true,"href":"https:\/\/www.claret.cat\/es\/wp-json\/wp\/v2\/product_tag?post=291019"}],"curies":[{"name":"wp","href":"https:\/\/api.w.org\/{rel}","templated":true}]}}