{"id":291045,"date":"2022-12-10T20:41:06","date_gmt":"2022-12-10T19:41:06","guid":{"rendered":"http:\/\/dev.claret.cat\/llibre\/sufrimiento-y-esperanza\/"},"modified":"2024-05-24T08:40:07","modified_gmt":"2024-05-24T06:40:07","slug":"sufrimiento-y-esperanza-9788429319828","status":"publish","type":"product","link":"https:\/\/www.claret.cat\/es\/libro\/sufrimiento-y-esperanza-9788429319828\/","title":{"rendered":"SUFRIMIENTO Y ESPERANZA"},"content":{"rendered":"<p>Este libro es un viaje al interior de cuantos se ven afectados por distintas vulnerabilidades f\u00edsicas, ps\u00edquicas y espirituales para las que siempre hay corazones que sean portavoces y testigos de la cercan\u00eda, la acogida y la atenci\u00f3n sol\u00edcita. Cada cap\u00edtulo es un viaje al mundo de una fragilidad concreta y propone los mapas necesarios para quien pretende ser compa\u00f1ero en el camino.<br \/>Sufrimiento y esperanza representan la compleja geograf\u00eda de las fragilidades humanas, para las que siempre hay \u2013deber\u00eda haber\u2013 corazones que sean portavoces y testigos de la cercan\u00eda, la acogida y la atenci\u00f3n sol\u00edcita: juntos recorren un sendero que une para siempre a quienes son ayudados y a quienes les ayudan, a los heridos y a quienes los curan, a los moribundos y a quienes los asisten, en una experiencia existencial en la que cada cual puede ser un don para el otro, un libro de vida, una fuente de inspiraci\u00f3n, de consuelo humano y espiritual.<br \/>Cada cap\u00edtulo es un viaje al mundo de una fragilidad concreta y propone los mapas necesarios para quien pretende ser compa\u00f1ero en el camino.<\/p>\n","protected":false},"excerpt":{"rendered":"<p>PANGRAZZI, ARNALDO<\/p>\n","protected":false},"featured_media":340060,"template":"","meta":{"_acf_changed":false,"om_disable_all_campaigns":false,"rs_blank_template":"","rs_page_bg_color":"","slide_template_v7":"","inline_featured_image":false,"_monsterinsights_skip_tracking":false,"_monsterinsights_sitenote_active":false,"_monsterinsights_sitenote_note":"","_monsterinsights_sitenote_category":0},"product_brand":[],"product_cat":[90,540],"product_tag":[],"class_list":{"0":"post-291045","1":"product","2":"type-product","3":"status-publish","4":"has-post-thumbnail","6":"product_cat-altres","7":"product_cat-otros","9":"first","10":"instock","11":"taxable","12":"shipping-taxable","13":"purchasable","14":"product-type-simple"},"acf":{"autor":"PANGRAZZI, ARNALDO","codart":"842931982","libros-coleccion":"","ediciones":"1","encuadernacion":"R\u00fastica","fecha_de_publicacion":"06\/02\/2012","novedad":"0","paginas":"231","subtitulo":"ACOMPA\u00d1AR AL ENFERMO","orden":"999","portada":"0","idioma":"spa","editorial":[{"ID":6351,"post_author":"3","post_date":"2022-07-28 17:50:19","post_date_gmt":"2022-07-28 15:50:19","post_content":"","post_title":"Sal Terrae","post_excerpt":"","post_status":"publish","comment_status":"closed","ping_status":"closed","post_password":"","post_name":"sal-terrae","to_ping":"","pinged":"","post_modified":"2022-07-28 17:50:19","post_modified_gmt":"2022-07-28 15:50:19","post_content_filtered":"","post_parent":0,"guid":"http:\/\/dev.claret.cat\/editorial\/sal-terrae\/","menu_order":0,"post_type":"editorial","post_mime_type":"","comment_count":"0","filter":"raw"}],"autores-libros":[{"ID":151106,"post_author":"3","post_date":"2022-10-14 14:38:15","post_date_gmt":"2022-10-14 12:38:15","post_content":"","post_title":"ARNALDO PANGRAZZI","post_excerpt":"","post_status":"publish","comment_status":"closed","ping_status":"closed","post_password":"","post_name":"arnaldo-pangrazzi","to_ping":"","pinged":"","post_modified":"2022-10-14 14:38:15","post_modified_gmt":"2022-10-14 12:38:15","post_content_filtered":"","post_parent":0,"guid":"http:\/\/dev.claret.cat\/autor\/arnaldo-pangrazzi\/","menu_order":0,"post_type":"autor","post_mime_type":"","comment_count":"0","filter":"raw"}]},"aioseo_notices":[],"_links":{"self":[{"href":"https:\/\/www.claret.cat\/es\/wp-json\/wp\/v2\/product\/291045","targetHints":{"allow":["GET"]}}],"collection":[{"href":"https:\/\/www.claret.cat\/es\/wp-json\/wp\/v2\/product"}],"about":[{"href":"https:\/\/www.claret.cat\/es\/wp-json\/wp\/v2\/types\/product"}],"wp:featuredmedia":[{"embeddable":true,"href":"https:\/\/www.claret.cat\/es\/wp-json\/wp\/v2\/media\/340060"}],"wp:attachment":[{"href":"https:\/\/www.claret.cat\/es\/wp-json\/wp\/v2\/media?parent=291045"}],"wp:term":[{"taxonomy":"product_brand","embeddable":true,"href":"https:\/\/www.claret.cat\/es\/wp-json\/wp\/v2\/product_brand?post=291045"},{"taxonomy":"product_cat","embeddable":true,"href":"https:\/\/www.claret.cat\/es\/wp-json\/wp\/v2\/product_cat?post=291045"},{"taxonomy":"product_tag","embeddable":true,"href":"https:\/\/www.claret.cat\/es\/wp-json\/wp\/v2\/product_tag?post=291045"}],"curies":[{"name":"wp","href":"https:\/\/api.w.org\/{rel}","templated":true}]}}