{"id":291080,"date":"2022-12-10T21:00:15","date_gmt":"2022-12-10T20:00:15","guid":{"rendered":"http:\/\/dev.claret.cat\/llibre\/la-humildad-de-dios-2\/"},"modified":"2024-05-24T08:37:17","modified_gmt":"2024-05-24T06:37:17","slug":"la-humildad-de-dios-9788429319965","status":"publish","type":"product","link":"https:\/\/www.claret.cat\/es\/libro\/la-humildad-de-dios-9788429319965\/","title":{"rendered":"LA HUMILDAD DE DIOS"},"content":{"rendered":"<p>Puede sonar extra\u00f1o llamar &#8216;humilde&#8217; a Dios. En la humildad de Dios comprendemos nuestra realidad humana, que sale de la tierra, se nutre de ella, y a ella regresa al final de su viaje. Hablar de la &#8216;humildad de Dios&#8217; es siempre una audacia, pues &#8216;es el m\u00e1s profundo de sus misterios&#8217;. En esta obra podemos descubrir la consecuencia de esta afirmaci\u00f3n sobre Dios para nuestra vida: si Dios es humilde, los humillados de la tierra pueden brindarnos experiencia y lenguaje para hablar de Dios, purificando im\u00e1genes que se han alejado del rostro del Hijo que se nos ha mostrado en Jes\u00fas de Nazaret.<\/p>\n","protected":false},"excerpt":{"rendered":"<p>GONZ\u00c1LEZ BUELTA, BENJAM\u00cdN, SJ<\/p>\n","protected":false},"featured_media":374621,"template":"","meta":{"_acf_changed":false,"om_disable_all_campaigns":false,"rs_blank_template":"","rs_page_bg_color":"","slide_template_v7":"","inline_featured_image":false,"_monsterinsights_skip_tracking":false,"_monsterinsights_sitenote_active":false,"_monsterinsights_sitenote_note":"","_monsterinsights_sitenote_category":0},"product_brand":[],"product_cat":[345,79,342,76],"product_tag":[],"class_list":{"0":"post-291080","1":"product","2":"type-product","3":"status-publish","4":"has-post-thumbnail","6":"product_cat-espiritualidad","7":"product_cat-espiritualitat","8":"product_cat-teologia-1_espiritualidad","9":"product_cat-teologia","11":"first","12":"instock","13":"taxable","14":"shipping-taxable","15":"purchasable","16":"product-type-simple"},"acf":{"autor":"GONZ\u00c1LEZ BUELTA, BENJAM\u00cdN, SJ","codart":"842931996","libros-coleccion":"","ediciones":"1","encuadernacion":"R\u00fastica","fecha_de_publicacion":"29\/03\/2012","novedad":"0","paginas":"168","subtitulo":"","orden":"999","portada":"0","idioma":"spa","editorial":[{"ID":6351,"post_author":"3","post_date":"2022-07-28 17:50:19","post_date_gmt":"2022-07-28 15:50:19","post_content":"","post_title":"Sal Terrae","post_excerpt":"","post_status":"publish","comment_status":"closed","ping_status":"closed","post_password":"","post_name":"sal-terrae","to_ping":"","pinged":"","post_modified":"2022-07-28 17:50:19","post_modified_gmt":"2022-07-28 15:50:19","post_content_filtered":"","post_parent":0,"guid":"http:\/\/dev.claret.cat\/editorial\/sal-terrae\/","menu_order":0,"post_type":"editorial","post_mime_type":"","comment_count":"0","filter":"raw"}],"autores-libros":[{"ID":151571,"post_author":"3","post_date":"2022-10-14 14:41:56","post_date_gmt":"2022-10-14 12:41:56","post_content":"","post_title":"BENJAMIN GONZALEZ BUELTA, SJ","post_excerpt":"","post_status":"publish","comment_status":"closed","ping_status":"closed","post_password":"","post_name":"benjamin-gonzalez-buelta-sj","to_ping":"","pinged":"","post_modified":"2022-10-14 14:41:56","post_modified_gmt":"2022-10-14 12:41:56","post_content_filtered":"","post_parent":0,"guid":"http:\/\/dev.claret.cat\/autor\/benjamin-gonzalez-buelta-sj\/","menu_order":0,"post_type":"autor","post_mime_type":"","comment_count":"0","filter":"raw"}]},"aioseo_notices":[],"_links":{"self":[{"href":"https:\/\/www.claret.cat\/es\/wp-json\/wp\/v2\/product\/291080","targetHints":{"allow":["GET"]}}],"collection":[{"href":"https:\/\/www.claret.cat\/es\/wp-json\/wp\/v2\/product"}],"about":[{"href":"https:\/\/www.claret.cat\/es\/wp-json\/wp\/v2\/types\/product"}],"wp:featuredmedia":[{"embeddable":true,"href":"https:\/\/www.claret.cat\/es\/wp-json\/wp\/v2\/media\/374621"}],"wp:attachment":[{"href":"https:\/\/www.claret.cat\/es\/wp-json\/wp\/v2\/media?parent=291080"}],"wp:term":[{"taxonomy":"product_brand","embeddable":true,"href":"https:\/\/www.claret.cat\/es\/wp-json\/wp\/v2\/product_brand?post=291080"},{"taxonomy":"product_cat","embeddable":true,"href":"https:\/\/www.claret.cat\/es\/wp-json\/wp\/v2\/product_cat?post=291080"},{"taxonomy":"product_tag","embeddable":true,"href":"https:\/\/www.claret.cat\/es\/wp-json\/wp\/v2\/product_tag?post=291080"}],"curies":[{"name":"wp","href":"https:\/\/api.w.org\/{rel}","templated":true}]}}