{"id":291192,"date":"2022-12-10T21:51:12","date_gmt":"2022-12-10T20:51:12","guid":{"rendered":"http:\/\/dev.claret.cat\/llibre\/el-evangelio-de-jesucristo\/"},"modified":"2026-02-05T10:27:55","modified_gmt":"2026-02-05T09:27:55","slug":"el-evangelio-de-jesucristo-9788429320459","status":"publish","type":"product","link":"https:\/\/www.claret.cat\/es\/libro\/el-evangelio-de-jesucristo-9788429320459\/","title":{"rendered":"EL EVANGELIO DE JESUCRISTO"},"content":{"rendered":"<p>Los dogmas son una garant\u00eda de la identidad y el futuro de la fe. Esta es la tesis del cardenal Walter Kasper al afrontar la cuesti\u00f3n del dogma y la renovaci\u00f3n de la Iglesia. El te\u00f3logo y cardenal muestra los nuevos caminos y posibilidades para ver los dogmas eclesiales bajo una nueva luz y descubrir en ellos la base de la revitalizaci\u00f3n y el resurgimiento de la Iglesia.<\/p>\n","protected":false},"excerpt":{"rendered":"<p>KASPER, WALTER<\/p>\n","protected":false},"featured_media":1081316,"template":"","meta":{"_acf_changed":false,"om_disable_all_campaigns":false,"rs_blank_template":"","rs_page_bg_color":"","slide_template_v7":"","inline_featured_image":false,"_monsterinsights_skip_tracking":false,"_monsterinsights_sitenote_active":false,"_monsterinsights_sitenote_note":"","_monsterinsights_sitenote_category":0},"product_brand":[],"product_cat":[341,75,541,91,277,415],"product_tag":[],"class_list":{"0":"post-291192","1":"product","2":"type-product","3":"status-publish","4":"has-post-thumbnail","6":"product_cat-biblia-es","7":"product_cat-biblia","8":"product_cat-cristologia-1_espiritualidad-spa","9":"product_cat-cristologia","10":"product_cat-dogmatica","11":"product_cat-dogmatica-teologia-1_espiritualidad","13":"first","14":"instock","15":"taxable","16":"shipping-taxable","17":"purchasable","18":"product-type-simple"},"acf":{"autor":"KASPER, WALTER","codart":"842932045","libros-coleccion":"PRESENCIA TEOL\u00d3GICA","ediciones":"1","encuadernacion":"R\u00fastica","fecha_de_publicacion":"07\/01\/2013","novedad":"0","paginas":"336","subtitulo":"OBRA COMPLETA DE WALTER KASPER - VOLUMEN 5","orden":"999","portada":"0","idioma":"spa","editorial":[{"ID":6351,"post_author":"3","post_date":"2022-07-28 17:50:19","post_date_gmt":"2022-07-28 15:50:19","post_content":"","post_title":"Sal Terrae","post_excerpt":"","post_status":"publish","comment_status":"closed","ping_status":"closed","post_password":"","post_name":"sal-terrae","to_ping":"","pinged":"","post_modified":"2022-07-28 17:50:19","post_modified_gmt":"2022-07-28 15:50:19","post_content_filtered":"","post_parent":0,"guid":"http:\/\/dev.claret.cat\/editorial\/sal-terrae\/","menu_order":0,"post_type":"editorial","post_mime_type":"","comment_count":"0","filter":"raw"}],"autores-libros":[{"ID":171223,"post_author":"3","post_date":"2022-10-14 22:41:40","post_date_gmt":"2022-10-14 20:41:40","post_content":"","post_title":"WALTER KASPER","post_excerpt":"","post_status":"publish","comment_status":"closed","ping_status":"closed","post_password":"","post_name":"walter-kasper","to_ping":"","pinged":"","post_modified":"2022-10-14 22:41:40","post_modified_gmt":"2022-10-14 20:41:40","post_content_filtered":"","post_parent":0,"guid":"http:\/\/dev.claret.cat\/autor\/walter-kasper\/","menu_order":0,"post_type":"autor","post_mime_type":"","comment_count":"0","filter":"raw"}],"booktrailer":"","resenas":""},"aioseo_notices":[],"_links":{"self":[{"href":"https:\/\/www.claret.cat\/es\/wp-json\/wp\/v2\/product\/291192","targetHints":{"allow":["GET"]}}],"collection":[{"href":"https:\/\/www.claret.cat\/es\/wp-json\/wp\/v2\/product"}],"about":[{"href":"https:\/\/www.claret.cat\/es\/wp-json\/wp\/v2\/types\/product"}],"wp:featuredmedia":[{"embeddable":true,"href":"https:\/\/www.claret.cat\/es\/wp-json\/wp\/v2\/media\/1081316"}],"wp:attachment":[{"href":"https:\/\/www.claret.cat\/es\/wp-json\/wp\/v2\/media?parent=291192"}],"wp:term":[{"taxonomy":"product_brand","embeddable":true,"href":"https:\/\/www.claret.cat\/es\/wp-json\/wp\/v2\/product_brand?post=291192"},{"taxonomy":"product_cat","embeddable":true,"href":"https:\/\/www.claret.cat\/es\/wp-json\/wp\/v2\/product_cat?post=291192"},{"taxonomy":"product_tag","embeddable":true,"href":"https:\/\/www.claret.cat\/es\/wp-json\/wp\/v2\/product_tag?post=291192"}],"curies":[{"name":"wp","href":"https:\/\/api.w.org\/{rel}","templated":true}]}}