{"id":291209,"date":"2022-12-10T22:00:16","date_gmt":"2022-12-10T21:00:16","guid":{"rendered":"http:\/\/dev.claret.cat\/llibre\/la-pastoral-de-la-salud\/"},"modified":"2026-01-26T19:36:09","modified_gmt":"2026-01-26T18:36:09","slug":"la-pastoral-de-la-salud-9788429320503","status":"publish","type":"product","link":"https:\/\/www.claret.cat\/es\/libro\/la-pastoral-de-la-salud-9788429320503\/","title":{"rendered":"LA PASTORAL DE LA SALUD"},"content":{"rendered":"<p>El mundo del sufrimiento invoca humildad, sensibilidad y capacidad de escucha. El reducir la pastoral a ofrecer oraciones o administrar los sacramentos mortifica el significado y la amplitud de ese ministerio. En la medida en que los sacerdotes se forman para acercarse con delicadeza y sabidur\u00eda a las fragilidades humanas, pueden transformarse en educadores y monitores de otros agentes de pastoral motivados para visitar y consolar a los enfermos en nombre de la comunidad cristiana.<br \/>El libro est\u00e1 destinado a las personas que quieren ser gu\u00edas o compa\u00f1eros para quienes est\u00e1n involucrados en el cuidado del enfermo y en la pastoral de la salud como miembros de la Iglesia (sacerdotes, religiosos, laicos) o como profesionales, para dar un mejor testimonio del esp\u00edritu del buen samaritano y transformarse en presencia sanadora en la vida de quienes sufren.<\/p>\n","protected":false},"excerpt":{"rendered":"<p>PANGRAZZI, ARNALDO<\/p>\n","protected":false},"featured_media":1078268,"template":"","meta":{"_acf_changed":false,"om_disable_all_campaigns":false,"rs_blank_template":"","rs_page_bg_color":"","slide_template_v7":"","inline_featured_image":false,"_monsterinsights_skip_tracking":false,"_monsterinsights_sitenote_active":false,"_monsterinsights_sitenote_note":"","_monsterinsights_sitenote_category":0},"product_brand":[],"product_cat":[90,540],"product_tag":[],"class_list":{"0":"post-291209","1":"product","2":"type-product","3":"status-publish","4":"has-post-thumbnail","6":"product_cat-altres","7":"product_cat-otros","9":"first","10":"instock","11":"taxable","12":"shipping-taxable","13":"purchasable","14":"product-type-simple"},"acf":{"autor":"PANGRAZZI, ARNALDO","codart":"842932050","libros-coleccion":"","ediciones":"1","encuadernacion":"R\u00fastica","fecha_de_publicacion":"05\/02\/2013","novedad":"0","paginas":"144","subtitulo":"SANACI\u00d3N GLOBAL","orden":"999","portada":"0","idioma":"spa","editorial":[{"ID":6351,"post_author":"3","post_date":"2022-07-28 17:50:19","post_date_gmt":"2022-07-28 15:50:19","post_content":"","post_title":"Sal Terrae","post_excerpt":"","post_status":"publish","comment_status":"closed","ping_status":"closed","post_password":"","post_name":"sal-terrae","to_ping":"","pinged":"","post_modified":"2022-07-28 17:50:19","post_modified_gmt":"2022-07-28 15:50:19","post_content_filtered":"","post_parent":0,"guid":"http:\/\/dev.claret.cat\/editorial\/sal-terrae\/","menu_order":0,"post_type":"editorial","post_mime_type":"","comment_count":"0","filter":"raw"}],"autores-libros":[{"ID":151106,"post_author":"3","post_date":"2022-10-14 14:38:15","post_date_gmt":"2022-10-14 12:38:15","post_content":"","post_title":"ARNALDO PANGRAZZI","post_excerpt":"","post_status":"publish","comment_status":"closed","ping_status":"closed","post_password":"","post_name":"arnaldo-pangrazzi","to_ping":"","pinged":"","post_modified":"2022-10-14 14:38:15","post_modified_gmt":"2022-10-14 12:38:15","post_content_filtered":"","post_parent":0,"guid":"http:\/\/dev.claret.cat\/autor\/arnaldo-pangrazzi\/","menu_order":0,"post_type":"autor","post_mime_type":"","comment_count":"0","filter":"raw"}],"booktrailer":"","resenas":""},"aioseo_notices":[],"_links":{"self":[{"href":"https:\/\/www.claret.cat\/es\/wp-json\/wp\/v2\/product\/291209","targetHints":{"allow":["GET"]}}],"collection":[{"href":"https:\/\/www.claret.cat\/es\/wp-json\/wp\/v2\/product"}],"about":[{"href":"https:\/\/www.claret.cat\/es\/wp-json\/wp\/v2\/types\/product"}],"wp:featuredmedia":[{"embeddable":true,"href":"https:\/\/www.claret.cat\/es\/wp-json\/wp\/v2\/media\/1078268"}],"wp:attachment":[{"href":"https:\/\/www.claret.cat\/es\/wp-json\/wp\/v2\/media?parent=291209"}],"wp:term":[{"taxonomy":"product_brand","embeddable":true,"href":"https:\/\/www.claret.cat\/es\/wp-json\/wp\/v2\/product_brand?post=291209"},{"taxonomy":"product_cat","embeddable":true,"href":"https:\/\/www.claret.cat\/es\/wp-json\/wp\/v2\/product_cat?post=291209"},{"taxonomy":"product_tag","embeddable":true,"href":"https:\/\/www.claret.cat\/es\/wp-json\/wp\/v2\/product_tag?post=291209"}],"curies":[{"name":"wp","href":"https:\/\/api.w.org\/{rel}","templated":true}]}}