{"id":291217,"date":"2022-12-10T22:00:36","date_gmt":"2022-12-10T21:00:36","guid":{"rendered":"http:\/\/dev.claret.cat\/llibre\/carlo-maria-martini-el-profeta-del-dialogo\/"},"modified":"2024-05-24T08:32:24","modified_gmt":"2024-05-24T06:32:24","slug":"carlo-maria-martini-el-profeta-del-dialogo-9788429320541","status":"publish","type":"product","link":"https:\/\/www.claret.cat\/es\/libro\/carlo-maria-martini-el-profeta-del-dialogo-9788429320541\/","title":{"rendered":"CARLO MARIA MARTINI. EL PROFETA DEL DI\u00c1LOGO"},"content":{"rendered":"<p>Ten\u00eda diecisiete a\u00f1os en aquel lejano a\u00f1o de 1944 en que decidi\u00f3 dejarlo todo para consagrarse en cuerpo y alma a la Compa\u00f1\u00eda de Jes\u00fas, que acabar\u00eda llev\u00e1ndole a convertirse en sacerdote, te\u00f3logo y cardenal de la di\u00f3cesis m\u00e1s grande de Europa. Esta y muchas otras cosas nos refiere el vaticanista Andrea Tornielli en esta semblanza, en absoluto hagiogr\u00e1fica, que retrata la par\u00e1bola humana, espiritual e institucional de la vida de una de las figuras m\u00e1s carism\u00e1ticas de la Iglesia cat\u00f3lica posconciliar. <\/p>\n<p>Cardenal de la atenci\u00f3n a los \u00faltimos y la acogida a los inmigrantes, del ecumenismo y la confrontaci\u00f3n con otras religiones, Martini fue tambi\u00e9n un hombre atento a las instituciones y a la \u00e9tica p\u00fablica, capaz de increpar a pol\u00edticos de derechas y de izquierdas y de denunciar con a\u00f1os de anticipaci\u00f3n la corrupci\u00f3n de Tangentopoli. Biblista de fama internacional, no desde\u00f1\u00f3 indagar las cuestiones m\u00e1s complejas: desde el final de la vida hasta la fecundaci\u00f3n artificial, desde el celibato de los sacerdotes hasta la acogida pastoral de los divorciados y los homosexuales, desde la escuela cat\u00f3lica hasta la libertad de educaci\u00f3n&#8230; <\/p>\n<p>Se\u00f1alado por la prensa como \u00abpapable\u00bb, adujo como impedimento para acceder al solio pontificio la enfermedad de Parkinson, ya en fase avanzada, reafirmando su deseo de dedicarse a sus antiguas pasiones: Jerusal\u00e9n y el estudio de las Sagradas Escrituras. <\/p>\n<p>Entre bastidores emerge en estas p\u00e1ginas la vida de un hombre que fue capaz de marcar de modo significativo la sociedad italiana y el catolicismo en los a\u00f1os de la secularizaci\u00f3n y la crisis de los creyentes y que en su \u00faltima entrevista afirm\u00f3: \u00abLa Iglesia lleva un retraso de 200 a\u00f1os\u00bb.<\/p>\n","protected":false},"excerpt":{"rendered":"<p>TORNIELLI, ANDREA<\/p>\n","protected":false},"featured_media":341198,"template":"","meta":{"_acf_changed":false,"om_disable_all_campaigns":false,"rs_blank_template":"","rs_page_bg_color":"","slide_template_v7":"","inline_featured_image":false,"_monsterinsights_skip_tracking":false,"_monsterinsights_sitenote_active":false,"_monsterinsights_sitenote_note":"","_monsterinsights_sitenote_category":0},"product_brand":[],"product_cat":[90,540],"product_tag":[],"class_list":{"0":"post-291217","1":"product","2":"type-product","3":"status-publish","4":"has-post-thumbnail","6":"product_cat-altres","7":"product_cat-otros","9":"first","10":"instock","11":"taxable","12":"shipping-taxable","13":"purchasable","14":"product-type-simple"},"acf":{"editorial":[{"ID":6351,"post_author":"3","post_date":"2022-07-28 17:50:19","post_date_gmt":"2022-07-28 15:50:19","post_content":"","post_title":"Sal Terrae","post_excerpt":"","post_status":"publish","comment_status":"closed","ping_status":"closed","post_password":"","post_name":"sal-terrae","to_ping":"","pinged":"","post_modified":"2022-07-28 17:50:19","post_modified_gmt":"2022-07-28 15:50:19","post_content_filtered":"","post_parent":0,"guid":"http:\/\/dev.claret.cat\/editorial\/sal-terrae\/","menu_order":0,"post_type":"editorial","post_mime_type":"","comment_count":"0","filter":"raw"}],"autores-libros":[{"ID":150243,"post_author":"3","post_date":"2022-10-14 14:31:23","post_date_gmt":"2022-10-14 12:31:23","post_content":"","post_title":"ANDREA TORNIELLI","post_excerpt":"","post_status":"publish","comment_status":"closed","ping_status":"closed","post_password":"","post_name":"andrea-tornielli","to_ping":"","pinged":"","post_modified":"2022-10-14 14:31:23","post_modified_gmt":"2022-10-14 12:31:23","post_content_filtered":"","post_parent":0,"guid":"http:\/\/dev.claret.cat\/autor\/andrea-tornielli\/","menu_order":0,"post_type":"autor","post_mime_type":"","comment_count":"0","filter":"raw"}],"autor":"TORNIELLI, ANDREA","codart":"842932054","libros-coleccion":"","ediciones":"1","encuadernacion":"R\u00fastica","fecha_de_publicacion":"12\/03\/2013","novedad":"0","paginas":"246","subtitulo":"EL PROFETA DEL DI\u00c1LOGO","orden":"999","portada":"0","idioma":"spa"},"aioseo_notices":[],"_links":{"self":[{"href":"https:\/\/www.claret.cat\/es\/wp-json\/wp\/v2\/product\/291217","targetHints":{"allow":["GET"]}}],"collection":[{"href":"https:\/\/www.claret.cat\/es\/wp-json\/wp\/v2\/product"}],"about":[{"href":"https:\/\/www.claret.cat\/es\/wp-json\/wp\/v2\/types\/product"}],"wp:featuredmedia":[{"embeddable":true,"href":"https:\/\/www.claret.cat\/es\/wp-json\/wp\/v2\/media\/341198"}],"wp:attachment":[{"href":"https:\/\/www.claret.cat\/es\/wp-json\/wp\/v2\/media?parent=291217"}],"wp:term":[{"taxonomy":"product_brand","embeddable":true,"href":"https:\/\/www.claret.cat\/es\/wp-json\/wp\/v2\/product_brand?post=291217"},{"taxonomy":"product_cat","embeddable":true,"href":"https:\/\/www.claret.cat\/es\/wp-json\/wp\/v2\/product_cat?post=291217"},{"taxonomy":"product_tag","embeddable":true,"href":"https:\/\/www.claret.cat\/es\/wp-json\/wp\/v2\/product_tag?post=291217"}],"curies":[{"name":"wp","href":"https:\/\/api.w.org\/{rel}","templated":true}]}}