{"id":291236,"date":"2022-12-10T22:30:11","date_gmt":"2022-12-10T21:30:11","guid":{"rendered":"http:\/\/dev.claret.cat\/llibre\/la-liturgia-como-centro-de-la-vida-cristiana\/"},"modified":"2026-02-05T16:40:59","modified_gmt":"2026-02-05T15:40:59","slug":"la-liturgia-como-centro-de-la-vida-cristiana-9788429320572","status":"publish","type":"product","link":"https:\/\/www.claret.cat\/es\/libro\/la-liturgia-como-centro-de-la-vida-cristiana-9788429320572\/","title":{"rendered":"LA LITURGIA COMO CENTRO DE LA VIDA CRISTIANA"},"content":{"rendered":"<p>La liturgia es el centro de la vida cristiana. Pero \u00bfhasta qu\u00e9 punto est\u00e1 capacitado para ella el hombre moderno y qu\u00e9 forma de liturgia es hoy la adecuada y puede ser celebrada con esp\u00edritu viviente para glorificaci\u00f3n de Dios y salvaci\u00f3n de los hombres? <br \/>\u00abLa liturgia es la cumbre a la cual tiende la actividad de la Iglesia y, al mismo tiempo, la fuente de donde mana toda su fuerza\u00bb (SC 10). Quien desee experimentar de nuevo el car\u00e1cter fundamental y decisivo de la liturgia, de acuerdo con estas palabras del concilio Vaticano II, debe adquirir una y otra vez clara conciencia de las cuestiones centrales de la liturgia desde sus perspectivas teol\u00f3gicas y espirituales. Los autores de este volumen ofrecen una visi\u00f3n iluminadora de la amplitud y las m\u00faltiples facetas de la liturgia. Se\u00f1alan perspectivas en el actual debate sobre su reforma e indican caminos para su renovaci\u00f3n, revitalizaci\u00f3n y ahondamiento. <br \/>\u00abLo que necesitamos es una reforma de nuestras reformas lit\u00fargicas que vaya hasta el fondo, una renovada cultura lit\u00fargica sacramental en la que la liturgia sea epifan\u00eda, en la que se alcance la experiencia de la infinita excelsitud y la ilimitada fascinaci\u00f3n del Dios santo en los momentos de quietud, contemplaci\u00f3n y escucha, adoraci\u00f3n y alabanza\u00bb (Walter Kasper).<\/p>\n","protected":false},"excerpt":{"rendered":"<p>AUGUSTIN, GEORGE; KOCH, KURT (EDS.)<\/p>\n","protected":false},"featured_media":1081669,"template":"","meta":{"_acf_changed":false,"om_disable_all_campaigns":false,"rs_blank_template":"","rs_page_bg_color":"","slide_template_v7":"","inline_featured_image":false,"_monsterinsights_skip_tracking":false,"_monsterinsights_sitenote_active":false,"_monsterinsights_sitenote_note":"","_monsterinsights_sitenote_category":0},"product_brand":[],"product_cat":[399,253,346,80,342,76,92,542],"product_tag":[],"class_list":{"0":"post-291236","1":"product","2":"type-product","3":"status-publish","4":"has-post-thumbnail","6":"product_cat-any-liturgic-liturgia-1_espiritualidad","7":"product_cat-any-liturgic","8":"product_cat-libros-liturgia","9":"product_cat-liturgia","10":"product_cat-teologia-1_espiritualidad","11":"product_cat-teologia","12":"product_cat-vida-religiosa","13":"product_cat-vida-religiosa-1_espiritualidad-spa","15":"first","16":"instock","17":"taxable","18":"shipping-taxable","19":"purchasable","20":"product-type-simple"},"acf":{"editorial":[{"ID":6351,"post_author":"3","post_date":"2022-07-28 17:50:19","post_date_gmt":"2022-07-28 15:50:19","post_content":"","post_title":"Sal Terrae","post_excerpt":"","post_status":"publish","comment_status":"closed","ping_status":"closed","post_password":"","post_name":"sal-terrae","to_ping":"","pinged":"","post_modified":"2022-07-28 17:50:19","post_modified_gmt":"2022-07-28 15:50:19","post_content_filtered":"","post_parent":0,"guid":"http:\/\/dev.claret.cat\/editorial\/sal-terrae\/","menu_order":0,"post_type":"editorial","post_mime_type":"","comment_count":"0","filter":"raw"}],"autores-libros":[{"ID":156724,"post_author":"3","post_date":"2022-10-14 15:23:07","post_date_gmt":"2022-10-14 13:23:07","post_content":"","post_title":"GEORGE AUGUSTIN","post_excerpt":"","post_status":"publish","comment_status":"closed","ping_status":"closed","post_password":"","post_name":"george-augustin","to_ping":"","pinged":"","post_modified":"2022-10-14 15:23:07","post_modified_gmt":"2022-10-14 13:23:07","post_content_filtered":"","post_parent":0,"guid":"http:\/\/dev.claret.cat\/autor\/george-augustin\/","menu_order":0,"post_type":"autor","post_mime_type":"","comment_count":"0","filter":"raw"},{"ID":291235,"post_author":"3","post_date":"2022-12-10 22:30:09","post_date_gmt":"2022-12-10 21:30:09","post_content":"","post_title":"KURT (eds.) KOCH","post_excerpt":"","post_status":"publish","comment_status":"closed","ping_status":"closed","post_password":"","post_name":"kurt-eds-koch","to_ping":"","pinged":"","post_modified":"2022-12-10 22:30:09","post_modified_gmt":"2022-12-10 21:30:09","post_content_filtered":"","post_parent":0,"guid":"http:\/\/dev.claret.cat\/autor\/kurt-eds-koch\/","menu_order":0,"post_type":"autor","post_mime_type":"","comment_count":"0","filter":"raw"}],"autor":"AUGUSTIN, GEORGE; KOCH, KURT (EDS.)","codart":"842932057","libros-coleccion":"PRESENCIA TEOL\u00d3GICA","ediciones":"1","encuadernacion":"R\u00fastica","fecha_de_publicacion":"12\/03\/2013","novedad":"0","paginas":"168","subtitulo":"","orden":"999","portada":"0","idioma":"spa","booktrailer":"","resenas":""},"aioseo_notices":[],"_links":{"self":[{"href":"https:\/\/www.claret.cat\/es\/wp-json\/wp\/v2\/product\/291236","targetHints":{"allow":["GET"]}}],"collection":[{"href":"https:\/\/www.claret.cat\/es\/wp-json\/wp\/v2\/product"}],"about":[{"href":"https:\/\/www.claret.cat\/es\/wp-json\/wp\/v2\/types\/product"}],"wp:featuredmedia":[{"embeddable":true,"href":"https:\/\/www.claret.cat\/es\/wp-json\/wp\/v2\/media\/1081669"}],"wp:attachment":[{"href":"https:\/\/www.claret.cat\/es\/wp-json\/wp\/v2\/media?parent=291236"}],"wp:term":[{"taxonomy":"product_brand","embeddable":true,"href":"https:\/\/www.claret.cat\/es\/wp-json\/wp\/v2\/product_brand?post=291236"},{"taxonomy":"product_cat","embeddable":true,"href":"https:\/\/www.claret.cat\/es\/wp-json\/wp\/v2\/product_cat?post=291236"},{"taxonomy":"product_tag","embeddable":true,"href":"https:\/\/www.claret.cat\/es\/wp-json\/wp\/v2\/product_tag?post=291236"}],"curies":[{"name":"wp","href":"https:\/\/api.w.org\/{rel}","templated":true}]}}