{"id":291288,"date":"2022-12-10T23:10:24","date_gmt":"2022-12-10T22:10:24","guid":{"rendered":"http:\/\/dev.claret.cat\/llibre\/testigos-de-la-fe\/"},"modified":"2026-02-05T16:43:21","modified_gmt":"2026-02-05T15:43:21","slug":"testigos-de-la-fe-9788429320718","status":"publish","type":"product","link":"https:\/\/www.claret.cat\/es\/libro\/testigos-de-la-fe-9788429320718\/","title":{"rendered":"TESTIGOS DE LA FE"},"content":{"rendered":"<p>Bas\u00e1ndose en los testimonios de la Escritura y la tradici\u00f3n, as\u00ed como en la fe de la Iglesia, los cap\u00edtulos de esta obra analizan la teolog\u00eda del sacerdocio y responden a planteamientos, interrogantes y desaf\u00edos actuales. Muestran el significado del ministerio presbiteral de la Iglesia y en la Iglesia, y ofrecen impulsos alentadores para una vida sacerdotal plena y fruct\u00edfera en el mundo de hoy.<\/p>\n","protected":false},"excerpt":{"rendered":"<p>AUGUSTIN; KASPER; KOCH; WOLLBOLD<\/p>\n","protected":false},"featured_media":1081684,"template":"","meta":{"_acf_changed":false,"om_disable_all_campaigns":false,"rs_blank_template":"","rs_page_bg_color":"","slide_template_v7":"","inline_featured_image":false,"_monsterinsights_skip_tracking":false,"_monsterinsights_sitenote_active":false,"_monsterinsights_sitenote_note":"","_monsterinsights_sitenote_category":0},"product_brand":[],"product_cat":[275,413,344,78,342,76],"product_tag":[],"class_list":{"0":"post-291288","1":"product","2":"type-product","3":"status-publish","4":"has-post-thumbnail","6":"product_cat-fonamental","7":"product_cat-fundamental","8":"product_cat-pastoral-1_espiritualidad","9":"product_cat-pastoral","10":"product_cat-teologia-1_espiritualidad","11":"product_cat-teologia","13":"first","14":"instock","15":"taxable","16":"shipping-taxable","17":"purchasable","18":"product-type-simple"},"acf":{"autor":"AUGUSTIN; KASPER; KOCH; WOLLBOLD","codart":"842932071","libros-coleccion":"PRESENCIA TEOL\u00d3GICA","ediciones":"1","encuadernacion":"R\u00fastica","fecha_de_publicacion":"05\/06\/2013","novedad":"0","paginas":"168","subtitulo":"EL SACERDOCIO DE CRISTO Y EL MINISTERIO SACERDOTAL","orden":"999","portada":"0","idioma":"spa","editorial":[{"ID":6351,"post_author":"3","post_date":"2022-07-28 17:50:19","post_date_gmt":"2022-07-28 15:50:19","post_content":"","post_title":"Sal Terrae","post_excerpt":"","post_status":"publish","comment_status":"closed","ping_status":"closed","post_password":"","post_name":"sal-terrae","to_ping":"","pinged":"","post_modified":"2022-07-28 17:50:19","post_modified_gmt":"2022-07-28 15:50:19","post_content_filtered":"","post_parent":0,"guid":"http:\/\/dev.claret.cat\/editorial\/sal-terrae\/","menu_order":0,"post_type":"editorial","post_mime_type":"","comment_count":"0","filter":"raw"}],"autores-libros":[{"ID":291036,"post_author":"3","post_date":"2022-12-10 20:40:47","post_date_gmt":"2022-12-10 19:40:47","post_content":"","post_title":"KASPER","post_excerpt":"","post_status":"publish","comment_status":"closed","ping_status":"closed","post_password":"","post_name":"kasper","to_ping":"","pinged":"","post_modified":"2022-12-10 20:40:47","post_modified_gmt":"2022-12-10 19:40:47","post_content_filtered":"","post_parent":0,"guid":"http:\/\/dev.claret.cat\/autor\/kasper\/","menu_order":0,"post_type":"autor","post_mime_type":"","comment_count":"0","filter":"raw"},{"ID":291037,"post_author":"3","post_date":"2022-12-10 20:40:48","post_date_gmt":"2022-12-10 19:40:48","post_content":"","post_title":"KOCH","post_excerpt":"","post_status":"publish","comment_status":"closed","ping_status":"closed","post_password":"","post_name":"koch","to_ping":"","pinged":"","post_modified":"2022-12-10 20:40:48","post_modified_gmt":"2022-12-10 19:40:48","post_content_filtered":"","post_parent":0,"guid":"http:\/\/dev.claret.cat\/autor\/koch\/","menu_order":0,"post_type":"autor","post_mime_type":"","comment_count":"0","filter":"raw"},{"ID":291286,"post_author":"3","post_date":"2022-12-10 23:10:21","post_date_gmt":"2022-12-10 22:10:21","post_content":"","post_title":"AUGUSTIN","post_excerpt":"","post_status":"publish","comment_status":"closed","ping_status":"closed","post_password":"","post_name":"augustin","to_ping":"","pinged":"","post_modified":"2022-12-10 23:10:21","post_modified_gmt":"2022-12-10 22:10:21","post_content_filtered":"","post_parent":0,"guid":"http:\/\/dev.claret.cat\/autor\/augustin\/","menu_order":0,"post_type":"autor","post_mime_type":"","comment_count":"0","filter":"raw"},{"ID":291287,"post_author":"3","post_date":"2022-12-10 23:10:22","post_date_gmt":"2022-12-10 22:10:22","post_content":"","post_title":"WOLLBOLD","post_excerpt":"","post_status":"publish","comment_status":"closed","ping_status":"closed","post_password":"","post_name":"wollbold","to_ping":"","pinged":"","post_modified":"2022-12-10 23:10:22","post_modified_gmt":"2022-12-10 22:10:22","post_content_filtered":"","post_parent":0,"guid":"http:\/\/dev.claret.cat\/autor\/wollbold\/","menu_order":0,"post_type":"autor","post_mime_type":"","comment_count":"0","filter":"raw"}],"booktrailer":"","resenas":""},"aioseo_notices":[],"_links":{"self":[{"href":"https:\/\/www.claret.cat\/es\/wp-json\/wp\/v2\/product\/291288","targetHints":{"allow":["GET"]}}],"collection":[{"href":"https:\/\/www.claret.cat\/es\/wp-json\/wp\/v2\/product"}],"about":[{"href":"https:\/\/www.claret.cat\/es\/wp-json\/wp\/v2\/types\/product"}],"wp:featuredmedia":[{"embeddable":true,"href":"https:\/\/www.claret.cat\/es\/wp-json\/wp\/v2\/media\/1081684"}],"wp:attachment":[{"href":"https:\/\/www.claret.cat\/es\/wp-json\/wp\/v2\/media?parent=291288"}],"wp:term":[{"taxonomy":"product_brand","embeddable":true,"href":"https:\/\/www.claret.cat\/es\/wp-json\/wp\/v2\/product_brand?post=291288"},{"taxonomy":"product_cat","embeddable":true,"href":"https:\/\/www.claret.cat\/es\/wp-json\/wp\/v2\/product_cat?post=291288"},{"taxonomy":"product_tag","embeddable":true,"href":"https:\/\/www.claret.cat\/es\/wp-json\/wp\/v2\/product_tag?post=291288"}],"curies":[{"name":"wp","href":"https:\/\/api.w.org\/{rel}","templated":true}]}}