{"id":29132,"date":"2022-10-02T11:21:38","date_gmt":"2022-10-02T09:21:38","guid":{"rendered":"http:\/\/dev.claret.cat\/producte\/negocis-dart-i-de-guerra\/"},"modified":"2025-02-01T02:07:17","modified_gmt":"2025-02-01T01:07:17","slug":"negocis-dart-i-de-guerra-9788417998844","status":"publish","type":"product","link":"https:\/\/www.claret.cat\/es\/libro\/negocis-dart-i-de-guerra-9788417998844\/","title":{"rendered":"NEGOCIS D&#8217;ART I DE GUERRA"},"content":{"rendered":"<p>A l&#8217;inici de la Guerra Civil, a Algemes\u00ed, va desapar\u00e8ixer una obra titulada El somni de Sant Josep, que formava part del retaule de l&#8217;esgl\u00e9sia, atribu\u00eft al mestre Francesc Ribalta. Va c\u00f3rrer la brama que s&#8217;havia cremat, per\u00f2 el maig del 2010, de manera misteriosa, el quadre va reapar\u00e8ixer en una casa de subhastes de Madrid. La novel\u00b7la recrea les vicissituds que va viure aquell quadre i explica com en el per\u00edode m\u00e9s convuls del segle XX alguns es van enriquir traficant amb valuoses peces d&#8217;art.<\/p>\n","protected":false},"excerpt":{"rendered":"<p>LLUCH GIRB\u00c9S, ENRIC<\/p>\n","protected":false},"featured_media":64952,"template":"","meta":{"_acf_changed":false,"om_disable_all_campaigns":false,"rs_blank_template":"","rs_page_bg_color":"","slide_template_v7":"","inline_featured_image":false,"_monsterinsights_skip_tracking":false,"_monsterinsights_sitenote_active":false,"_monsterinsights_sitenote_note":"","_monsterinsights_sitenote_category":0},"product_brand":[],"product_cat":[127,130,357,360],"product_tag":[],"class_list":{"0":"post-29132","1":"product","2":"type-product","3":"status-publish","4":"has-post-thumbnail","6":"product_cat-novella-contemporania","7":"product_cat-novella-historica-i-ficcio","8":"product_cat-novela-contemporanea","9":"product_cat-novela-historica-y-ficcion","11":"first","12":"instock","13":"taxable","14":"shipping-taxable","15":"purchasable","16":"product-type-simple"},"acf":{"autor":"LLUCH GIRB\u00c9S, ENRIC","codart":"841799884","libros-coleccion":"Narrativa","ediciones":"1","encuadernacion":"R\u00fastica","fecha_de_publicacion":"01\/03\/2021","novedad":"1","paginas":"140","subtitulo":"","orden":"0","portada":"0","idioma":"cat","editorial":[{"ID":6392,"post_author":"3","post_date":"2022-07-28 17:51:10","post_date_gmt":"2022-07-28 15:51:10","post_content":"","post_title":"Viena","post_excerpt":"","post_status":"publish","comment_status":"closed","ping_status":"closed","post_password":"","post_name":"viena","to_ping":"","pinged":"","post_modified":"2022-07-28 17:51:10","post_modified_gmt":"2022-07-28 15:51:10","post_content_filtered":"","post_parent":0,"guid":"http:\/\/dev.claret.cat\/editorial\/viena\/","menu_order":0,"post_type":"editorial","post_mime_type":"","comment_count":"0","filter":"raw"}],"autores-libros":[{"ID":155119,"post_author":"3","post_date":"2022-10-14 15:10:19","post_date_gmt":"2022-10-14 13:10:19","post_content":"","post_title":"ENRIC LLUCH GIRB\u00c9S","post_excerpt":"","post_status":"publish","comment_status":"closed","ping_status":"closed","post_password":"","post_name":"enric-lluch-girbes","to_ping":"","pinged":"","post_modified":"2022-10-14 15:10:19","post_modified_gmt":"2022-10-14 13:10:19","post_content_filtered":"","post_parent":0,"guid":"http:\/\/dev.claret.cat\/autor\/enric-lluch-girbes\/","menu_order":0,"post_type":"autor","post_mime_type":"","comment_count":"0","filter":"raw"}]},"aioseo_notices":[],"_links":{"self":[{"href":"https:\/\/www.claret.cat\/es\/wp-json\/wp\/v2\/product\/29132","targetHints":{"allow":["GET"]}}],"collection":[{"href":"https:\/\/www.claret.cat\/es\/wp-json\/wp\/v2\/product"}],"about":[{"href":"https:\/\/www.claret.cat\/es\/wp-json\/wp\/v2\/types\/product"}],"wp:featuredmedia":[{"embeddable":true,"href":"https:\/\/www.claret.cat\/es\/wp-json\/wp\/v2\/media\/64952"}],"wp:attachment":[{"href":"https:\/\/www.claret.cat\/es\/wp-json\/wp\/v2\/media?parent=29132"}],"wp:term":[{"taxonomy":"product_brand","embeddable":true,"href":"https:\/\/www.claret.cat\/es\/wp-json\/wp\/v2\/product_brand?post=29132"},{"taxonomy":"product_cat","embeddable":true,"href":"https:\/\/www.claret.cat\/es\/wp-json\/wp\/v2\/product_cat?post=29132"},{"taxonomy":"product_tag","embeddable":true,"href":"https:\/\/www.claret.cat\/es\/wp-json\/wp\/v2\/product_tag?post=29132"}],"curies":[{"name":"wp","href":"https:\/\/api.w.org\/{rel}","templated":true}]}}