{"id":29150,"date":"2022-10-02T11:21:52","date_gmt":"2022-10-02T09:21:52","guid":{"rendered":"http:\/\/dev.claret.cat\/producte\/ehrengard\/"},"modified":"2025-02-01T02:06:19","modified_gmt":"2025-02-01T01:06:19","slug":"ehrengard-9788417998905","status":"publish","type":"product","link":"https:\/\/www.claret.cat\/es\/libro\/ehrengard-9788417998905\/","title":{"rendered":"EHRENGARD"},"content":{"rendered":"<p>\u00c9s un dels contes m\u00e9s personals i rodons d&#8217;Isak Dinesen: una hist\u00f2ria amb princeses, palaus i malvats, una faula deliciosa a l&#8217;entorn del mite de Don Joan amb un gir ir\u00f2nic, al m\u00e9s pur estil Blixen.<br \/> Her Cazotte, un pintor amb fama de ser el seductor m\u00e9s captivador de les corts europees, queda encisat per la jove i bonica Ehrengard, una noia ja compromesa i gens voluble, formada en una fam\u00edlia de tradici\u00f3 militar. Com podria fer-s&#8217;ho per seduir-la?<\/p>\n","protected":false},"excerpt":{"rendered":"<p>DINESEN, ISAK<\/p>\n","protected":false},"featured_media":64706,"template":"","meta":{"_acf_changed":false,"om_disable_all_campaigns":false,"rs_blank_template":"","rs_page_bg_color":"","slide_template_v7":"","inline_featured_image":false,"_monsterinsights_skip_tracking":false,"_monsterinsights_sitenote_active":false,"_monsterinsights_sitenote_note":"","_monsterinsights_sitenote_category":0},"product_brand":[],"product_cat":[354,123],"product_tag":[],"class_list":{"0":"post-29150","1":"product","2":"type-product","3":"status-publish","4":"has-post-thumbnail","6":"product_cat-clasica","7":"product_cat-classica","9":"first","10":"instock","11":"taxable","12":"shipping-taxable","13":"purchasable","14":"product-type-simple"},"acf":{"autor":"DINESEN, ISAK","codart":"841799890","libros-coleccion":"Petits Plaers","ediciones":"1","encuadernacion":"R\u00fastica","fecha_de_publicacion":"01\/05\/2021","novedad":"1","paginas":"112","subtitulo":"","orden":"0","portada":"0","idioma":"cat","editorial":[{"ID":6392,"post_author":"3","post_date":"2022-07-28 17:51:10","post_date_gmt":"2022-07-28 15:51:10","post_content":"","post_title":"Viena","post_excerpt":"","post_status":"publish","comment_status":"closed","ping_status":"closed","post_password":"","post_name":"viena","to_ping":"","pinged":"","post_modified":"2022-07-28 17:51:10","post_modified_gmt":"2022-07-28 15:51:10","post_content_filtered":"","post_parent":0,"guid":"http:\/\/dev.claret.cat\/editorial\/viena\/","menu_order":0,"post_type":"editorial","post_mime_type":"","comment_count":"0","filter":"raw"}],"autores-libros":[{"ID":158113,"post_author":"3","post_date":"2022-10-14 15:34:16","post_date_gmt":"2022-10-14 13:34:16","post_content":"","post_title":"ISAK DINESEN","post_excerpt":"","post_status":"publish","comment_status":"closed","ping_status":"closed","post_password":"","post_name":"isak-dinesen","to_ping":"","pinged":"","post_modified":"2022-10-14 15:34:16","post_modified_gmt":"2022-10-14 13:34:16","post_content_filtered":"","post_parent":0,"guid":"http:\/\/dev.claret.cat\/autor\/isak-dinesen\/","menu_order":0,"post_type":"autor","post_mime_type":"","comment_count":"0","filter":"raw"}]},"aioseo_notices":[],"_links":{"self":[{"href":"https:\/\/www.claret.cat\/es\/wp-json\/wp\/v2\/product\/29150","targetHints":{"allow":["GET"]}}],"collection":[{"href":"https:\/\/www.claret.cat\/es\/wp-json\/wp\/v2\/product"}],"about":[{"href":"https:\/\/www.claret.cat\/es\/wp-json\/wp\/v2\/types\/product"}],"wp:featuredmedia":[{"embeddable":true,"href":"https:\/\/www.claret.cat\/es\/wp-json\/wp\/v2\/media\/64706"}],"wp:attachment":[{"href":"https:\/\/www.claret.cat\/es\/wp-json\/wp\/v2\/media?parent=29150"}],"wp:term":[{"taxonomy":"product_brand","embeddable":true,"href":"https:\/\/www.claret.cat\/es\/wp-json\/wp\/v2\/product_brand?post=29150"},{"taxonomy":"product_cat","embeddable":true,"href":"https:\/\/www.claret.cat\/es\/wp-json\/wp\/v2\/product_cat?post=29150"},{"taxonomy":"product_tag","embeddable":true,"href":"https:\/\/www.claret.cat\/es\/wp-json\/wp\/v2\/product_tag?post=29150"}],"curies":[{"name":"wp","href":"https:\/\/api.w.org\/{rel}","templated":true}]}}