{"id":291542,"date":"2022-12-10T23:44:15","date_gmt":"2022-12-10T22:44:15","guid":{"rendered":"http:\/\/dev.claret.cat\/llibre\/la-humanidad-nueva-nueva-edicion-renovada\/"},"modified":"2026-04-01T15:15:50","modified_gmt":"2026-04-01T13:15:50","slug":"la-humanidad-nueva-nueva-edicion-renovada-9788429325355","status":"publish","type":"product","link":"https:\/\/www.claret.cat\/es\/libro\/la-humanidad-nueva-nueva-edicion-renovada-9788429325355\/","title":{"rendered":"LA HUMANIDAD NUEVA. NUEVA EDICI\u00d3N RENOVADA"},"content":{"rendered":"<p>D\u00e9cima edici\u00f3n renovada. Presentar as\u00ed el libro La Humanidad Nueva. Ensayo de Cristolog\u00eda, de Jos\u00e9 Ignacio Gonz\u00e1lez Faus, es para su editorial Sal Terrae toda una alegr\u00eda. Su autor se adentr\u00f3 en esta cristolog\u00eda hace 42 a\u00f1os, cuando hac\u00eda pocos a\u00f1os que comenzase su docencia teol\u00f3gica, y hoy sigue vigente su relectura del credo, cr\u00edtica y creadora a la vez. En la primera edici\u00f3n, Gonz\u00e1lez Faus recordaba c\u00f3mo uno de sus alumnos puso el dedo en la llaga. Su ense\u00f1anza atravesaba la \u00e9poca en que el gran m\u00e9todo hab\u00eda de ser exponer la Biblia y los Santos Padres. Hasta que un buen d\u00eda, al acabar uno de los primeros cursos, un alumno se permit\u00f3 la siguiente cr\u00edtica: &#8216;Nos has expuesto lo que crey\u00f3 san Pablo, y lo que crey\u00f3 san Justino, y lo que creyeron los cristianos de antes. Pod\u00edas habernos dicho tambi\u00e9n qu\u00e9 es lo que hemos de creer los cristianos de hoy&#8217;.<\/p>\n<p>Busc\u00f3 respuestas y comenz\u00f3 la elaboraci\u00f3n de un trabajo pensado con el coraz\u00f3n y apasionadamente creyente. Faus se sumergi\u00f3 en las dificultades del hombre para creer -en aquel &#8216;hoy&#8217; de entonces, actual en el hoy de ahora- &#8216;en Jesucristo como Dios y Se\u00f1or, liberador del hombre todo y de la humanidad entera&#8217;. Su reflexi\u00f3n sobre Jes\u00fas se aborda en este momento hist\u00f3rico e indaga en la significaci\u00f3n que tiene Jes\u00fas para el hombre de hoy. Por eso este ensayo de cristolog\u00eda mantiene la consideraci\u00f3n de ser una de las mejores despu\u00e9s del Vaticano II. El libro lleva una vida saludable y sale de nuevo a la luz en esta edici\u00f3n renovada: un pr\u00f3logo y un ep\u00edlogo nuevo, adem\u00e1s de una actualizaci\u00f3n \u00edntegra del texto.<\/p>\n<p>&#8216;No hay oposici\u00f3n entre la actuaci\u00f3n de Dios y la actuaci\u00f3n del hombre. Lo que Dios hace, no lo hace sustituy\u00e9ndonos; y lo que nosotros hacemos, no lo conseguimos arranc\u00e1ndoselo a Dios. Lo que Dios hace, lo hace dentro de nosotros; lo que Dios hace, lo hace moviendo nuestras manos. Y lo que nosotros hacemos, lo hacemos porque Dios est\u00e1 dentro de nosotros.La \u00fanica excepci\u00f3n a este cien por cien obra de Dios y este cien por cien obra nuestra es la presencia del pecado. All\u00ed donde hay pecado puede rebajarse el cien por cien de la obra de Dios; all\u00ed donde hay pecado hay algo que se escapa a la actuaci\u00f3n del Esp\u00edritu de Dios, aunque no a su poder&#8217; . (La Humanidad Nueva)<\/p>\n","protected":false},"excerpt":{"rendered":"<p>GONZ\u00c1LEZ FAUS, JOS\u00c9 IGNACIO<\/p>\n","protected":false},"featured_media":390800,"template":"","meta":{"_acf_changed":false,"om_disable_all_campaigns":false,"rs_blank_template":"","rs_page_bg_color":"","slide_template_v7":"","inline_featured_image":false,"_monsterinsights_skip_tracking":false,"_monsterinsights_sitenote_active":false,"_monsterinsights_sitenote_note":"","_monsterinsights_sitenote_category":0},"product_brand":[],"product_cat":[541,91],"product_tag":[],"class_list":{"0":"post-291542","1":"product","2":"type-product","3":"status-publish","4":"has-post-thumbnail","6":"product_cat-cristologia-1_espiritualidad-spa","7":"product_cat-cristologia","9":"first","10":"instock","11":"taxable","12":"shipping-taxable","13":"purchasable","14":"product-type-simple"},"acf":{"editorial":[{"ID":6351,"post_author":"3","post_date":"2022-07-28 17:50:19","post_date_gmt":"2022-07-28 15:50:19","post_content":"","post_title":"Sal Terrae","post_excerpt":"","post_status":"publish","comment_status":"closed","ping_status":"closed","post_password":"","post_name":"sal-terrae","to_ping":"","pinged":"","post_modified":"2022-07-28 17:50:19","post_modified_gmt":"2022-07-28 15:50:19","post_content_filtered":"","post_parent":0,"guid":"http:\/\/dev.claret.cat\/editorial\/sal-terrae\/","menu_order":0,"post_type":"editorial","post_mime_type":"","comment_count":"0","filter":"raw"}],"autores-libros":[{"ID":5517,"post_author":"3","post_date":"2022-07-28 17:25:41","post_date_gmt":"2022-07-28 15:25:41","post_content":"","post_title":"GONZ\u00c1LEZ FAUS, JOS\u00c9 IGNACIO","post_excerpt":"","post_status":"publish","comment_status":"closed","ping_status":"closed","post_password":"","post_name":"gonzalez-faus-jose-ignacio","to_ping":"","pinged":"","post_modified":"2022-07-28 17:25:41","post_modified_gmt":"2022-07-28 15:25:41","post_content_filtered":"","post_parent":0,"guid":"http:\/\/dev.claret.cat\/autor\/gonzalez-faus-jose-ignacio\/","menu_order":0,"post_type":"autor","post_mime_type":"","comment_count":"0","filter":"raw"}],"autor":"GONZ\u00c1LEZ FAUS, JOS\u00c9 IGNACIO","codart":"842932535","libros-coleccion":"PRESENCIA TEOL\u00d3GICA","ediciones":"1","encuadernacion":"R\u00fastica","fecha_de_publicacion":"18\/02\/2016","novedad":"0","paginas":"736","subtitulo":"ENSAYO DE CRISTOLOG\u00cdA","orden":"999","portada":"0","idioma":"spa","booktrailer":"","resenas":""},"aioseo_notices":[],"_links":{"self":[{"href":"https:\/\/www.claret.cat\/es\/wp-json\/wp\/v2\/product\/291542","targetHints":{"allow":["GET"]}}],"collection":[{"href":"https:\/\/www.claret.cat\/es\/wp-json\/wp\/v2\/product"}],"about":[{"href":"https:\/\/www.claret.cat\/es\/wp-json\/wp\/v2\/types\/product"}],"wp:featuredmedia":[{"embeddable":true,"href":"https:\/\/www.claret.cat\/es\/wp-json\/wp\/v2\/media\/390800"}],"wp:attachment":[{"href":"https:\/\/www.claret.cat\/es\/wp-json\/wp\/v2\/media?parent=291542"}],"wp:term":[{"taxonomy":"product_brand","embeddable":true,"href":"https:\/\/www.claret.cat\/es\/wp-json\/wp\/v2\/product_brand?post=291542"},{"taxonomy":"product_cat","embeddable":true,"href":"https:\/\/www.claret.cat\/es\/wp-json\/wp\/v2\/product_cat?post=291542"},{"taxonomy":"product_tag","embeddable":true,"href":"https:\/\/www.claret.cat\/es\/wp-json\/wp\/v2\/product_tag?post=291542"}],"curies":[{"name":"wp","href":"https:\/\/api.w.org\/{rel}","templated":true}]}}