{"id":292272,"date":"2022-12-11T00:41:48","date_gmt":"2022-12-10T23:41:48","guid":{"rendered":"http:\/\/dev.claret.cat\/llibre\/el-seguimiento-de-jesus\/"},"modified":"2026-04-07T11:30:41","modified_gmt":"2026-04-07T09:30:41","slug":"el-seguimiento-de-jesus-9788430110063","status":"publish","type":"product","link":"https:\/\/www.claret.cat\/es\/libro\/el-seguimiento-de-jesus-9788430110063\/","title":{"rendered":"EL SEGUIMIENTO DE JESUS"},"content":{"rendered":"<p>Este libro pretende demostrar que el centro, el eje y la clave de la espiritualidad cristiana es el seguimiento de Jes\u00fas. La espiritualidad cristiana no tiene ni puede tener m\u00e1s origen y m\u00e1s fundamento que la persona de Jes\u00fas y su existencia concreta. Pero la forma m\u00e1s radical de recuperar lo concreto de Jes\u00fas y hacer de ello origen y fundamento de toda vida cristiana aparece en los evangelios como invitaci\u00f3n y exigencia de Jes\u00fas a su seguimiento.<br \/>Recuperar a Jes\u00fas no significa s\u00f3lo tener noticias de lo que fue en concreto su vida, misi\u00f3n y destino, sino participar en ello y reproducirlo a lo largo de la historia. El seguimiento de Jes\u00fas se convierte as\u00ed en la f\u00f3rmula breve del cristianismo porque enuncia la recuperaci\u00f3n de Jes\u00fas y el modo de recuperarlo.<br \/>Tiene la virtualidad de resumir la totalidad de la vida cristiana y de evocarla desde lo concreto. Tiene el car\u00e1cter de norma y tambi\u00e9n de \u00e1nimo a su realizaci\u00f3n, de exigencia por lo costoso y de gozo por haber encontrado la \u00abperla preciosa\u00bb.<\/p>\n","protected":false},"excerpt":{"rendered":"<p>CASTILLO, JOS\u00c9 M.<\/p>\n","protected":false},"featured_media":1094940,"template":"","meta":{"_acf_changed":false,"om_disable_all_campaigns":false,"rs_blank_template":"","rs_page_bg_color":"","slide_template_v7":"","inline_featured_image":false,"_monsterinsights_skip_tracking":false,"_monsterinsights_sitenote_active":false,"_monsterinsights_sitenote_note":"","_monsterinsights_sitenote_category":0},"product_brand":[],"product_cat":[90,540],"product_tag":[],"class_list":{"0":"post-292272","1":"product","2":"type-product","3":"status-publish","4":"has-post-thumbnail","6":"product_cat-altres","7":"product_cat-otros","9":"first","10":"outofstock","11":"taxable","12":"shipping-taxable","13":"purchasable","14":"product-type-simple"},"acf":{"autor":"CASTILLO, JOS\u00c9 M.","codart":"843011006","libros-coleccion":"Verdad e Imagen","ediciones":"1","encuadernacion":"[EditValue is null]","fecha_de_publicacion":"01\/11\/1986","novedad":"0","paginas":"240","subtitulo":"","orden":"999","portada":"0","idioma":"spa","editorial":[{"ID":6364,"post_author":"3","post_date":"2022-07-28 17:50:36","post_date_gmt":"2022-07-28 15:50:36","post_content":"","post_title":"S\u00edgueme","post_excerpt":"","post_status":"publish","comment_status":"closed","ping_status":"closed","post_password":"","post_name":"sigueme","to_ping":"","pinged":"","post_modified":"2022-07-28 17:50:36","post_modified_gmt":"2022-07-28 15:50:36","post_content_filtered":"","post_parent":0,"guid":"http:\/\/dev.claret.cat\/editorial\/sigueme\/","menu_order":0,"post_type":"editorial","post_mime_type":"","comment_count":"0","filter":"raw"}],"autores-libros":[{"ID":160383,"post_author":"3","post_date":"2022-10-14 15:52:37","post_date_gmt":"2022-10-14 13:52:37","post_content":"","post_title":"JOS\u00c9 M. CASTILLO","post_excerpt":"","post_status":"publish","comment_status":"closed","ping_status":"closed","post_password":"","post_name":"jose-m-castillo-2","to_ping":"","pinged":"","post_modified":"2022-10-14 15:52:37","post_modified_gmt":"2022-10-14 13:52:37","post_content_filtered":"","post_parent":0,"guid":"http:\/\/dev.claret.cat\/autor\/jose-m-castillo-2\/","menu_order":0,"post_type":"autor","post_mime_type":"","comment_count":"0","filter":"raw"}],"booktrailer":"","resenas":""},"aioseo_notices":[],"_links":{"self":[{"href":"https:\/\/www.claret.cat\/es\/wp-json\/wp\/v2\/product\/292272","targetHints":{"allow":["GET"]}}],"collection":[{"href":"https:\/\/www.claret.cat\/es\/wp-json\/wp\/v2\/product"}],"about":[{"href":"https:\/\/www.claret.cat\/es\/wp-json\/wp\/v2\/types\/product"}],"wp:featuredmedia":[{"embeddable":true,"href":"https:\/\/www.claret.cat\/es\/wp-json\/wp\/v2\/media\/1094940"}],"wp:attachment":[{"href":"https:\/\/www.claret.cat\/es\/wp-json\/wp\/v2\/media?parent=292272"}],"wp:term":[{"taxonomy":"product_brand","embeddable":true,"href":"https:\/\/www.claret.cat\/es\/wp-json\/wp\/v2\/product_brand?post=292272"},{"taxonomy":"product_cat","embeddable":true,"href":"https:\/\/www.claret.cat\/es\/wp-json\/wp\/v2\/product_cat?post=292272"},{"taxonomy":"product_tag","embeddable":true,"href":"https:\/\/www.claret.cat\/es\/wp-json\/wp\/v2\/product_tag?post=292272"}],"curies":[{"name":"wp","href":"https:\/\/api.w.org\/{rel}","templated":true}]}}