{"id":292305,"date":"2022-12-11T00:43:01","date_gmt":"2022-12-10T23:43:01","guid":{"rendered":"http:\/\/dev.claret.cat\/llibre\/cuarenta-anos-en-el-circulo-polar-2\/"},"modified":"2024-05-24T07:25:44","modified_gmt":"2024-05-24T05:25:44","slug":"cuarenta-anos-en-el-circulo-polar-9788430111107","status":"publish","type":"product","link":"https:\/\/www.claret.cat\/es\/libro\/cuarenta-anos-en-el-circulo-polar-9788430111107\/","title":{"rendered":"CUARENTA A\u00d1OS EN EL CIRCULO POLAR"},"content":{"rendered":"<p>\u00abQu\u00e9 hermosos los pies del mensajero que anuncia la paz, que trae la buena nueva, que pregona la salvaci\u00f3n\u00bb; estas palabras del profeta Isa\u00edas evocan en muchos el nombre inconfundible del padre Segundo Llorente.<\/p>\n<p>Cuarenta a\u00f1os en el C\u00edrculo Polar recoge las mejores p\u00e1ginas escritas por el legendario misionero de Alaska, aventurero en el pa\u00eds de los eternos hielos, el de las cr\u00f3nicas akulurake\u00f1as escritas en las lomas del Polo Norte y desde la desembocadura del Yukon.<\/p>\n<p>Los escritos est\u00e1n agrupados en seis grandes partes: I. La traves\u00eda y primeras experiencias; II. La tundra implacable; III. Episodios alaske\u00f1os; IV. Personajes y aventuras; V. Mi paso por el Congreso; VI. Ser misionero.<\/p>\n<p>Segundo Llorente (1906-1989) fue el primer espa\u00f1ol en ser diputado en el Congreso de Alaska. Jesuita y misionero, desarroll\u00f3 su actividad durante cuarenta a\u00f1os entre los pueblos esquimales, a uno y otro lado del r\u00edo Yuk\u00f3n<\/p>\n","protected":false},"excerpt":{"rendered":"<p>LLORENTE, SEGUNDO<\/p>\n","protected":false},"featured_media":341366,"template":"","meta":{"_acf_changed":false,"om_disable_all_campaigns":false,"rs_blank_template":"","rs_page_bg_color":"","slide_template_v7":"","inline_featured_image":false,"_monsterinsights_skip_tracking":false,"_monsterinsights_sitenote_active":false,"_monsterinsights_sitenote_note":"","_monsterinsights_sitenote_category":0},"product_brand":[],"product_cat":[90,540],"product_tag":[],"class_list":{"0":"post-292305","1":"product","2":"type-product","3":"status-publish","4":"has-post-thumbnail","6":"product_cat-altres","7":"product_cat-otros","9":"first","10":"outofstock","11":"taxable","12":"shipping-taxable","13":"purchasable","14":"product-type-simple"},"acf":{"autor":"LLORENTE, SEGUNDO","codart":"843011110","libros-coleccion":"FORA DE COL.LECCI\u00d3","ediciones":"1","encuadernacion":"Carton\u00e9","fecha_de_publicacion":"01\/06\/1990","novedad":"0","paginas":"392","subtitulo":"","orden":"999","portada":"0","idioma":"spa","editorial":[{"ID":6364,"post_author":"3","post_date":"2022-07-28 17:50:36","post_date_gmt":"2022-07-28 15:50:36","post_content":"","post_title":"S\u00edgueme","post_excerpt":"","post_status":"publish","comment_status":"closed","ping_status":"closed","post_password":"","post_name":"sigueme","to_ping":"","pinged":"","post_modified":"2022-07-28 17:50:36","post_modified_gmt":"2022-07-28 15:50:36","post_content_filtered":"","post_parent":0,"guid":"http:\/\/dev.claret.cat\/editorial\/sigueme\/","menu_order":0,"post_type":"editorial","post_mime_type":"","comment_count":"0","filter":"raw"}],"autores-libros":[{"ID":169271,"post_author":"3","post_date":"2022-10-14 22:25:53","post_date_gmt":"2022-10-14 20:25:53","post_content":"","post_title":"SEGUNDO LLORENTE","post_excerpt":"","post_status":"publish","comment_status":"closed","ping_status":"closed","post_password":"","post_name":"segundo-llorente","to_ping":"","pinged":"","post_modified":"2022-10-14 22:25:53","post_modified_gmt":"2022-10-14 20:25:53","post_content_filtered":"","post_parent":0,"guid":"http:\/\/dev.claret.cat\/autor\/segundo-llorente\/","menu_order":0,"post_type":"autor","post_mime_type":"","comment_count":"0","filter":"raw"}]},"aioseo_notices":[],"_links":{"self":[{"href":"https:\/\/www.claret.cat\/es\/wp-json\/wp\/v2\/product\/292305","targetHints":{"allow":["GET"]}}],"collection":[{"href":"https:\/\/www.claret.cat\/es\/wp-json\/wp\/v2\/product"}],"about":[{"href":"https:\/\/www.claret.cat\/es\/wp-json\/wp\/v2\/types\/product"}],"wp:featuredmedia":[{"embeddable":true,"href":"https:\/\/www.claret.cat\/es\/wp-json\/wp\/v2\/media\/341366"}],"wp:attachment":[{"href":"https:\/\/www.claret.cat\/es\/wp-json\/wp\/v2\/media?parent=292305"}],"wp:term":[{"taxonomy":"product_brand","embeddable":true,"href":"https:\/\/www.claret.cat\/es\/wp-json\/wp\/v2\/product_brand?post=292305"},{"taxonomy":"product_cat","embeddable":true,"href":"https:\/\/www.claret.cat\/es\/wp-json\/wp\/v2\/product_cat?post=292305"},{"taxonomy":"product_tag","embeddable":true,"href":"https:\/\/www.claret.cat\/es\/wp-json\/wp\/v2\/product_tag?post=292305"}],"curies":[{"name":"wp","href":"https:\/\/api.w.org\/{rel}","templated":true}]}}