{"id":292452,"date":"2022-12-11T01:03:20","date_gmt":"2022-12-11T00:03:20","guid":{"rendered":"http:\/\/dev.claret.cat\/llibre\/el-destino\/"},"modified":"2026-02-11T12:41:41","modified_gmt":"2026-02-11T11:41:41","slug":"el-destino-9788430114283","status":"publish","type":"product","link":"https:\/\/www.claret.cat\/es\/libro\/el-destino-9788430114283\/","title":{"rendered":"EL DESTINO"},"content":{"rendered":"<p>\u00bfNecesitan los hombres de nuestra \u00e9poca ser salvados? \u00bfLes sigue preocupando la muerte y lo que hay despu\u00e9s de ella? \u00bfLa esperanza es un mito o es la raz\u00f3n que mueve su vida? A lo largo de las p\u00e1ginas de esta obra se encuentran algunas respuestas esenciales a esta cuesti\u00f3n perenne del destino, pero tambi\u00e9n aparecen nuevas preguntas que invitan a seguir reflexionando en busca de certezas.<br \/>El profesor de la Universidad de Lovaina Adolphe Gesch\u00e9, ha elaborado una peculiar dogm\u00e1tica bajo el t\u00edtulo \u00abDios para pensar\u00bb. En ella El destino es su quinta entrega. Teolog\u00eda contempor\u00e1nea en estado puro y a contracorriente. Teolog\u00eda: habla de Dios. Contempor\u00e1nea: con la sensibilidad del mundo que nos est\u00e1 tocando vivir. A contracorriente: Dios en el centro para hablar de \u00c9l desde \u00c9l mismo, sin necesidad de ser en primer lugar antropolog\u00eda o cosmolog\u00eda.<\/p>\n","protected":false},"excerpt":{"rendered":"<p>GESCHE, ADOLPHE<\/p>\n","protected":false},"featured_media":1083033,"template":"","meta":{"_acf_changed":false,"om_disable_all_campaigns":false,"rs_blank_template":"","rs_page_bg_color":"","slide_template_v7":"","inline_featured_image":false,"_monsterinsights_skip_tracking":false,"_monsterinsights_sitenote_active":false,"_monsterinsights_sitenote_note":"","_monsterinsights_sitenote_category":0},"product_brand":[],"product_cat":[279,509,281,416,284,418,497,248],"product_tag":[],"class_list":{"0":"post-292452","1":"product","2":"type-product","3":"status-publish","4":"has-post-thumbnail","6":"product_cat-antropologia-teologica","7":"product_cat-antropologia-teologica-teologia-1_espiritualidad","8":"product_cat-escatologia","9":"product_cat-escatologia-teologia-1_espiritualidad","10":"product_cat-espiritual","11":"product_cat-espiritual-teologia-1_espiritualidad","12":"product_cat-meditaciones","13":"product_cat-meditacions","15":"first","16":"instock","17":"taxable","18":"shipping-taxable","19":"purchasable","20":"product-type-simple"},"acf":{"autor":"GESCHE, ADOLPHE","codart":"843011428","libros-coleccion":"Verdad e Imagen","ediciones":"2","encuadernacion":"R\u00fastica","fecha_de_publicacion":"11\/04\/2007","novedad":"0","paginas":"222","subtitulo":"DIOS PARA PENSAR V","orden":"999","portada":"0","idioma":"spa","editorial":[{"ID":6364,"post_author":"3","post_date":"2022-07-28 17:50:36","post_date_gmt":"2022-07-28 15:50:36","post_content":"","post_title":"S\u00edgueme","post_excerpt":"","post_status":"publish","comment_status":"closed","ping_status":"closed","post_password":"","post_name":"sigueme","to_ping":"","pinged":"","post_modified":"2022-07-28 17:50:36","post_modified_gmt":"2022-07-28 15:50:36","post_content_filtered":"","post_parent":0,"guid":"http:\/\/dev.claret.cat\/editorial\/sigueme\/","menu_order":0,"post_type":"editorial","post_mime_type":"","comment_count":"0","filter":"raw"}],"autores-libros":[{"ID":262775,"post_author":"3","post_date":"2022-12-01 11:08:20","post_date_gmt":"2022-12-01 10:08:20","post_content":"","post_title":"ADOLPHE GESCHE","post_excerpt":"","post_status":"publish","comment_status":"closed","ping_status":"closed","post_password":"","post_name":"adolphe-gesche","to_ping":"","pinged":"","post_modified":"2022-12-01 11:08:20","post_modified_gmt":"2022-12-01 10:08:20","post_content_filtered":"","post_parent":0,"guid":"http:\/\/dev.claret.cat\/autor\/adolphe-gesche\/","menu_order":0,"post_type":"autor","post_mime_type":"","comment_count":"0","filter":"raw"}],"booktrailer":"","resenas":""},"aioseo_notices":[],"_links":{"self":[{"href":"https:\/\/www.claret.cat\/es\/wp-json\/wp\/v2\/product\/292452","targetHints":{"allow":["GET"]}}],"collection":[{"href":"https:\/\/www.claret.cat\/es\/wp-json\/wp\/v2\/product"}],"about":[{"href":"https:\/\/www.claret.cat\/es\/wp-json\/wp\/v2\/types\/product"}],"wp:featuredmedia":[{"embeddable":true,"href":"https:\/\/www.claret.cat\/es\/wp-json\/wp\/v2\/media\/1083033"}],"wp:attachment":[{"href":"https:\/\/www.claret.cat\/es\/wp-json\/wp\/v2\/media?parent=292452"}],"wp:term":[{"taxonomy":"product_brand","embeddable":true,"href":"https:\/\/www.claret.cat\/es\/wp-json\/wp\/v2\/product_brand?post=292452"},{"taxonomy":"product_cat","embeddable":true,"href":"https:\/\/www.claret.cat\/es\/wp-json\/wp\/v2\/product_cat?post=292452"},{"taxonomy":"product_tag","embeddable":true,"href":"https:\/\/www.claret.cat\/es\/wp-json\/wp\/v2\/product_tag?post=292452"}],"curies":[{"name":"wp","href":"https:\/\/api.w.org\/{rel}","templated":true}]}}