{"id":292462,"date":"2022-12-11T01:03:44","date_gmt":"2022-12-11T00:03:44","guid":{"rendered":"http:\/\/dev.claret.cat\/llibre\/el-mal-3\/"},"modified":"2024-06-25T17:50:51","modified_gmt":"2024-06-25T15:50:51","slug":"el-mal-9788430114511","status":"publish","type":"product","link":"https:\/\/www.claret.cat\/es\/libro\/el-mal-9788430114511\/","title":{"rendered":"EL MAL"},"content":{"rendered":"<p>Adolphe Gesch\u00e9 ha elaborado en los \u00faltimos a\u00f1os una extensa y sugerente dogm\u00e1tica titulada Dios para pensar.<br \/>Si Gesch\u00e9 hubiera sido un autor cl\u00e1sico, habr\u00eda comenzado su reflexi\u00f3n teol\u00f3gica abordando una de estas tres cuestiones: la naturaleza, el hombre o Dios. Sin embargo, por ser un intelectual contempor\u00e1neo, no ha podido sustraerse a la pregunta escandalosa que el mal provoca en el hombre de hoy, aut\u00e9ntica piedra de toque y enigma que ha de ser iluminado coherentemente para poder hablar del resto de las cuestiones esenciales.<br \/>Cinco cap\u00edtulos presentan otras tantas perspectivas de este tema perenne: 1. T\u00f3picos sobre la cuesti\u00f3n del mal; 2. Dios en el enigma del mal; 3. El pecado original y la culpabilidad en Occidente; 4. Las teolog\u00edas que ofrecen liberaci\u00f3n al hombre y el mal; 5. El reto que el mal supone para la reflexi\u00f3n sobre Dios (teodicea).<\/p>\n","protected":false},"excerpt":{"rendered":"<p>GESCHE, ADOLPHE<\/p>\n","protected":false},"featured_media":341499,"template":"","meta":{"_acf_changed":false,"om_disable_all_campaigns":false,"rs_blank_template":"","rs_page_bg_color":"","slide_template_v7":"","inline_featured_image":false,"_monsterinsights_skip_tracking":false,"_monsterinsights_sitenote_active":false,"_monsterinsights_sitenote_note":"","_monsterinsights_sitenote_category":0},"product_brand":[],"product_cat":[90,540],"product_tag":[],"class_list":{"0":"post-292462","1":"product","2":"type-product","3":"status-publish","4":"has-post-thumbnail","6":"product_cat-altres","7":"product_cat-otros","9":"first","10":"instock","11":"taxable","12":"shipping-taxable","13":"purchasable","14":"product-type-simple"},"acf":{"autor":"GESCHE, ADOLPHE","codart":"843011451","libros-coleccion":"FORA DE COL.LECCI\u00d3","ediciones":"1","encuadernacion":"[Vac\u00edo]","fecha_de_publicacion":"01\/03\/2002","novedad":"0","paginas":"196","subtitulo":"","orden":"999","portada":"0","idioma":"spa","editorial":[{"ID":6364,"post_author":"3","post_date":"2022-07-28 17:50:36","post_date_gmt":"2022-07-28 15:50:36","post_content":"","post_title":"S\u00edgueme","post_excerpt":"","post_status":"publish","comment_status":"closed","ping_status":"closed","post_password":"","post_name":"sigueme","to_ping":"","pinged":"","post_modified":"2022-07-28 17:50:36","post_modified_gmt":"2022-07-28 15:50:36","post_content_filtered":"","post_parent":0,"guid":"http:\/\/dev.claret.cat\/editorial\/sigueme\/","menu_order":0,"post_type":"editorial","post_mime_type":"","comment_count":"0","filter":"raw"}],"autores-libros":[{"ID":262775,"post_author":"3","post_date":"2022-12-01 11:08:20","post_date_gmt":"2022-12-01 10:08:20","post_content":"","post_title":"ADOLPHE GESCHE","post_excerpt":"","post_status":"publish","comment_status":"closed","ping_status":"closed","post_password":"","post_name":"adolphe-gesche","to_ping":"","pinged":"","post_modified":"2022-12-01 11:08:20","post_modified_gmt":"2022-12-01 10:08:20","post_content_filtered":"","post_parent":0,"guid":"http:\/\/dev.claret.cat\/autor\/adolphe-gesche\/","menu_order":0,"post_type":"autor","post_mime_type":"","comment_count":"0","filter":"raw"}]},"aioseo_notices":[],"_links":{"self":[{"href":"https:\/\/www.claret.cat\/es\/wp-json\/wp\/v2\/product\/292462","targetHints":{"allow":["GET"]}}],"collection":[{"href":"https:\/\/www.claret.cat\/es\/wp-json\/wp\/v2\/product"}],"about":[{"href":"https:\/\/www.claret.cat\/es\/wp-json\/wp\/v2\/types\/product"}],"wp:featuredmedia":[{"embeddable":true,"href":"https:\/\/www.claret.cat\/es\/wp-json\/wp\/v2\/media\/341499"}],"wp:attachment":[{"href":"https:\/\/www.claret.cat\/es\/wp-json\/wp\/v2\/media?parent=292462"}],"wp:term":[{"taxonomy":"product_brand","embeddable":true,"href":"https:\/\/www.claret.cat\/es\/wp-json\/wp\/v2\/product_brand?post=292462"},{"taxonomy":"product_cat","embeddable":true,"href":"https:\/\/www.claret.cat\/es\/wp-json\/wp\/v2\/product_cat?post=292462"},{"taxonomy":"product_tag","embeddable":true,"href":"https:\/\/www.claret.cat\/es\/wp-json\/wp\/v2\/product_tag?post=292462"}],"curies":[{"name":"wp","href":"https:\/\/api.w.org\/{rel}","templated":true}]}}