{"id":292472,"date":"2022-12-11T01:04:09","date_gmt":"2022-12-11T00:04:09","guid":{"rendered":"http:\/\/dev.claret.cat\/llibre\/el-hombre\/"},"modified":"2026-02-11T12:41:59","modified_gmt":"2026-02-11T11:41:59","slug":"el-hombre-9788430114627","status":"publish","type":"product","link":"https:\/\/www.claret.cat\/es\/libro\/el-hombre-9788430114627\/","title":{"rendered":"EL HOMBRE"},"content":{"rendered":"<p>Tras examinar la cuesti\u00f3n del mal, puerta de ingreso en la sugestiva y extensa dogm\u00e1tica titulada Dios para pensar, el profesor Gesch\u00e9 invita a reflexionar sobre el hombre.<br \/>Pocas tareas han reclamado tantas energ\u00edas en la \u00e9poca contempor\u00e1nea como la de intentar comprender al ser humano. Su misterio ha buscado ser esclarecido desde \u00e1mbitos tan distintos como la biolog\u00eda, la antropolog\u00eda cultural, la psicolog\u00eda, el pensamiento pol\u00edtico o la sociolog\u00eda, sin llegar a alcanzar del todo el objetivo deseado. Este aparente fracaso se ha debido en gran medida al excluyente planteamiento horizontal que se ha empleado en la resoluci\u00f3n de tan arduo enigma.<br \/>Y sin embargo, \u00bfno habr\u00e1 llegado la hora de sumar a los valiosos resultados alcanzados por las ciencias humanas la aportaci\u00f3n original de la teolog\u00eda? As\u00ed, la propuesta de cambiar de perspectiva y contemplar desde arriba al ser humano, es decir, desde la alteridad que le proporciona el t\u00fa divino, tal vez pueda servir para romper el c\u00edrculo que tiene encerrado en s\u00ed mismo al propio hombre.<\/p>\n","protected":false},"excerpt":{"rendered":"<p>GESCHE, ADOLPHE<\/p>\n","protected":false},"featured_media":1083035,"template":"","meta":{"_acf_changed":false,"om_disable_all_campaigns":false,"rs_blank_template":"","rs_page_bg_color":"","slide_template_v7":"","inline_featured_image":false,"_monsterinsights_skip_tracking":false,"_monsterinsights_sitenote_active":false,"_monsterinsights_sitenote_note":"","_monsterinsights_sitenote_category":0},"product_brand":[],"product_cat":[90,540],"product_tag":[],"class_list":{"0":"post-292472","1":"product","2":"type-product","3":"status-publish","4":"has-post-thumbnail","6":"product_cat-altres","7":"product_cat-otros","9":"first","10":"instock","11":"taxable","12":"shipping-taxable","13":"purchasable","14":"product-type-simple"},"acf":{"autor":"GESCHE, ADOLPHE","codart":"843011462","libros-coleccion":"FORA DE COL.LECCI\u00d3","ediciones":"2","encuadernacion":"[EditValue is null]","fecha_de_publicacion":"01\/07\/2002","novedad":"0","paginas":"160","subtitulo":"","orden":"999","portada":"0","idioma":"spa","editorial":[{"ID":6364,"post_author":"3","post_date":"2022-07-28 17:50:36","post_date_gmt":"2022-07-28 15:50:36","post_content":"","post_title":"S\u00edgueme","post_excerpt":"","post_status":"publish","comment_status":"closed","ping_status":"closed","post_password":"","post_name":"sigueme","to_ping":"","pinged":"","post_modified":"2022-07-28 17:50:36","post_modified_gmt":"2022-07-28 15:50:36","post_content_filtered":"","post_parent":0,"guid":"http:\/\/dev.claret.cat\/editorial\/sigueme\/","menu_order":0,"post_type":"editorial","post_mime_type":"","comment_count":"0","filter":"raw"}],"autores-libros":[{"ID":262775,"post_author":"3","post_date":"2022-12-01 11:08:20","post_date_gmt":"2022-12-01 10:08:20","post_content":"","post_title":"ADOLPHE GESCHE","post_excerpt":"","post_status":"publish","comment_status":"closed","ping_status":"closed","post_password":"","post_name":"adolphe-gesche","to_ping":"","pinged":"","post_modified":"2022-12-01 11:08:20","post_modified_gmt":"2022-12-01 10:08:20","post_content_filtered":"","post_parent":0,"guid":"http:\/\/dev.claret.cat\/autor\/adolphe-gesche\/","menu_order":0,"post_type":"autor","post_mime_type":"","comment_count":"0","filter":"raw"}],"booktrailer":"","resenas":""},"aioseo_notices":[],"_links":{"self":[{"href":"https:\/\/www.claret.cat\/es\/wp-json\/wp\/v2\/product\/292472","targetHints":{"allow":["GET"]}}],"collection":[{"href":"https:\/\/www.claret.cat\/es\/wp-json\/wp\/v2\/product"}],"about":[{"href":"https:\/\/www.claret.cat\/es\/wp-json\/wp\/v2\/types\/product"}],"wp:featuredmedia":[{"embeddable":true,"href":"https:\/\/www.claret.cat\/es\/wp-json\/wp\/v2\/media\/1083035"}],"wp:attachment":[{"href":"https:\/\/www.claret.cat\/es\/wp-json\/wp\/v2\/media?parent=292472"}],"wp:term":[{"taxonomy":"product_brand","embeddable":true,"href":"https:\/\/www.claret.cat\/es\/wp-json\/wp\/v2\/product_brand?post=292472"},{"taxonomy":"product_cat","embeddable":true,"href":"https:\/\/www.claret.cat\/es\/wp-json\/wp\/v2\/product_cat?post=292472"},{"taxonomy":"product_tag","embeddable":true,"href":"https:\/\/www.claret.cat\/es\/wp-json\/wp\/v2\/product_tag?post=292472"}],"curies":[{"name":"wp","href":"https:\/\/api.w.org\/{rel}","templated":true}]}}