{"id":292622,"date":"2022-12-11T01:30:09","date_gmt":"2022-12-11T00:30:09","guid":{"rendered":"http:\/\/dev.claret.cat\/llibre\/introduccion-a-la-teologia-evangelica-2\/"},"modified":"2024-11-18T10:10:21","modified_gmt":"2024-11-18T09:10:21","slug":"introduccion-a-la-teologia-evangelica-9788430115839","status":"publish","type":"product","link":"https:\/\/www.claret.cat\/es\/libro\/introduccion-a-la-teologia-evangelica-9788430115839\/","title":{"rendered":"INTRODUCCI\u00d3N A LA TEOLOG\u00cdA EVANG\u00c9LICA"},"content":{"rendered":"<p>Introducci\u00f3n a la teolog\u00eda evang\u00e9lica es el testamento teol\u00f3gico y creyente del gran pensador suizo Karl Barth. En esta obra se presenta la s\u00edntesis de sus ideas y de su vida como indagador de la profundidad de Dios. Tal vez por tratarse de un legado, por ser un texto sint\u00e9tico y por versar sobre Dios, este libro tiene que leerse sin prisas, rumiando cada frase, volviendo sobre la anterior hasta que cada una entregue su sentido pleno, preparando as\u00ed la que est\u00e1 por venir. La presente introducci\u00f3n es una invitaci\u00f3n a adentrarse en el misterio de la Teolog\u00eda con may\u00fascula. Pero tambi\u00e9n es un reto, consistente en llevar a cabo una experiencia que inici\u00e1ticamente conduce al coraz\u00f3n del cristianismo.<\/p>\n","protected":false},"excerpt":{"rendered":"<p>BARTH,KARL<\/p>\n","protected":false},"featured_media":341681,"template":"","meta":{"_acf_changed":false,"om_disable_all_campaigns":false,"rs_blank_template":"","rs_page_bg_color":"","slide_template_v7":"","inline_featured_image":false,"_monsterinsights_skip_tracking":false,"_monsterinsights_sitenote_active":false,"_monsterinsights_sitenote_note":"","_monsterinsights_sitenote_category":0},"product_brand":[],"product_cat":[275,413,497,248],"product_tag":[],"class_list":{"0":"post-292622","1":"product","2":"type-product","3":"status-publish","4":"has-post-thumbnail","6":"product_cat-fonamental","7":"product_cat-fundamental","8":"product_cat-meditaciones","9":"product_cat-meditacions","11":"first","12":"outofstock","13":"taxable","14":"shipping-taxable","15":"purchasable","16":"product-type-simple"},"acf":{"autor":"BARTH,KARL","codart":"843011583","libros-coleccion":"Verdad e Imagen minor","ediciones":"1","encuadernacion":"Carton\u00e9","fecha_de_publicacion":"26\/01\/2006","novedad":"0","paginas":"238","subtitulo":"","orden":"999","portada":"0","idioma":"spa","editorial":[{"ID":6364,"post_author":"3","post_date":"2022-07-28 17:50:36","post_date_gmt":"2022-07-28 15:50:36","post_content":"","post_title":"S\u00edgueme","post_excerpt":"","post_status":"publish","comment_status":"closed","ping_status":"closed","post_password":"","post_name":"sigueme","to_ping":"","pinged":"","post_modified":"2022-07-28 17:50:36","post_modified_gmt":"2022-07-28 15:50:36","post_content_filtered":"","post_parent":0,"guid":"http:\/\/dev.claret.cat\/editorial\/sigueme\/","menu_order":0,"post_type":"editorial","post_mime_type":"","comment_count":"0","filter":"raw"}],"autores-libros":[{"ID":161439,"post_author":"3","post_date":"2022-10-14 17:18:13","post_date_gmt":"2022-10-14 15:18:13","post_content":"","post_title":"KARL BARTH","post_excerpt":"","post_status":"publish","comment_status":"closed","ping_status":"closed","post_password":"","post_name":"karl-barth","to_ping":"","pinged":"","post_modified":"2022-10-14 17:18:13","post_modified_gmt":"2022-10-14 15:18:13","post_content_filtered":"","post_parent":0,"guid":"http:\/\/dev.claret.cat\/autor\/karl-barth\/","menu_order":0,"post_type":"autor","post_mime_type":"","comment_count":"0","filter":"raw"}]},"aioseo_notices":[],"_links":{"self":[{"href":"https:\/\/www.claret.cat\/es\/wp-json\/wp\/v2\/product\/292622","targetHints":{"allow":["GET"]}}],"collection":[{"href":"https:\/\/www.claret.cat\/es\/wp-json\/wp\/v2\/product"}],"about":[{"href":"https:\/\/www.claret.cat\/es\/wp-json\/wp\/v2\/types\/product"}],"wp:featuredmedia":[{"embeddable":true,"href":"https:\/\/www.claret.cat\/es\/wp-json\/wp\/v2\/media\/341681"}],"wp:attachment":[{"href":"https:\/\/www.claret.cat\/es\/wp-json\/wp\/v2\/media?parent=292622"}],"wp:term":[{"taxonomy":"product_brand","embeddable":true,"href":"https:\/\/www.claret.cat\/es\/wp-json\/wp\/v2\/product_brand?post=292622"},{"taxonomy":"product_cat","embeddable":true,"href":"https:\/\/www.claret.cat\/es\/wp-json\/wp\/v2\/product_cat?post=292622"},{"taxonomy":"product_tag","embeddable":true,"href":"https:\/\/www.claret.cat\/es\/wp-json\/wp\/v2\/product_tag?post=292622"}],"curies":[{"name":"wp","href":"https:\/\/api.w.org\/{rel}","templated":true}]}}