{"id":29264,"date":"2022-10-02T11:23:33","date_gmt":"2022-10-02T09:23:33","guid":{"rendered":"http:\/\/dev.claret.cat\/producte\/el-asedio-de-macindaw\/"},"modified":"2023-01-28T07:17:20","modified_gmt":"2023-01-28T06:17:20","slug":"el-asedio-de-macindaw-9788418002281","status":"publish","type":"product","link":"https:\/\/www.claret.cat\/es\/libro\/el-asedio-de-macindaw-9788418002281\/","title":{"rendered":"EL ASEDIO DE MACINDAW"},"content":{"rendered":"<p>Sexto libro de la saga &#8216;Aprendiz de guardi\u00e1n&#8217;, serie superventas con m\u00e1s de 15 millones de ejemplares vendidos en todo el mundo.<\/p>\n<p> El reino est\u00e1 en peligro. El caballero renegado Sir Keren ha logrado tomar el castillo de Macindaw y ahora est\u00e1 conspirando con los Scotti. El destino de Araluen est\u00e1 en manos de dos j\u00f3venes aventureros: el guardi\u00e1n Will y su amigo, Horace. Sin embargo, para Will, lo que est\u00e1 en juego es a\u00fan mayor. Porque dentro del castillo, alguien a quien ama est\u00e1 prisionera. Y ahora ha llegado el momento de que este antiguo aprendiz crezca.<\/p>\n","protected":false},"excerpt":{"rendered":"<p>FLANAGAN, JOHN<\/p>\n","protected":false},"featured_media":65144,"template":"","meta":{"_acf_changed":false,"om_disable_all_campaigns":false,"rs_blank_template":"","rs_page_bg_color":"","slide_template_v7":"","inline_featured_image":false,"_monsterinsights_skip_tracking":false,"_monsterinsights_sitenote_active":false,"_monsterinsights_sitenote_note":"","_monsterinsights_sitenote_category":0},"product_brand":[],"product_cat":[16],"product_tag":[],"class_list":{"0":"post-29264","1":"product","2":"type-product","3":"status-publish","4":"has-post-thumbnail","6":"product_cat-sense-categoria","8":"first","9":"instock","10":"taxable","11":"shipping-taxable","12":"purchasable","13":"product-type-simple"},"acf":{"autor":"FLANAGAN, JOHN","codart":"841800228","libros-coleccion":"FORA DE COL.LECCI\u00d3","ediciones":"1","encuadernacion":"R\u00fastica","fecha_de_publicacion":"01\/03\/2021","novedad":"1","paginas":"0","subtitulo":"","orden":"0","portada":"0","idioma":"spa","editorial":[{"ID":148258,"post_author":"3","post_date":"2022-10-14 11:56:51","post_date_gmt":"2022-10-14 09:56:51","post_content":"","post_title":"HIDRA,EDITORIAL","post_excerpt":"","post_status":"publish","comment_status":"closed","ping_status":"closed","post_password":"","post_name":"hidraeditorial","to_ping":"","pinged":"","post_modified":"2022-10-14 11:56:51","post_modified_gmt":"2022-10-14 09:56:51","post_content_filtered":"","post_parent":0,"guid":"http:\/\/dev.claret.cat\/editorial\/hidraeditorial\/","menu_order":0,"post_type":"editorial","post_mime_type":"","comment_count":"0","filter":"raw"}],"autores-libros":[{"ID":159638,"post_author":"3","post_date":"2022-10-14 15:46:29","post_date_gmt":"2022-10-14 13:46:29","post_content":"","post_title":"JOHN FLANAGAN","post_excerpt":"","post_status":"publish","comment_status":"closed","ping_status":"closed","post_password":"","post_name":"john-flanagan","to_ping":"","pinged":"","post_modified":"2022-10-14 15:46:29","post_modified_gmt":"2022-10-14 13:46:29","post_content_filtered":"","post_parent":0,"guid":"http:\/\/dev.claret.cat\/autor\/john-flanagan\/","menu_order":0,"post_type":"autor","post_mime_type":"","comment_count":"0","filter":"raw"}]},"aioseo_notices":[],"_links":{"self":[{"href":"https:\/\/www.claret.cat\/es\/wp-json\/wp\/v2\/product\/29264","targetHints":{"allow":["GET"]}}],"collection":[{"href":"https:\/\/www.claret.cat\/es\/wp-json\/wp\/v2\/product"}],"about":[{"href":"https:\/\/www.claret.cat\/es\/wp-json\/wp\/v2\/types\/product"}],"wp:featuredmedia":[{"embeddable":true,"href":"https:\/\/www.claret.cat\/es\/wp-json\/wp\/v2\/media\/65144"}],"wp:attachment":[{"href":"https:\/\/www.claret.cat\/es\/wp-json\/wp\/v2\/media?parent=29264"}],"wp:term":[{"taxonomy":"product_brand","embeddable":true,"href":"https:\/\/www.claret.cat\/es\/wp-json\/wp\/v2\/product_brand?post=29264"},{"taxonomy":"product_cat","embeddable":true,"href":"https:\/\/www.claret.cat\/es\/wp-json\/wp\/v2\/product_cat?post=29264"},{"taxonomy":"product_tag","embeddable":true,"href":"https:\/\/www.claret.cat\/es\/wp-json\/wp\/v2\/product_tag?post=29264"}],"curies":[{"name":"wp","href":"https:\/\/api.w.org\/{rel}","templated":true}]}}