{"id":292640,"date":"2022-12-11T01:30:55","date_gmt":"2022-12-11T00:30:55","guid":{"rendered":"http:\/\/dev.claret.cat\/llibre\/andrei-rubliov-2\/"},"modified":"2024-05-24T07:06:36","modified_gmt":"2024-05-24T05:06:36","slug":"andrei-rubliov-9788430115969","status":"publish","type":"product","link":"https:\/\/www.claret.cat\/es\/libro\/andrei-rubliov-9788430115969\/","title":{"rendered":"ANDR\u00c9I RUBLIOV"},"content":{"rendered":"<p>El 5 de septiembre de 1970 Andr\u00e9i Tarkovski escrib\u00eda en su Diario: \u00abReligi\u00f3n, filosof\u00eda, arte \u2013los tres pilares sobre los que descansa el mundo\u2013 fueron inventados por el hombre para condensar simb\u00f3licamente la idea de infinito\u00bb. Y tal vez sea esta tambi\u00e9n la clave para comprender el itinerario inici\u00e1tico seguido por Andr\u00e9i Rubliov, protagonista de la pel\u00edcula del mismo t\u00edtulo del cineasta ruso Andr\u00e9i Tarkovski.<br \/>El rostro y la vida de este monje pintor de iconos muestran su permanente nostalgia de infinito, la b\u00fasqueda de esa revelaci\u00f3n profunda que conmueve y purifica hasta el punto de recuperar la existencia espiritual en medio de una historia que, ya en el siglo XV como ahora, mutila el alma y le hace perder la sensibilidad para lo bello y lo eterno.<br \/>De hecho, el gui\u00f3n literario de esta cumbre del s\u00e9ptimo arte que es \u00abAndr\u00e9i Rubliov\u00bb se revela como un manifiesto a favor de la esperanza que el arte, el conocimiento de la verdad y el sentimiento religioso llevan consigo.<\/p>\n","protected":false},"excerpt":{"rendered":"<p>TARKOVSKY, ANDR\u00c9I<\/p>\n","protected":false},"featured_media":341690,"template":"","meta":{"_acf_changed":false,"om_disable_all_campaigns":false,"rs_blank_template":"","rs_page_bg_color":"","slide_template_v7":"","inline_featured_image":false,"_monsterinsights_skip_tracking":false,"_monsterinsights_sitenote_active":false,"_monsterinsights_sitenote_note":"","_monsterinsights_sitenote_category":0},"product_brand":[],"product_cat":[490,239,394,236],"product_tag":[],"class_list":{"0":"post-292640","1":"product","2":"type-product","3":"status-publish","4":"has-post-thumbnail","6":"product_cat-monastica-espiritualidad-1_espiritualidad","7":"product_cat-monastica","8":"product_cat-vida-cotidiana","9":"product_cat-vida-quotidiana","11":"first","12":"instock","13":"taxable","14":"shipping-taxable","15":"purchasable","16":"product-type-simple"},"acf":{"autor":"TARKOVSKY, ANDR\u00c9I","codart":"843011596","libros-coleccion":"El peso de los d\u00edas","ediciones":"1","encuadernacion":"Carton\u00e9","fecha_de_publicacion":"08\/06\/2006","novedad":"0","paginas":"288","subtitulo":"","orden":"999","portada":"0","idioma":"spa","editorial":[{"ID":6364,"post_author":"3","post_date":"2022-07-28 17:50:36","post_date_gmt":"2022-07-28 15:50:36","post_content":"","post_title":"S\u00edgueme","post_excerpt":"","post_status":"publish","comment_status":"closed","ping_status":"closed","post_password":"","post_name":"sigueme","to_ping":"","pinged":"","post_modified":"2022-07-28 17:50:36","post_modified_gmt":"2022-07-28 15:50:36","post_content_filtered":"","post_parent":0,"guid":"http:\/\/dev.claret.cat\/editorial\/sigueme\/","menu_order":0,"post_type":"editorial","post_mime_type":"","comment_count":"0","filter":"raw"}],"autores-libros":[{"ID":292639,"post_author":"3","post_date":"2022-12-11 01:30:53","post_date_gmt":"2022-12-11 00:30:53","post_content":"","post_title":"ANDR\u00c9I TARKOVSKY","post_excerpt":"","post_status":"publish","comment_status":"closed","ping_status":"closed","post_password":"","post_name":"andrei-tarkovsky","to_ping":"","pinged":"","post_modified":"2022-12-11 01:30:53","post_modified_gmt":"2022-12-11 00:30:53","post_content_filtered":"","post_parent":0,"guid":"http:\/\/dev.claret.cat\/autor\/andrei-tarkovsky\/","menu_order":0,"post_type":"autor","post_mime_type":"","comment_count":"0","filter":"raw"}]},"aioseo_notices":[],"_links":{"self":[{"href":"https:\/\/www.claret.cat\/es\/wp-json\/wp\/v2\/product\/292640","targetHints":{"allow":["GET"]}}],"collection":[{"href":"https:\/\/www.claret.cat\/es\/wp-json\/wp\/v2\/product"}],"about":[{"href":"https:\/\/www.claret.cat\/es\/wp-json\/wp\/v2\/types\/product"}],"wp:featuredmedia":[{"embeddable":true,"href":"https:\/\/www.claret.cat\/es\/wp-json\/wp\/v2\/media\/341690"}],"wp:attachment":[{"href":"https:\/\/www.claret.cat\/es\/wp-json\/wp\/v2\/media?parent=292640"}],"wp:term":[{"taxonomy":"product_brand","embeddable":true,"href":"https:\/\/www.claret.cat\/es\/wp-json\/wp\/v2\/product_brand?post=292640"},{"taxonomy":"product_cat","embeddable":true,"href":"https:\/\/www.claret.cat\/es\/wp-json\/wp\/v2\/product_cat?post=292640"},{"taxonomy":"product_tag","embeddable":true,"href":"https:\/\/www.claret.cat\/es\/wp-json\/wp\/v2\/product_tag?post=292640"}],"curies":[{"name":"wp","href":"https:\/\/api.w.org\/{rel}","templated":true}]}}