{"id":292643,"date":"2022-12-11T01:31:02","date_gmt":"2022-12-11T00:31:02","guid":{"rendered":"http:\/\/dev.claret.cat\/llibre\/en-el-misterio-de-maria\/"},"modified":"2023-01-28T08:59:30","modified_gmt":"2023-01-28T07:59:30","slug":"en-el-misterio-de-maria-8430115978","status":"publish","type":"product","link":"https:\/\/www.claret.cat\/es\/libro\/en-el-misterio-de-maria-8430115978\/","title":{"rendered":"EN EL MISTERIO DE MAR\u00cdA"},"content":{"rendered":"<p>Mar\u00eda ni es un mito ni es un invento de la Iglesia. Acercarnos al misterio de Mar\u00eda es acercarnos al misterio de Jes\u00fas de Nazaret y de cada hombre y mujer creados por Dios. La Iglesia ve en Mar\u00eda el icono de su identidad y misi\u00f3n, pero sobre todo contempla en ella el gran don hecho por Dios a la humanidad, es decir, el signo de la esperanza y el futuro absolutos.<br \/>Esta obra quisiera ser, en clave orante, una breve mariolog\u00eda, \u00fatil tanto para la reflexi\u00f3n personal como para las celebraciones lit\u00fargicas y las oraciones comunitarias.<\/p>\n","protected":false},"excerpt":{"rendered":"<p>BERZOSA, RA\u00daL<\/p>\n","protected":false},"featured_media":292644,"template":"","meta":{"_acf_changed":false,"om_disable_all_campaigns":false,"rs_blank_template":"","rs_page_bg_color":"","slide_template_v7":"","inline_featured_image":false,"_monsterinsights_skip_tracking":false,"_monsterinsights_sitenote_active":false,"_monsterinsights_sitenote_note":"","_monsterinsights_sitenote_category":0},"product_brand":[],"product_cat":[235,286],"product_tag":[],"class_list":{"0":"post-292643","1":"product","2":"type-product","3":"status-publish","4":"has-post-thumbnail","6":"product_cat-mariana","7":"product_cat-mariologia","9":"first","10":"instock","11":"taxable","12":"shipping-taxable","13":"purchasable","14":"product-type-simple"},"acf":{"autor":"BERZOSA, RA\u00daL","codart":"843011597","libros-coleccion":"Nueva Alianza Minor","ediciones":"1","encuadernacion":"R\u00fastica","fecha_de_publicacion":"15\/05\/2006","novedad":"0","paginas":"144","subtitulo":"BREVE MARIOLOG\u00cdA EN CLAVE ORANTE","orden":"999","portada":"0","idioma":"spa","editorial":[{"ID":6364,"post_author":"3","post_date":"2022-07-28 17:50:36","post_date_gmt":"2022-07-28 15:50:36","post_content":"","post_title":"S\u00edgueme","post_excerpt":"","post_status":"publish","comment_status":"closed","ping_status":"closed","post_password":"","post_name":"sigueme","to_ping":"","pinged":"","post_modified":"2022-07-28 17:50:36","post_modified_gmt":"2022-07-28 15:50:36","post_content_filtered":"","post_parent":0,"guid":"http:\/\/dev.claret.cat\/editorial\/sigueme\/","menu_order":0,"post_type":"editorial","post_mime_type":"","comment_count":"0","filter":"raw"}],"autores-libros":[{"ID":8426,"post_author":"3","post_date":"2022-09-30 09:48:29","post_date_gmt":"2022-09-30 07:48:29","post_content":"","post_title":"RAUL BERZOSA","post_excerpt":"","post_status":"publish","comment_status":"closed","ping_status":"closed","post_password":"","post_name":"raul-berzosa","to_ping":"","pinged":"","post_modified":"2022-09-30 09:48:29","post_modified_gmt":"2022-09-30 07:48:29","post_content_filtered":"","post_parent":0,"guid":"http:\/\/dev.claret.cat\/autor\/raul-berzosa\/","menu_order":0,"post_type":"autor","post_mime_type":"","comment_count":"0","filter":"raw"}]},"aioseo_notices":[],"_links":{"self":[{"href":"https:\/\/www.claret.cat\/es\/wp-json\/wp\/v2\/product\/292643","targetHints":{"allow":["GET"]}}],"collection":[{"href":"https:\/\/www.claret.cat\/es\/wp-json\/wp\/v2\/product"}],"about":[{"href":"https:\/\/www.claret.cat\/es\/wp-json\/wp\/v2\/types\/product"}],"wp:featuredmedia":[{"embeddable":true,"href":"https:\/\/www.claret.cat\/es\/wp-json\/wp\/v2\/media\/292644"}],"wp:attachment":[{"href":"https:\/\/www.claret.cat\/es\/wp-json\/wp\/v2\/media?parent=292643"}],"wp:term":[{"taxonomy":"product_brand","embeddable":true,"href":"https:\/\/www.claret.cat\/es\/wp-json\/wp\/v2\/product_brand?post=292643"},{"taxonomy":"product_cat","embeddable":true,"href":"https:\/\/www.claret.cat\/es\/wp-json\/wp\/v2\/product_cat?post=292643"},{"taxonomy":"product_tag","embeddable":true,"href":"https:\/\/www.claret.cat\/es\/wp-json\/wp\/v2\/product_tag?post=292643"}],"curies":[{"name":"wp","href":"https:\/\/api.w.org\/{rel}","templated":true}]}}