{"id":292763,"date":"2022-12-11T02:02:13","date_gmt":"2022-12-11T01:02:13","guid":{"rendered":"http:\/\/dev.claret.cat\/llibre\/el-quehacer-de-la-teologia\/"},"modified":"2024-12-12T10:20:41","modified_gmt":"2024-12-12T09:20:41","slug":"el-quehacer-de-la-teologia-9788430116850","status":"publish","type":"product","link":"https:\/\/www.claret.cat\/es\/libro\/el-quehacer-de-la-teologia-9788430116850\/","title":{"rendered":"EL QUEHACER DE LA TEOLOG\u00cdA"},"content":{"rendered":"<p>Las p\u00e1ginas que integran \u00abEl quehacer de la teolog\u00eda\u00bb ofrecen una fundamentaci\u00f3n y una invitaci\u00f3n al estudio de esta materia, exponiendo su g\u00e9nesis y su ejercicio, su t\u00e9cnica y su alma a lo largo de su historia.<br \/>Simplemente reflexionando sobre su etimolog\u00eda, el t\u00e9rmino \u00abteolog\u00eda\u00bb expresa la manifestaci\u00f3n y la donaci\u00f3n que Dios hace de s\u00ed al hombre para que, participando de su misma vida, pueda llegar a ser conocido \u00c9l y sus designios. Esta revelaci\u00f3n divina contiene, por otra parte, la capacitaci\u00f3n para poder responder a Dios desde la acogida, la confianza y la correspondencia plena, es decir, desde la fe.<br \/>La teolog\u00eda afecta, adem\u00e1s, a las relaciones sociales que se establecen entre los hombres. As\u00ed, una cultura que no busca fuentes de sentido y de orientaci\u00f3n \u00faltima, que se cierra pragm\u00e1ticamente en lo verificable inmediato, termina conduciendo a relaciones de violencia y desesperaci\u00f3n, tanto con uno mismo, como con los dem\u00e1s y con el resto de las cosas y criaturas que componen la realidad.<\/p>\n","protected":false},"excerpt":{"rendered":"<p>GONZ\u00c1LEZ DE CARDEDAL, OLEGARIO<\/p>\n","protected":false},"featured_media":995727,"template":"","meta":{"_acf_changed":false,"om_disable_all_campaigns":false,"rs_blank_template":"","rs_page_bg_color":"","slide_template_v7":"","inline_featured_image":false,"_monsterinsights_skip_tracking":false,"_monsterinsights_sitenote_active":false,"_monsterinsights_sitenote_note":"","_monsterinsights_sitenote_category":0},"product_brand":[],"product_cat":[275,413,288,514,419,285],"product_tag":[],"class_list":{"0":"post-292763","1":"product","2":"type-product","3":"status-publish","4":"has-post-thumbnail","6":"product_cat-fonamental","7":"product_cat-fundamental","8":"product_cat-moral-fonamental","9":"product_cat-moral-fundamental","10":"product_cat-pastoral-teologia-1_espiritualidad","11":"product_cat-pastoral-teologia","13":"first","14":"instock","15":"taxable","16":"shipping-taxable","17":"purchasable","18":"product-type-simple"},"acf":{"autor":"GONZ\u00c1LEZ DE CARDEDAL, OLEGARIO","codart":"843011685","libros-coleccion":"Verdad e Imagen","ediciones":"1","encuadernacion":"Carton\u00e9","fecha_de_publicacion":"08\/09\/2008","novedad":"0","paginas":"768","subtitulo":"","orden":"999","portada":"0","idioma":"spa","editorial":[{"ID":6364,"post_author":"3","post_date":"2022-07-28 17:50:36","post_date_gmt":"2022-07-28 15:50:36","post_content":"","post_title":"S\u00edgueme","post_excerpt":"","post_status":"publish","comment_status":"closed","ping_status":"closed","post_password":"","post_name":"sigueme","to_ping":"","pinged":"","post_modified":"2022-07-28 17:50:36","post_modified_gmt":"2022-07-28 15:50:36","post_content_filtered":"","post_parent":0,"guid":"http:\/\/dev.claret.cat\/editorial\/sigueme\/","menu_order":0,"post_type":"editorial","post_mime_type":"","comment_count":"0","filter":"raw"}],"autores-libros":[{"ID":288569,"post_author":"3","post_date":"2022-12-10 08:10:50","post_date_gmt":"2022-12-10 07:10:50","post_content":"","post_title":"OLEGARIO GONZ\u00c1LEZ DE CARDEDAL","post_excerpt":"","post_status":"publish","comment_status":"closed","ping_status":"closed","post_password":"","post_name":"olegario-gonzalez-de-cardedal","to_ping":"","pinged":"","post_modified":"2022-12-10 08:10:50","post_modified_gmt":"2022-12-10 07:10:50","post_content_filtered":"","post_parent":0,"guid":"http:\/\/dev.claret.cat\/autor\/olegario-gonzalez-de-cardedal\/","menu_order":0,"post_type":"autor","post_mime_type":"","comment_count":"0","filter":"raw"}]},"aioseo_notices":[],"_links":{"self":[{"href":"https:\/\/www.claret.cat\/es\/wp-json\/wp\/v2\/product\/292763","targetHints":{"allow":["GET"]}}],"collection":[{"href":"https:\/\/www.claret.cat\/es\/wp-json\/wp\/v2\/product"}],"about":[{"href":"https:\/\/www.claret.cat\/es\/wp-json\/wp\/v2\/types\/product"}],"wp:featuredmedia":[{"embeddable":true,"href":"https:\/\/www.claret.cat\/es\/wp-json\/wp\/v2\/media\/995727"}],"wp:attachment":[{"href":"https:\/\/www.claret.cat\/es\/wp-json\/wp\/v2\/media?parent=292763"}],"wp:term":[{"taxonomy":"product_brand","embeddable":true,"href":"https:\/\/www.claret.cat\/es\/wp-json\/wp\/v2\/product_brand?post=292763"},{"taxonomy":"product_cat","embeddable":true,"href":"https:\/\/www.claret.cat\/es\/wp-json\/wp\/v2\/product_cat?post=292763"},{"taxonomy":"product_tag","embeddable":true,"href":"https:\/\/www.claret.cat\/es\/wp-json\/wp\/v2\/product_tag?post=292763"}],"curies":[{"name":"wp","href":"https:\/\/api.w.org\/{rel}","templated":true}]}}