{"id":292768,"date":"2022-12-11T02:02:25","date_gmt":"2022-12-11T01:02:25","guid":{"rendered":"http:\/\/dev.claret.cat\/llibre\/por-que-el-dios-del-amor-permite-que-suframos\/"},"modified":"2026-03-13T10:41:09","modified_gmt":"2026-03-13T09:41:09","slug":"por-que-el-dios-del-amor-permite-que-suframos-9788430116881","status":"publish","type":"product","link":"https:\/\/www.claret.cat\/es\/libro\/por-que-el-dios-del-amor-permite-que-suframos-9788430116881\/","title":{"rendered":"POR QU\u00c9 EL DIOS DEL AMOR PERMITE QUE SUFRAMOS?"},"content":{"rendered":"<p>Los rostros que asume el dolor son infinitos: cat\u00e1strofes naturales, epidemias, violencias de todo tipo, enfermedades incurables, envejecimiento paulatino\u2026 Desde siempre, este escenario de sufrimiento ha provocado en el coraz\u00f3n del hombre la pregunta por su sentido y, casi de forma inmediata, la pregunta por la existencia de Dios y su responsabilidad ante el dolor.<br \/>Muchos, a lo largo de la historia, han intentado superar el inicial des\u00e1nimo que genera una realidad tan incomprensible y emprender la b\u00fasqueda de razones que puedan iluminar este misterio. Y sin embargo, s\u00f3lo aquellos que sufren radicalmente en su cuerpo o en su esp\u00edritu tienen la posibilidad real de \u00abverificar\u00bb en s\u00ed mismos si la \u00faltima palabra la tendr\u00e1 el dolor, o m\u00e1s bien el Dios bueno y amoroso, que Jes\u00fas de Nazaret ha anunciado en su vida y su muerte.<\/p>\n","protected":false},"excerpt":{"rendered":"<p>GRESHAKE, GISBERT<\/p>\n","protected":false},"featured_media":1089893,"template":"","meta":{"_acf_changed":false,"om_disable_all_campaigns":false,"rs_blank_template":"","rs_page_bg_color":"","slide_template_v7":"","inline_featured_image":false,"_monsterinsights_skip_tracking":false,"_monsterinsights_sitenote_active":false,"_monsterinsights_sitenote_note":"","_monsterinsights_sitenote_category":0},"product_brand":[],"product_cat":[401,260,402,261,278,508,288,514],"product_tag":[],"class_list":{"0":"post-292768","1":"product","2":"type-product","3":"status-publish","4":"has-post-thumbnail","6":"product_cat-de-la-salud","7":"product_cat-de-la-salut","8":"product_cat-de-la-tercera-edad","9":"product_cat-de-la-tercera-edat-pastoral","10":"product_cat-misteri-de-deu","11":"product_cat-misterio-de-dios","12":"product_cat-moral-fonamental","13":"product_cat-moral-fundamental","15":"first","16":"instock","17":"taxable","18":"shipping-taxable","19":"purchasable","20":"product-type-simple"},"acf":{"autor":"GRESHAKE, GISBERT","codart":"843011688","libros-coleccion":"Verdad e Imagen","ediciones":"1","encuadernacion":"R\u00fastica","fecha_de_publicacion":"17\/11\/2008","novedad":"0","paginas":"144","subtitulo":"","orden":"999","portada":"0","idioma":"spa","editorial":[{"ID":6364,"post_author":"3","post_date":"2022-07-28 17:50:36","post_date_gmt":"2022-07-28 15:50:36","post_content":"","post_title":"S\u00edgueme","post_excerpt":"","post_status":"publish","comment_status":"closed","ping_status":"closed","post_password":"","post_name":"sigueme","to_ping":"","pinged":"","post_modified":"2022-07-28 17:50:36","post_modified_gmt":"2022-07-28 15:50:36","post_content_filtered":"","post_parent":0,"guid":"http:\/\/dev.claret.cat\/editorial\/sigueme\/","menu_order":0,"post_type":"editorial","post_mime_type":"","comment_count":"0","filter":"raw"}],"autores-libros":[{"ID":280702,"post_author":"3","post_date":"2022-12-09 20:20:35","post_date_gmt":"2022-12-09 19:20:35","post_content":"","post_title":"GISBERT GRESHAKE","post_excerpt":"","post_status":"publish","comment_status":"closed","ping_status":"closed","post_password":"","post_name":"gisbert-greshake","to_ping":"","pinged":"","post_modified":"2022-12-09 20:20:35","post_modified_gmt":"2022-12-09 19:20:35","post_content_filtered":"","post_parent":0,"guid":"http:\/\/dev.claret.cat\/autor\/gisbert-greshake\/","menu_order":0,"post_type":"autor","post_mime_type":"","comment_count":"0","filter":"raw"}],"booktrailer":"","resenas":""},"aioseo_notices":[],"_links":{"self":[{"href":"https:\/\/www.claret.cat\/es\/wp-json\/wp\/v2\/product\/292768","targetHints":{"allow":["GET"]}}],"collection":[{"href":"https:\/\/www.claret.cat\/es\/wp-json\/wp\/v2\/product"}],"about":[{"href":"https:\/\/www.claret.cat\/es\/wp-json\/wp\/v2\/types\/product"}],"wp:featuredmedia":[{"embeddable":true,"href":"https:\/\/www.claret.cat\/es\/wp-json\/wp\/v2\/media\/1089893"}],"wp:attachment":[{"href":"https:\/\/www.claret.cat\/es\/wp-json\/wp\/v2\/media?parent=292768"}],"wp:term":[{"taxonomy":"product_brand","embeddable":true,"href":"https:\/\/www.claret.cat\/es\/wp-json\/wp\/v2\/product_brand?post=292768"},{"taxonomy":"product_cat","embeddable":true,"href":"https:\/\/www.claret.cat\/es\/wp-json\/wp\/v2\/product_cat?post=292768"},{"taxonomy":"product_tag","embeddable":true,"href":"https:\/\/www.claret.cat\/es\/wp-json\/wp\/v2\/product_tag?post=292768"}],"curies":[{"name":"wp","href":"https:\/\/api.w.org\/{rel}","templated":true}]}}