{"id":29279,"date":"2022-10-02T11:23:45","date_gmt":"2022-10-02T09:23:45","guid":{"rendered":"http:\/\/dev.claret.cat\/producte\/las-vidas-de-los-santos\/"},"modified":"2023-07-13T17:21:14","modified_gmt":"2023-07-13T15:21:14","slug":"las-vidas-de-los-santos-9788418002632","status":"publish","type":"product","link":"https:\/\/www.claret.cat\/es\/libro\/las-vidas-de-los-santos-9788418002632\/","title":{"rendered":"LAS VIDAS DE LOS SANTOS"},"content":{"rendered":"<p>\u00a1Entra en el mundo del Grishaverso, que pronto podr\u00e1s ver en la espectacular serie SOMBRA Y HUESO de Netflix!<\/p>\n<p> Leigh Bardugo, la autora superventas n\u00famero 1 del New York Times, nos presenta un asombroso libro ilustrado en el que se relatan las historias de los santos que aparecen en sus aclamadas novelas, los Grisha m\u00e1s poderosos que han marcado la historia de Ravka.<\/p>\n<p> Gracias a unas espectaculares ilustraciones a todo color, una para cada historia, y un alucinante trabajo de dise\u00f1o, este libro se convertir\u00e1 en un objeto de coleccionista. Este volumen ha sido creado como una r\u00e9plica del libro de los santos que se menciona en las novelas del Grishaverse, y permitir\u00e1 que los lectores tengan en su casa un pedacito de este m\u00e1gico mundo, como si acabaran de volver de un viaje por Ravka.<\/p>\n","protected":false},"excerpt":{"rendered":"<p>BARDUGO, LEIGH<\/p>\n","protected":false},"featured_media":451508,"template":"","meta":{"_acf_changed":false,"om_disable_all_campaigns":false,"rs_blank_template":"","rs_page_bg_color":"","slide_template_v7":"","inline_featured_image":false,"_monsterinsights_skip_tracking":false,"_monsterinsights_sitenote_active":false,"_monsterinsights_sitenote_note":"","_monsterinsights_sitenote_category":0},"product_brand":[],"product_cat":[95,545],"product_tag":[],"class_list":{"0":"post-29279","1":"product","2":"type-product","3":"status-publish","4":"has-post-thumbnail","6":"product_cat-santoral","7":"product_cat-santoral-1_espiritualidad-spa","9":"first","10":"instock","11":"taxable","12":"shipping-taxable","13":"purchasable","14":"product-type-simple"},"acf":{"autor":"BARDUGO, LEIGH","codart":"841800263","libros-coleccion":"FORA DE COL.LECCI\u00d3","ediciones":"1","encuadernacion":"R\u00fastica","fecha_de_publicacion":"01\/06\/2021","novedad":"1","paginas":"115","subtitulo":"","orden":"0","portada":"0","idioma":"spa","editorial":[{"ID":148258,"post_author":"3","post_date":"2022-10-14 11:56:51","post_date_gmt":"2022-10-14 09:56:51","post_content":"","post_title":"HIDRA,EDITORIAL","post_excerpt":"","post_status":"publish","comment_status":"closed","ping_status":"closed","post_password":"","post_name":"hidraeditorial","to_ping":"","pinged":"","post_modified":"2022-10-14 11:56:51","post_modified_gmt":"2022-10-14 09:56:51","post_content_filtered":"","post_parent":0,"guid":"http:\/\/dev.claret.cat\/editorial\/hidraeditorial\/","menu_order":0,"post_type":"editorial","post_mime_type":"","comment_count":"0","filter":"raw"}],"autores-libros":[{"ID":162082,"post_author":"3","post_date":"2022-10-14 17:28:13","post_date_gmt":"2022-10-14 15:28:13","post_content":"","post_title":"LEIGH BARDUGO","post_excerpt":"","post_status":"publish","comment_status":"closed","ping_status":"closed","post_password":"","post_name":"leigh-bardugo","to_ping":"","pinged":"","post_modified":"2022-10-14 17:28:13","post_modified_gmt":"2022-10-14 15:28:13","post_content_filtered":"","post_parent":0,"guid":"http:\/\/dev.claret.cat\/autor\/leigh-bardugo\/","menu_order":0,"post_type":"autor","post_mime_type":"","comment_count":"0","filter":"raw"}]},"aioseo_notices":[],"_links":{"self":[{"href":"https:\/\/www.claret.cat\/es\/wp-json\/wp\/v2\/product\/29279","targetHints":{"allow":["GET"]}}],"collection":[{"href":"https:\/\/www.claret.cat\/es\/wp-json\/wp\/v2\/product"}],"about":[{"href":"https:\/\/www.claret.cat\/es\/wp-json\/wp\/v2\/types\/product"}],"wp:featuredmedia":[{"embeddable":true,"href":"https:\/\/www.claret.cat\/es\/wp-json\/wp\/v2\/media\/451508"}],"wp:attachment":[{"href":"https:\/\/www.claret.cat\/es\/wp-json\/wp\/v2\/media?parent=29279"}],"wp:term":[{"taxonomy":"product_brand","embeddable":true,"href":"https:\/\/www.claret.cat\/es\/wp-json\/wp\/v2\/product_brand?post=29279"},{"taxonomy":"product_cat","embeddable":true,"href":"https:\/\/www.claret.cat\/es\/wp-json\/wp\/v2\/product_cat?post=29279"},{"taxonomy":"product_tag","embeddable":true,"href":"https:\/\/www.claret.cat\/es\/wp-json\/wp\/v2\/product_tag?post=29279"}],"curies":[{"name":"wp","href":"https:\/\/api.w.org\/{rel}","templated":true}]}}