{"id":292798,"date":"2022-12-11T02:10:50","date_gmt":"2022-12-11T01:10:50","guid":{"rendered":"http:\/\/dev.claret.cat\/llibre\/razones-para-iluminar-la-enfermedad\/"},"modified":"2024-05-24T07:00:32","modified_gmt":"2024-05-24T05:00:32","slug":"razones-para-iluminar-la-enfermedad-9788430117093","status":"publish","type":"product","link":"https:\/\/www.claret.cat\/es\/libro\/razones-para-iluminar-la-enfermedad-9788430117093\/","title":{"rendered":"RAZONES PARA ILUMINAR LA ENFERMEDAD"},"content":{"rendered":"<p>Jos\u00e9 Luis Mart\u00edn Descalzo experiment\u00f3 en carne propia la enfermedad durante los \u00faltimos ocho a\u00f1os de su vida. Aquella circunstancia vital, que para muchas personas suele ser causa de desesperanza, fue vivida por \u00e9l como tiempo de gracia.<\/p>\n<p>No sin dificultades, Mart\u00edn Descalzo mantuvo la dignidad ante el sufrimiento que anunciaba el fin, y se esforz\u00f3 por ahondar en su relaci\u00f3n con Dios y con quienes le rodeaban.<\/p>\n<p>Este libro se abre con una conferencia in\u00e9dita acerca del dolor y la enfermedad, y se cierra con veintiocho razones que arrojan luz sobre el misterio del sufrimiento.<\/p>\n","protected":false},"excerpt":{"rendered":"<p>MART\u00cdN DESCALZO, JOS\u00c9 LUI<\/p>\n","protected":false},"featured_media":380554,"template":"","meta":{"_acf_changed":false,"om_disable_all_campaigns":false,"rs_blank_template":"","rs_page_bg_color":"","slide_template_v7":"","inline_featured_image":false,"_monsterinsights_skip_tracking":false,"_monsterinsights_sitenote_active":false,"_monsterinsights_sitenote_note":"","_monsterinsights_sitenote_category":0},"product_brand":[],"product_cat":[90,540],"product_tag":[],"class_list":{"0":"post-292798","1":"product","2":"type-product","3":"status-publish","4":"has-post-thumbnail","6":"product_cat-altres","7":"product_cat-otros","9":"first","10":"instock","11":"taxable","12":"shipping-taxable","13":"purchasable","14":"product-type-simple"},"acf":{"autor":"MART\u00cdN DESCALZO, JOS\u00c9 LUI","codart":"843011709","libros-coleccion":"","ediciones":"1","encuadernacion":"R\u00fastica","fecha_de_publicacion":"09\/07\/2009","novedad":"0","paginas":"158","subtitulo":"","orden":"999","portada":"0","idioma":"spa","editorial":[{"ID":6364,"post_author":"3","post_date":"2022-07-28 17:50:36","post_date_gmt":"2022-07-28 15:50:36","post_content":"","post_title":"S\u00edgueme","post_excerpt":"","post_status":"publish","comment_status":"closed","ping_status":"closed","post_password":"","post_name":"sigueme","to_ping":"","pinged":"","post_modified":"2022-07-28 17:50:36","post_modified_gmt":"2022-07-28 15:50:36","post_content_filtered":"","post_parent":0,"guid":"http:\/\/dev.claret.cat\/editorial\/sigueme\/","menu_order":0,"post_type":"editorial","post_mime_type":"","comment_count":"0","filter":"raw"}],"autores-libros":[{"ID":160342,"post_author":"3","post_date":"2022-10-14 15:52:17","post_date_gmt":"2022-10-14 13:52:17","post_content":"","post_title":"JOS\u00c9 LUIS MART\u00cdN DESCALZO","post_excerpt":"","post_status":"publish","comment_status":"closed","ping_status":"closed","post_password":"","post_name":"jose-luis-martin-descalzo","to_ping":"","pinged":"","post_modified":"2022-10-14 15:52:17","post_modified_gmt":"2022-10-14 13:52:17","post_content_filtered":"","post_parent":0,"guid":"http:\/\/dev.claret.cat\/autor\/jose-luis-martin-descalzo\/","menu_order":0,"post_type":"autor","post_mime_type":"","comment_count":"0","filter":"raw"}]},"aioseo_notices":[],"_links":{"self":[{"href":"https:\/\/www.claret.cat\/es\/wp-json\/wp\/v2\/product\/292798","targetHints":{"allow":["GET"]}}],"collection":[{"href":"https:\/\/www.claret.cat\/es\/wp-json\/wp\/v2\/product"}],"about":[{"href":"https:\/\/www.claret.cat\/es\/wp-json\/wp\/v2\/types\/product"}],"wp:featuredmedia":[{"embeddable":true,"href":"https:\/\/www.claret.cat\/es\/wp-json\/wp\/v2\/media\/380554"}],"wp:attachment":[{"href":"https:\/\/www.claret.cat\/es\/wp-json\/wp\/v2\/media?parent=292798"}],"wp:term":[{"taxonomy":"product_brand","embeddable":true,"href":"https:\/\/www.claret.cat\/es\/wp-json\/wp\/v2\/product_brand?post=292798"},{"taxonomy":"product_cat","embeddable":true,"href":"https:\/\/www.claret.cat\/es\/wp-json\/wp\/v2\/product_cat?post=292798"},{"taxonomy":"product_tag","embeddable":true,"href":"https:\/\/www.claret.cat\/es\/wp-json\/wp\/v2\/product_tag?post=292798"}],"curies":[{"name":"wp","href":"https:\/\/api.w.org\/{rel}","templated":true}]}}