{"id":292818,"date":"2022-12-11T02:11:39","date_gmt":"2022-12-11T01:11:39","guid":{"rendered":"http:\/\/dev.claret.cat\/llibre\/dios-dios-para-pensar-iii\/"},"modified":"2024-05-24T06:57:51","modified_gmt":"2024-05-24T04:57:51","slug":"dios-dios-para-pensar-iii-9788430117314","status":"publish","type":"product","link":"https:\/\/www.claret.cat\/es\/libro\/dios-dios-para-pensar-iii-9788430117314\/","title":{"rendered":"DIOS, DIOS PARA PENSAR III"},"content":{"rendered":"<p>El mal y el hombre fueron las dos cuestiones primeras que plante\u00f3 Adolphe Gesch\u00e9 en su dogm\u00e1tica Dios para pensar. Tras ellas, el turno le llega a Dios.<br \/>Aunque actualmente se debate con ardor sobre el contenido real o ficticio que se esconde tras la palabra \u00abDios\u00bb, nadie duda de que dicho vocablo existe. M\u00e1s a\u00fan, esta palabra semeja una de esas medallas antiguas, gastadas por el tiempo, que casi tienen borrada aquella inscripci\u00f3n que un d\u00eda no muy lejano estuvo cargada de pleno sentido.<br \/>Y es en este punto donde tal vez convenga recordar la m\u00e1xima de Plat\u00f3n sobre las cosas en las que merece la pena gastar el tiempo en esta vida. As\u00ed, el disc\u00edpulo de S\u00f3crates comentaba a los j\u00f3venes de su tiempo: \u00abLo m\u00e1s importante es pensar correctamente (orth\u00f3s) a prop\u00f3sito de los dioses\u00bb (Leyes X, 888 a-b).<br \/>M\u00e1s de dos mil a\u00f1os despu\u00e9s, la revoluci\u00f3n antropol\u00f3gica ha invitado a volverse hacia el hombre para intentar encontrar en \u00e9l la huella de Dios. Pero, vistos sus resultados, tal vez sea de m\u00e1s provecho buscar a Dios en su lugar natal \u2013all\u00ed donde el hombre ha luchado con \u00c9l\u2013 para aprender de Dios mismo qui\u00e9n es en verdad.<\/p>\n","protected":false},"excerpt":{"rendered":"<p>GESCH\u00c9, ADOLPHE<\/p>\n","protected":false},"featured_media":341842,"template":"","meta":{"_acf_changed":false,"om_disable_all_campaigns":false,"rs_blank_template":"","rs_page_bg_color":"","slide_template_v7":"","inline_featured_image":false,"_monsterinsights_skip_tracking":false,"_monsterinsights_sitenote_active":false,"_monsterinsights_sitenote_note":"","_monsterinsights_sitenote_category":0},"product_brand":[],"product_cat":[90,540],"product_tag":[],"class_list":{"0":"post-292818","1":"product","2":"type-product","3":"status-publish","4":"has-post-thumbnail","6":"product_cat-altres","7":"product_cat-otros","9":"first","10":"instock","11":"taxable","12":"shipping-taxable","13":"purchasable","14":"product-type-simple"},"acf":{"autor":"GESCH\u00c9, ADOLPHE","codart":"843011731","libros-coleccion":"","ediciones":"1","encuadernacion":"R\u00fastica","fecha_de_publicacion":"11\/06\/2010","novedad":"0","paginas":"172","subtitulo":"","orden":"999","portada":"0","idioma":"spa","editorial":[{"ID":6364,"post_author":"3","post_date":"2022-07-28 17:50:36","post_date_gmt":"2022-07-28 15:50:36","post_content":"","post_title":"S\u00edgueme","post_excerpt":"","post_status":"publish","comment_status":"closed","ping_status":"closed","post_password":"","post_name":"sigueme","to_ping":"","pinged":"","post_modified":"2022-07-28 17:50:36","post_modified_gmt":"2022-07-28 15:50:36","post_content_filtered":"","post_parent":0,"guid":"http:\/\/dev.claret.cat\/editorial\/sigueme\/","menu_order":0,"post_type":"editorial","post_mime_type":"","comment_count":"0","filter":"raw"}],"autores-libros":[{"ID":262775,"post_author":"3","post_date":"2022-12-01 11:08:20","post_date_gmt":"2022-12-01 10:08:20","post_content":"","post_title":"ADOLPHE GESCHE","post_excerpt":"","post_status":"publish","comment_status":"closed","ping_status":"closed","post_password":"","post_name":"adolphe-gesche","to_ping":"","pinged":"","post_modified":"2022-12-01 11:08:20","post_modified_gmt":"2022-12-01 10:08:20","post_content_filtered":"","post_parent":0,"guid":"http:\/\/dev.claret.cat\/autor\/adolphe-gesche\/","menu_order":0,"post_type":"autor","post_mime_type":"","comment_count":"0","filter":"raw"}]},"aioseo_notices":[],"_links":{"self":[{"href":"https:\/\/www.claret.cat\/es\/wp-json\/wp\/v2\/product\/292818","targetHints":{"allow":["GET"]}}],"collection":[{"href":"https:\/\/www.claret.cat\/es\/wp-json\/wp\/v2\/product"}],"about":[{"href":"https:\/\/www.claret.cat\/es\/wp-json\/wp\/v2\/types\/product"}],"wp:featuredmedia":[{"embeddable":true,"href":"https:\/\/www.claret.cat\/es\/wp-json\/wp\/v2\/media\/341842"}],"wp:attachment":[{"href":"https:\/\/www.claret.cat\/es\/wp-json\/wp\/v2\/media?parent=292818"}],"wp:term":[{"taxonomy":"product_brand","embeddable":true,"href":"https:\/\/www.claret.cat\/es\/wp-json\/wp\/v2\/product_brand?post=292818"},{"taxonomy":"product_cat","embeddable":true,"href":"https:\/\/www.claret.cat\/es\/wp-json\/wp\/v2\/product_cat?post=292818"},{"taxonomy":"product_tag","embeddable":true,"href":"https:\/\/www.claret.cat\/es\/wp-json\/wp\/v2\/product_tag?post=292818"}],"curies":[{"name":"wp","href":"https:\/\/api.w.org\/{rel}","templated":true}]}}