{"id":292821,"date":"2022-12-11T02:11:46","date_gmt":"2022-12-11T01:11:46","guid":{"rendered":"http:\/\/dev.claret.cat\/llibre\/el-cosmos-dios-para-pensar-iv\/"},"modified":"2024-05-24T06:57:59","modified_gmt":"2024-05-24T04:57:59","slug":"el-cosmos-dios-para-pensar-iv-9788430117321","status":"publish","type":"product","link":"https:\/\/www.claret.cat\/es\/libro\/el-cosmos-dios-para-pensar-iv-9788430117321\/","title":{"rendered":"EL COSMOS, DIOS PARA PENSAR IV"},"content":{"rendered":"<p>El mal, el hombre, Dios y, en cuarto lugar, el cosmos. Esta es la secuencia de temas que desarrolla el pensador belga Adolphe Gesch\u00e9 en su peculiar dogm\u00e1tica Dios para pensar.<br \/>Toda reflexi\u00f3n teol\u00f3gica que quiera hacerse acerca del cosmos ha de esforzarse por pensarlo desde Dios. Sin embargo, la realidad creada es justamente el \u00e1mbito donde la teolog\u00eda entra en conflicto con las ciencias experimentales. De hecho, en la Modernidad la naturaleza se ha ido convirtiendo en el coto exclusivo de dichas ciencias, hasta el punto de ser consideradas las \u00fanicas v\u00edas de acceso a los secretos que las cosas guardan en su interior.<br \/>Por tanto, pensar la naturaleza desde Dios supone antes de nada buscar una \u00abnueva alianza\u00bb entre ciencias y teolog\u00eda, entre leyes naturales que gobiernan la materia y leyes salv\u00edficas que dirigen la historia y el mundo hacia un destino que tiene sentido. Con Her\u00e1clito, el hombre de cada \u00e9poca est\u00e1 invitado, en definitiva, a entender la creaci\u00f3n como \u00abjuego y riesgo de Dios\u00bb.<\/p>\n","protected":false},"excerpt":{"rendered":"<p>GESCH\u00c9, ADOLPHE<\/p>\n","protected":false},"featured_media":341844,"template":"","meta":{"_acf_changed":false,"om_disable_all_campaigns":false,"rs_blank_template":"","rs_page_bg_color":"","slide_template_v7":"","inline_featured_image":false,"_monsterinsights_skip_tracking":false,"_monsterinsights_sitenote_active":false,"_monsterinsights_sitenote_note":"","_monsterinsights_sitenote_category":0},"product_brand":[],"product_cat":[90,540],"product_tag":[],"class_list":{"0":"post-292821","1":"product","2":"type-product","3":"status-publish","4":"has-post-thumbnail","6":"product_cat-altres","7":"product_cat-otros","9":"first","10":"instock","11":"taxable","12":"shipping-taxable","13":"purchasable","14":"product-type-simple"},"acf":{"autor":"GESCH\u00c9, ADOLPHE","codart":"843011732","libros-coleccion":"","ediciones":"1","encuadernacion":"R\u00fastica","fecha_de_publicacion":"09\/07\/2010","novedad":"0","paginas":"198","subtitulo":"","orden":"999","portada":"0","idioma":"spa","editorial":[{"ID":6364,"post_author":"3","post_date":"2022-07-28 17:50:36","post_date_gmt":"2022-07-28 15:50:36","post_content":"","post_title":"S\u00edgueme","post_excerpt":"","post_status":"publish","comment_status":"closed","ping_status":"closed","post_password":"","post_name":"sigueme","to_ping":"","pinged":"","post_modified":"2022-07-28 17:50:36","post_modified_gmt":"2022-07-28 15:50:36","post_content_filtered":"","post_parent":0,"guid":"http:\/\/dev.claret.cat\/editorial\/sigueme\/","menu_order":0,"post_type":"editorial","post_mime_type":"","comment_count":"0","filter":"raw"}],"autores-libros":[{"ID":262775,"post_author":"3","post_date":"2022-12-01 11:08:20","post_date_gmt":"2022-12-01 10:08:20","post_content":"","post_title":"ADOLPHE GESCHE","post_excerpt":"","post_status":"publish","comment_status":"closed","ping_status":"closed","post_password":"","post_name":"adolphe-gesche","to_ping":"","pinged":"","post_modified":"2022-12-01 11:08:20","post_modified_gmt":"2022-12-01 10:08:20","post_content_filtered":"","post_parent":0,"guid":"http:\/\/dev.claret.cat\/autor\/adolphe-gesche\/","menu_order":0,"post_type":"autor","post_mime_type":"","comment_count":"0","filter":"raw"}]},"aioseo_notices":[],"_links":{"self":[{"href":"https:\/\/www.claret.cat\/es\/wp-json\/wp\/v2\/product\/292821","targetHints":{"allow":["GET"]}}],"collection":[{"href":"https:\/\/www.claret.cat\/es\/wp-json\/wp\/v2\/product"}],"about":[{"href":"https:\/\/www.claret.cat\/es\/wp-json\/wp\/v2\/types\/product"}],"wp:featuredmedia":[{"embeddable":true,"href":"https:\/\/www.claret.cat\/es\/wp-json\/wp\/v2\/media\/341844"}],"wp:attachment":[{"href":"https:\/\/www.claret.cat\/es\/wp-json\/wp\/v2\/media?parent=292821"}],"wp:term":[{"taxonomy":"product_brand","embeddable":true,"href":"https:\/\/www.claret.cat\/es\/wp-json\/wp\/v2\/product_brand?post=292821"},{"taxonomy":"product_cat","embeddable":true,"href":"https:\/\/www.claret.cat\/es\/wp-json\/wp\/v2\/product_cat?post=292821"},{"taxonomy":"product_tag","embeddable":true,"href":"https:\/\/www.claret.cat\/es\/wp-json\/wp\/v2\/product_tag?post=292821"}],"curies":[{"name":"wp","href":"https:\/\/api.w.org\/{rel}","templated":true}]}}