{"id":292848,"date":"2022-12-11T02:12:46","date_gmt":"2022-12-11T01:12:46","guid":{"rendered":"http:\/\/dev.claret.cat\/llibre\/la-paradoja-del-cristianismo\/"},"modified":"2024-05-24T06:56:01","modified_gmt":"2024-05-24T04:56:01","slug":"la-paradoja-del-cristianismo-9788430117574","status":"publish","type":"product","link":"https:\/\/www.claret.cat\/es\/libro\/la-paradoja-del-cristianismo-9788430117574\/","title":{"rendered":"LA PARADOJA DEL CRISTIANISMO"},"content":{"rendered":"<p>Dos de los rasgos que sin duda caracterizan la cultura actual son la laicidad, o sea, la pretensi\u00f3n de vivir las distintas realidades de la existencia sin ponerlas en relaci\u00f3n con Dios, y el respeto y aprecio del pluralismo, que conlleva el rechazo a la imposici\u00f3n de cualquier creencia o verdad.<br \/>En principio, ambas ideas podr\u00edan considerarse contrarias tanto a la fe cristiana, que precisamente quiere encontrar a Dios en todos los \u00e1mbitos de la vida, como al monote\u00edsmo, que postula la existencia de una \u00fanica realidad absoluta.<br \/>La genialidad de la reflexi\u00f3n teol\u00f3gica de Adolphe Gesch\u00e9 parte de no aceptar tal conflicto. Para \u00e9l resulta obligado esforzarse por dialogar con la mentalidad moderna y sus valores si se quiere seguir hablando bien de Dios y bien del hombre. En este sentido, el cristianismo debe recuperar de su interior aquellas afinidades que le conectan con el ate\u00edsmo y con el rechazo a las verdades absolutas, para alcanzar la \u00fanica verdad que promueve la comuni\u00f3n de todas las sensibilidades verdaderamente humanas. S\u00f3lo as\u00ed podr\u00e1 profundizar en la paradoja que caracteriza su ser.<\/p>\n","protected":false},"excerpt":{"rendered":"<p>GESCH\u00c9, ADOLPHE<\/p>\n","protected":false},"featured_media":341861,"template":"","meta":{"_acf_changed":false,"om_disable_all_campaigns":false,"rs_blank_template":"","rs_page_bg_color":"","slide_template_v7":"","inline_featured_image":false,"_monsterinsights_skip_tracking":false,"_monsterinsights_sitenote_active":false,"_monsterinsights_sitenote_note":"","_monsterinsights_sitenote_category":0},"product_brand":[],"product_cat":[90,540],"product_tag":[],"class_list":{"0":"post-292848","1":"product","2":"type-product","3":"status-publish","4":"has-post-thumbnail","6":"product_cat-altres","7":"product_cat-otros","9":"first","10":"instock","11":"taxable","12":"shipping-taxable","13":"purchasable","14":"product-type-simple"},"acf":{"autor":"GESCH\u00c9, ADOLPHE","codart":"843011757","libros-coleccion":"","ediciones":"1","encuadernacion":"R\u00fastica","fecha_de_publicacion":"04\/03\/2011","novedad":"0","paginas":"142","subtitulo":"DIOS ENTRE PAR\u00c9NTESIS","orden":"999","portada":"0","idioma":"spa","editorial":[{"ID":6364,"post_author":"3","post_date":"2022-07-28 17:50:36","post_date_gmt":"2022-07-28 15:50:36","post_content":"","post_title":"S\u00edgueme","post_excerpt":"","post_status":"publish","comment_status":"closed","ping_status":"closed","post_password":"","post_name":"sigueme","to_ping":"","pinged":"","post_modified":"2022-07-28 17:50:36","post_modified_gmt":"2022-07-28 15:50:36","post_content_filtered":"","post_parent":0,"guid":"http:\/\/dev.claret.cat\/editorial\/sigueme\/","menu_order":0,"post_type":"editorial","post_mime_type":"","comment_count":"0","filter":"raw"}],"autores-libros":[{"ID":262775,"post_author":"3","post_date":"2022-12-01 11:08:20","post_date_gmt":"2022-12-01 10:08:20","post_content":"","post_title":"ADOLPHE GESCHE","post_excerpt":"","post_status":"publish","comment_status":"closed","ping_status":"closed","post_password":"","post_name":"adolphe-gesche","to_ping":"","pinged":"","post_modified":"2022-12-01 11:08:20","post_modified_gmt":"2022-12-01 10:08:20","post_content_filtered":"","post_parent":0,"guid":"http:\/\/dev.claret.cat\/autor\/adolphe-gesche\/","menu_order":0,"post_type":"autor","post_mime_type":"","comment_count":"0","filter":"raw"}]},"aioseo_notices":[],"_links":{"self":[{"href":"https:\/\/www.claret.cat\/es\/wp-json\/wp\/v2\/product\/292848","targetHints":{"allow":["GET"]}}],"collection":[{"href":"https:\/\/www.claret.cat\/es\/wp-json\/wp\/v2\/product"}],"about":[{"href":"https:\/\/www.claret.cat\/es\/wp-json\/wp\/v2\/types\/product"}],"wp:featuredmedia":[{"embeddable":true,"href":"https:\/\/www.claret.cat\/es\/wp-json\/wp\/v2\/media\/341861"}],"wp:attachment":[{"href":"https:\/\/www.claret.cat\/es\/wp-json\/wp\/v2\/media?parent=292848"}],"wp:term":[{"taxonomy":"product_brand","embeddable":true,"href":"https:\/\/www.claret.cat\/es\/wp-json\/wp\/v2\/product_brand?post=292848"},{"taxonomy":"product_cat","embeddable":true,"href":"https:\/\/www.claret.cat\/es\/wp-json\/wp\/v2\/product_cat?post=292848"},{"taxonomy":"product_tag","embeddable":true,"href":"https:\/\/www.claret.cat\/es\/wp-json\/wp\/v2\/product_tag?post=292848"}],"curies":[{"name":"wp","href":"https:\/\/api.w.org\/{rel}","templated":true}]}}