{"id":292911,"date":"2022-12-11T02:15:02","date_gmt":"2022-12-11T01:15:02","guid":{"rendered":"http:\/\/dev.claret.cat\/llibre\/dialogos-de-pasion-2\/"},"modified":"2024-05-24T06:51:49","modified_gmt":"2024-05-24T04:51:49","slug":"dialogos-de-pasion-9788430117932","status":"publish","type":"product","link":"https:\/\/www.claret.cat\/es\/libro\/dialogos-de-pasion-9788430117932\/","title":{"rendered":"DI\u00c1LOGOS DE PASI\u00d3N"},"content":{"rendered":"<p>La nueva edici\u00f3n de este \u00abcl\u00e1sico\u00bb de la poes\u00eda religiosa viene acompa\u00f1ada de seis reflexiones en prosa que ahondan en el misterio de la pasi\u00f3n, muerte y resurrecci\u00f3n de Jes\u00fas de Nazaret.<\/p>\n<p>Once amplios di\u00e1logos en verso libre ponen de manifiesto muchos de los interrogantes que agitaron el coraz\u00f3n de quienes asistieron como protagonistas al desenlace de la vida de Jes\u00fas.<\/p>\n<p>Los personajes que aparecen en estos di\u00e1logos son, seg\u00fan el autor, reflejo de nosotros mismos, que tambi\u00e9n hoy \u00abseguimos buscando a Jes\u00fas y pregunt\u00e1ndonos qui\u00e9n es. Qui\u00e9n es sobre todo para nosotros. C\u00f3mo podemos y debemos amarle\u00bb. Porque en el fondo de nuestro ser tal vez intuyamos que \u00aben Jes\u00fas nos jugamos nuestro destino, nuestra vida\u00bb.<\/p>\n","protected":false},"excerpt":{"rendered":"<p>MART\u00cdN DESCALZO, JOS\u00c9 LUIS<\/p>\n","protected":false},"featured_media":341900,"template":"","meta":{"_acf_changed":false,"om_disable_all_campaigns":false,"rs_blank_template":"","rs_page_bg_color":"","slide_template_v7":"","inline_featured_image":false,"_monsterinsights_skip_tracking":false,"_monsterinsights_sitenote_active":false,"_monsterinsights_sitenote_note":"","_monsterinsights_sitenote_category":0},"product_brand":[],"product_cat":[90,540],"product_tag":[],"class_list":{"0":"post-292911","1":"product","2":"type-product","3":"status-publish","4":"has-post-thumbnail","6":"product_cat-altres","7":"product_cat-otros","9":"first","10":"outofstock","11":"taxable","12":"shipping-taxable","13":"purchasable","14":"product-type-simple"},"acf":{"autor":"MART\u00cdN DESCALZO, JOS\u00c9 LUIS","codart":"843011793","libros-coleccion":"","ediciones":"1","encuadernacion":"R\u00fastica","fecha_de_publicacion":"06\/03\/2012","novedad":"0","paginas":"128","subtitulo":"","orden":"999","portada":"0","idioma":"spa","editorial":[{"ID":6364,"post_author":"3","post_date":"2022-07-28 17:50:36","post_date_gmt":"2022-07-28 15:50:36","post_content":"","post_title":"S\u00edgueme","post_excerpt":"","post_status":"publish","comment_status":"closed","ping_status":"closed","post_password":"","post_name":"sigueme","to_ping":"","pinged":"","post_modified":"2022-07-28 17:50:36","post_modified_gmt":"2022-07-28 15:50:36","post_content_filtered":"","post_parent":0,"guid":"http:\/\/dev.claret.cat\/editorial\/sigueme\/","menu_order":0,"post_type":"editorial","post_mime_type":"","comment_count":"0","filter":"raw"}],"autores-libros":[{"ID":160342,"post_author":"3","post_date":"2022-10-14 15:52:17","post_date_gmt":"2022-10-14 13:52:17","post_content":"","post_title":"JOS\u00c9 LUIS MART\u00cdN DESCALZO","post_excerpt":"","post_status":"publish","comment_status":"closed","ping_status":"closed","post_password":"","post_name":"jose-luis-martin-descalzo","to_ping":"","pinged":"","post_modified":"2022-10-14 15:52:17","post_modified_gmt":"2022-10-14 13:52:17","post_content_filtered":"","post_parent":0,"guid":"http:\/\/dev.claret.cat\/autor\/jose-luis-martin-descalzo\/","menu_order":0,"post_type":"autor","post_mime_type":"","comment_count":"0","filter":"raw"}]},"aioseo_notices":[],"_links":{"self":[{"href":"https:\/\/www.claret.cat\/es\/wp-json\/wp\/v2\/product\/292911","targetHints":{"allow":["GET"]}}],"collection":[{"href":"https:\/\/www.claret.cat\/es\/wp-json\/wp\/v2\/product"}],"about":[{"href":"https:\/\/www.claret.cat\/es\/wp-json\/wp\/v2\/types\/product"}],"wp:featuredmedia":[{"embeddable":true,"href":"https:\/\/www.claret.cat\/es\/wp-json\/wp\/v2\/media\/341900"}],"wp:attachment":[{"href":"https:\/\/www.claret.cat\/es\/wp-json\/wp\/v2\/media?parent=292911"}],"wp:term":[{"taxonomy":"product_brand","embeddable":true,"href":"https:\/\/www.claret.cat\/es\/wp-json\/wp\/v2\/product_brand?post=292911"},{"taxonomy":"product_cat","embeddable":true,"href":"https:\/\/www.claret.cat\/es\/wp-json\/wp\/v2\/product_cat?post=292911"},{"taxonomy":"product_tag","embeddable":true,"href":"https:\/\/www.claret.cat\/es\/wp-json\/wp\/v2\/product_tag?post=292911"}],"curies":[{"name":"wp","href":"https:\/\/api.w.org\/{rel}","templated":true}]}}