{"id":292941,"date":"2022-12-11T02:16:09","date_gmt":"2022-12-11T01:16:09","guid":{"rendered":"http:\/\/dev.claret.cat\/llibre\/la-fe-que-nos-salva\/"},"modified":"2024-05-24T06:51:42","modified_gmt":"2024-05-24T04:51:42","slug":"la-fe-que-nos-salva-9788430118106","status":"publish","type":"product","link":"https:\/\/www.claret.cat\/es\/libro\/la-fe-que-nos-salva-9788430118106\/","title":{"rendered":"LA FE QUE NOS SALVA"},"content":{"rendered":"<p>Mi intenci\u00f3n ha sido escribir un libro directo y sencillo, que acompa\u00f1e en su itinerario espiritual a todos aquellos que sufren por la inseguridad de su fe; un libro que ayude a recuperar o alcanzar la fe en el Dios de Jesucristo a quienes la perdieron o no la han tenido nunca. No es, por tanto, un catecismo ni una introducci\u00f3n al cristianismo, sino una presentaci\u00f3n de la fe cristiana que evoque su funci\u00f3n decisiva en los planes de Dios y en el acertado desarrollo de la vida humana. Este estudio, por tanto, no se centra de manera principal en lo que creemos por la fe, sino en la fe misma, la fe en cuanto acto y h\u00e1bito personal, don de Dios y camino de salvaci\u00f3n. El lector est\u00e1 invitado a acompa\u00f1arme en esta meditaci\u00f3n teol\u00f3gica sobre la fe cristiana, nacida de mi experiencia personal y pastoral. Pero sobre todo a experimentar y celebrar gozosamente aquello que es posible formular sobre la fe en Cristo y en el Dios que nos salva.<\/p>\n","protected":false},"excerpt":{"rendered":"<p>SEBASTI\u00c1N AGUILAR, CARD. FERNANDO <\/p>\n","protected":false},"featured_media":341918,"template":"","meta":{"_acf_changed":false,"om_disable_all_campaigns":false,"rs_blank_template":"","rs_page_bg_color":"","slide_template_v7":"","inline_featured_image":false,"_monsterinsights_skip_tracking":false,"_monsterinsights_sitenote_active":false,"_monsterinsights_sitenote_note":"","_monsterinsights_sitenote_category":0},"product_brand":[],"product_cat":[90,540],"product_tag":[],"class_list":{"0":"post-292941","1":"product","2":"type-product","3":"status-publish","4":"has-post-thumbnail","6":"product_cat-altres","7":"product_cat-otros","9":"first","10":"instock","11":"taxable","12":"shipping-taxable","13":"purchasable","14":"product-type-simple"},"acf":{"autor":"SEBASTI\u00c1N AGUILAR, CARD. FERNANDO ","codart":"843011810","libros-coleccion":"","ediciones":"1","encuadernacion":"Carton\u00e9","fecha_de_publicacion":"30\/08\/2012","novedad":"0","paginas":"514","subtitulo":"APROXIMACI\u00d3N PASTORAL A UNA TEOLOG\u00cdA FUNDAMENTAL","orden":"999","portada":"0","idioma":"spa","editorial":[{"ID":6364,"post_author":"3","post_date":"2022-07-28 17:50:36","post_date_gmt":"2022-07-28 15:50:36","post_content":"","post_title":"S\u00edgueme","post_excerpt":"","post_status":"publish","comment_status":"closed","ping_status":"closed","post_password":"","post_name":"sigueme","to_ping":"","pinged":"","post_modified":"2022-07-28 17:50:36","post_modified_gmt":"2022-07-28 15:50:36","post_content_filtered":"","post_parent":0,"guid":"http:\/\/dev.claret.cat\/editorial\/sigueme\/","menu_order":0,"post_type":"editorial","post_mime_type":"","comment_count":"0","filter":"raw"}],"autores-libros":[{"ID":152072,"post_author":"3","post_date":"2022-10-14 14:45:53","post_date_gmt":"2022-10-14 12:45:53","post_content":"","post_title":"CARD. FERNANDO  SEBASTI\u00c1N AGUILAR","post_excerpt":"","post_status":"publish","comment_status":"closed","ping_status":"closed","post_password":"","post_name":"card-fernando-sebastian-aguilar","to_ping":"","pinged":"","post_modified":"2022-10-14 14:45:53","post_modified_gmt":"2022-10-14 12:45:53","post_content_filtered":"","post_parent":0,"guid":"http:\/\/dev.claret.cat\/autor\/card-fernando-sebastian-aguilar\/","menu_order":0,"post_type":"autor","post_mime_type":"","comment_count":"0","filter":"raw"}]},"aioseo_notices":[],"_links":{"self":[{"href":"https:\/\/www.claret.cat\/es\/wp-json\/wp\/v2\/product\/292941","targetHints":{"allow":["GET"]}}],"collection":[{"href":"https:\/\/www.claret.cat\/es\/wp-json\/wp\/v2\/product"}],"about":[{"href":"https:\/\/www.claret.cat\/es\/wp-json\/wp\/v2\/types\/product"}],"wp:featuredmedia":[{"embeddable":true,"href":"https:\/\/www.claret.cat\/es\/wp-json\/wp\/v2\/media\/341918"}],"wp:attachment":[{"href":"https:\/\/www.claret.cat\/es\/wp-json\/wp\/v2\/media?parent=292941"}],"wp:term":[{"taxonomy":"product_brand","embeddable":true,"href":"https:\/\/www.claret.cat\/es\/wp-json\/wp\/v2\/product_brand?post=292941"},{"taxonomy":"product_cat","embeddable":true,"href":"https:\/\/www.claret.cat\/es\/wp-json\/wp\/v2\/product_cat?post=292941"},{"taxonomy":"product_tag","embeddable":true,"href":"https:\/\/www.claret.cat\/es\/wp-json\/wp\/v2\/product_tag?post=292941"}],"curies":[{"name":"wp","href":"https:\/\/api.w.org\/{rel}","templated":true}]}}