{"id":292944,"date":"2022-12-11T02:16:15","date_gmt":"2022-12-11T01:16:15","guid":{"rendered":"http:\/\/dev.claret.cat\/llibre\/moral-religiosa\/"},"modified":"2024-05-24T06:49:43","modified_gmt":"2024-05-24T04:49:43","slug":"moral-religiosa-9788430118113","status":"publish","type":"product","link":"https:\/\/www.claret.cat\/es\/libro\/moral-religiosa-9788430118113\/","title":{"rendered":"MORAL RELIGIOSA"},"content":{"rendered":"<p>El Dec\u00e1logo ha iluminado desde tiempo inmemorial el comportamiento de los cristianos. Sin embargo, los tres primeros mandamientos no siempre han ocupado el espacio y el tiempo que merecen en la reflexi\u00f3n moral. <br \/>Conviene recordar que la vida humana resulta dif\u00edcilmente entendible si no es en clave de vocaci\u00f3n. Cada persona, creada a imagen y semejanza de Dios, est\u00e1 llamada a orientar su existencia desde los deberes morales que brotan de su ser criatura y de la relaci\u00f3n con el Se\u00f1or. <br \/>Hoy, tras proclamar solemnemente tantos derechos humanos, tal vez haya llegado la hora de reivindicar y defender tambi\u00e9n los \u00abderechos\u00bb de Dios; no en vano, sus derechos son caminos de realizaci\u00f3n y felicidad para cada persona y para el conjunto de la sociedad. <br \/>As\u00ed, el derecho de Dios a ser adorado en exclusiva como el Ser absoluto y el Amor fontal es la garant\u00eda de la libertad del hombre frente a las imposiciones de los \u00eddolos. El derecho de Dios a ver respetado su nombre marca la posibilidad humana de vivir en la verdad. Y el derecho de Dios a ser recordado de modo especial un d\u00eda a la semana ofrece al creyente la ocasi\u00f3n para celebrar el amor que el Se\u00f1or regala a sus criaturas, afirmar su se\u00f1or\u00edo sobre el trabajo cotidiano y recuperar el valor humanizador del encuentro festivo y del descanso.<\/p>\n","protected":false},"excerpt":{"rendered":"<p>FLECHA, JOS\u00c9-ROM\u00c1N<\/p>\n","protected":false},"featured_media":342536,"template":"","meta":{"_acf_changed":false,"om_disable_all_campaigns":false,"rs_blank_template":"","rs_page_bg_color":"","slide_template_v7":"","inline_featured_image":false,"_monsterinsights_skip_tracking":false,"_monsterinsights_sitenote_active":false,"_monsterinsights_sitenote_note":"","_monsterinsights_sitenote_category":0},"product_brand":[],"product_cat":[90,540],"product_tag":[],"class_list":{"0":"post-292944","1":"product","2":"type-product","3":"status-publish","4":"has-post-thumbnail","6":"product_cat-altres","7":"product_cat-otros","9":"first","10":"instock","11":"taxable","12":"shipping-taxable","13":"purchasable","14":"product-type-simple"},"acf":{"editorial":[{"ID":6364,"post_author":"3","post_date":"2022-07-28 17:50:36","post_date_gmt":"2022-07-28 15:50:36","post_content":"","post_title":"S\u00edgueme","post_excerpt":"","post_status":"publish","comment_status":"closed","ping_status":"closed","post_password":"","post_name":"sigueme","to_ping":"","pinged":"","post_modified":"2022-07-28 17:50:36","post_modified_gmt":"2022-07-28 15:50:36","post_content_filtered":"","post_parent":0,"guid":"http:\/\/dev.claret.cat\/editorial\/sigueme\/","menu_order":0,"post_type":"editorial","post_mime_type":"","comment_count":"0","filter":"raw"}],"autores-libros":[{"ID":5649,"post_author":"3","post_date":"2022-07-28 17:28:31","post_date_gmt":"2022-07-28 15:28:31","post_content":"","post_title":"JOS\u00c9- ROMAN FLECHA","post_excerpt":"","post_status":"publish","comment_status":"closed","ping_status":"closed","post_password":"","post_name":"jose-roman-flecha","to_ping":"","pinged":"","post_modified":"2022-07-28 17:28:31","post_modified_gmt":"2022-07-28 15:28:31","post_content_filtered":"","post_parent":0,"guid":"http:\/\/dev.claret.cat\/autor\/jose-roman-flecha\/","menu_order":0,"post_type":"autor","post_mime_type":"","comment_count":"0","filter":"raw"}],"autor":"FLECHA, JOS\u00c9-ROM\u00c1N","codart":"843011811","libros-coleccion":"","ediciones":"1","encuadernacion":"R\u00fastica","fecha_de_publicacion":"15\/10\/2012","novedad":"0","paginas":"288","subtitulo":"LA VIDA ANTE DIOS","orden":"999","portada":"0","idioma":"spa"},"aioseo_notices":[],"_links":{"self":[{"href":"https:\/\/www.claret.cat\/es\/wp-json\/wp\/v2\/product\/292944","targetHints":{"allow":["GET"]}}],"collection":[{"href":"https:\/\/www.claret.cat\/es\/wp-json\/wp\/v2\/product"}],"about":[{"href":"https:\/\/www.claret.cat\/es\/wp-json\/wp\/v2\/types\/product"}],"wp:featuredmedia":[{"embeddable":true,"href":"https:\/\/www.claret.cat\/es\/wp-json\/wp\/v2\/media\/342536"}],"wp:attachment":[{"href":"https:\/\/www.claret.cat\/es\/wp-json\/wp\/v2\/media?parent=292944"}],"wp:term":[{"taxonomy":"product_brand","embeddable":true,"href":"https:\/\/www.claret.cat\/es\/wp-json\/wp\/v2\/product_brand?post=292944"},{"taxonomy":"product_cat","embeddable":true,"href":"https:\/\/www.claret.cat\/es\/wp-json\/wp\/v2\/product_cat?post=292944"},{"taxonomy":"product_tag","embeddable":true,"href":"https:\/\/www.claret.cat\/es\/wp-json\/wp\/v2\/product_tag?post=292944"}],"curies":[{"name":"wp","href":"https:\/\/api.w.org\/{rel}","templated":true}]}}