{"id":292955,"date":"2022-12-11T02:20:19","date_gmt":"2022-12-11T01:20:19","guid":{"rendered":"http:\/\/dev.claret.cat\/llibre\/sobre-la-muerte\/"},"modified":"2024-05-24T06:50:13","modified_gmt":"2024-05-24T04:50:13","slug":"sobre-la-muerte-9788430118168","status":"publish","type":"product","link":"https:\/\/www.claret.cat\/es\/libro\/sobre-la-muerte-9788430118168\/","title":{"rendered":"SOBRE LA MUERTE"},"content":{"rendered":"<p>La muerte es una de las cuestiones decisivas a la hora de conocer al ser humano, pues nada suprime el dato persistente y tozudo de tener que morir.<br \/>A pesar de ser un hecho cotidiano, no es f\u00e1cil abordar la muerte. Muchos recurren al silencio; otros tantos, al olvido; pero todos, en alguna ocasi\u00f3n, se han esforzado por buscar sentido a este acontecimiento para vivir con dignidad la propia existencia y la de los seres queridos.<br \/>Esta obra puede encuadrarse dentro del g\u00e9nero de la \u00abmeditatio mortis\u00bb. Su perspectiva es teol\u00f3gica, ya que reflexiona sobre la muerte desde la fe en el Dios de Jesucristo. No obstante, tiene en cuenta la rica tradici\u00f3n cultural de Occidente, que siempre ha iluminado este trance desde la literatura, la filosof\u00eda y las distintas manifestaciones art\u00edsticas.<\/p>\n","protected":false},"excerpt":{"rendered":"<p>GONZ\u00c1LEZ DE CARDEDAL, OLEGARIO<\/p>\n","protected":false},"featured_media":341926,"template":"","meta":{"_acf_changed":false,"om_disable_all_campaigns":false,"rs_blank_template":"","rs_page_bg_color":"","slide_template_v7":"","inline_featured_image":false,"_monsterinsights_skip_tracking":false,"_monsterinsights_sitenote_active":false,"_monsterinsights_sitenote_note":"","_monsterinsights_sitenote_category":0},"product_brand":[],"product_cat":[90,540],"product_tag":[],"class_list":{"0":"post-292955","1":"product","2":"type-product","3":"status-publish","4":"has-post-thumbnail","6":"product_cat-altres","7":"product_cat-otros","9":"first","10":"instock","11":"taxable","12":"shipping-taxable","13":"purchasable","14":"product-type-simple"},"acf":{"autor":"GONZ\u00c1LEZ DE CARDEDAL, OLEGARIO","codart":"843011816","libros-coleccion":"","ediciones":"1","encuadernacion":"Carton\u00e9","fecha_de_publicacion":"18\/01\/2013","novedad":"0","paginas":"194","subtitulo":"","orden":"999","portada":"0","idioma":"spa","editorial":[{"ID":6364,"post_author":"3","post_date":"2022-07-28 17:50:36","post_date_gmt":"2022-07-28 15:50:36","post_content":"","post_title":"S\u00edgueme","post_excerpt":"","post_status":"publish","comment_status":"closed","ping_status":"closed","post_password":"","post_name":"sigueme","to_ping":"","pinged":"","post_modified":"2022-07-28 17:50:36","post_modified_gmt":"2022-07-28 15:50:36","post_content_filtered":"","post_parent":0,"guid":"http:\/\/dev.claret.cat\/editorial\/sigueme\/","menu_order":0,"post_type":"editorial","post_mime_type":"","comment_count":"0","filter":"raw"}],"autores-libros":[{"ID":288569,"post_author":"3","post_date":"2022-12-10 08:10:50","post_date_gmt":"2022-12-10 07:10:50","post_content":"","post_title":"OLEGARIO GONZ\u00c1LEZ DE CARDEDAL","post_excerpt":"","post_status":"publish","comment_status":"closed","ping_status":"closed","post_password":"","post_name":"olegario-gonzalez-de-cardedal","to_ping":"","pinged":"","post_modified":"2022-12-10 08:10:50","post_modified_gmt":"2022-12-10 07:10:50","post_content_filtered":"","post_parent":0,"guid":"http:\/\/dev.claret.cat\/autor\/olegario-gonzalez-de-cardedal\/","menu_order":0,"post_type":"autor","post_mime_type":"","comment_count":"0","filter":"raw"}]},"aioseo_notices":[],"_links":{"self":[{"href":"https:\/\/www.claret.cat\/es\/wp-json\/wp\/v2\/product\/292955","targetHints":{"allow":["GET"]}}],"collection":[{"href":"https:\/\/www.claret.cat\/es\/wp-json\/wp\/v2\/product"}],"about":[{"href":"https:\/\/www.claret.cat\/es\/wp-json\/wp\/v2\/types\/product"}],"wp:featuredmedia":[{"embeddable":true,"href":"https:\/\/www.claret.cat\/es\/wp-json\/wp\/v2\/media\/341926"}],"wp:attachment":[{"href":"https:\/\/www.claret.cat\/es\/wp-json\/wp\/v2\/media?parent=292955"}],"wp:term":[{"taxonomy":"product_brand","embeddable":true,"href":"https:\/\/www.claret.cat\/es\/wp-json\/wp\/v2\/product_brand?post=292955"},{"taxonomy":"product_cat","embeddable":true,"href":"https:\/\/www.claret.cat\/es\/wp-json\/wp\/v2\/product_cat?post=292955"},{"taxonomy":"product_tag","embeddable":true,"href":"https:\/\/www.claret.cat\/es\/wp-json\/wp\/v2\/product_tag?post=292955"}],"curies":[{"name":"wp","href":"https:\/\/api.w.org\/{rel}","templated":true}]}}