{"id":293837,"date":"2022-12-11T03:13:21","date_gmt":"2022-12-11T02:13:21","guid":{"rendered":"http:\/\/dev.claret.cat\/llibre\/a-traves-de-los-montes\/"},"modified":"2024-05-24T05:52:06","modified_gmt":"2024-05-24T03:52:06","slug":"a-traves-de-los-montes-9788432135477","status":"publish","type":"product","link":"https:\/\/www.claret.cat\/es\/libro\/a-traves-de-los-montes-9788432135477\/","title":{"rendered":"A TRAV\u00c9S DE LOS MONTES"},"content":{"rendered":"<p>Este album ilustrado a todo color recoge la vida de san Josemar\u00eda hasta el d\u00eda de su canonizaci\u00f3n. Los dibujos son de dos famosos ilustradores belgas especialistas en bande dessin\u00e9, y el gui\u00f3n es de Paule Fostroy, autora de numerosos \u00e1lbumes de \u00e9xito. Encantar\u00e1 a los m\u00e1s peque\u00f1os, y tambi\u00e9n a los mayores que deseen tener una visi\u00f3n sint\u00e9tica de la vida de un santo.<\/p>\n","protected":false},"excerpt":{"rendered":"<p>GILLISEN,J.;GABRIEL,E.<\/p>\n","protected":false},"featured_media":342894,"template":"","meta":{"_acf_changed":false,"om_disable_all_campaigns":false,"rs_blank_template":"","rs_page_bg_color":"","slide_template_v7":"","inline_featured_image":false,"_monsterinsights_skip_tracking":false,"_monsterinsights_sitenote_active":false,"_monsterinsights_sitenote_note":"","_monsterinsights_sitenote_category":0},"product_brand":[],"product_cat":[131,132,361,362,491,241],"product_tag":[],"class_list":{"0":"post-293837","1":"product","2":"type-product","3":"status-publish","4":"has-post-thumbnail","6":"product_cat-contes-per-infants-0-6-anys","7":"product_cat-lectures-per-preadolescents-6-12-anys","8":"product_cat-cuentos-para-ninos-0-6-anos","9":"product_cat-libros-preadolescentes-6-12-anos","10":"product_cat-testimonios","11":"product_cat-testimonis","13":"first","14":"instock","15":"taxable","16":"shipping-taxable","17":"purchasable","18":"product-type-simple"},"acf":{"autor":"GILLISEN,J.;GABRIEL,E.","codart":"843213547","libros-coleccion":"","ediciones":"1","encuadernacion":"Carton\u00e9","fecha_de_publicacion":"09\/11\/2005","novedad":"0","paginas":"80","subtitulo":"LA VIDA DE SAN JOSEMAR\u00cdA","orden":"999","portada":"0","idioma":"spa","editorial":[{"ID":6348,"post_author":"3","post_date":"2022-07-28 17:50:16","post_date_gmt":"2022-07-28 15:50:16","post_content":"","post_title":"Rialp","post_excerpt":"","post_status":"publish","comment_status":"closed","ping_status":"closed","post_password":"","post_name":"rialp","to_ping":"","pinged":"","post_modified":"2022-07-28 17:50:16","post_modified_gmt":"2022-07-28 15:50:16","post_content_filtered":"","post_parent":0,"guid":"http:\/\/dev.claret.cat\/editorial\/rialp\/","menu_order":0,"post_type":"editorial","post_mime_type":"","comment_count":"0","filter":"raw"}],"autores-libros":[{"ID":293836,"post_author":"3","post_date":"2022-12-11 03:13:20","post_date_gmt":"2022-12-11 02:13:20","post_content":"","post_title":"PAULE FOSTROY","post_excerpt":"","post_status":"publish","comment_status":"closed","ping_status":"closed","post_password":"","post_name":"paule-fostroy","to_ping":"","pinged":"","post_modified":"2022-12-11 03:13:20","post_modified_gmt":"2022-12-11 02:13:20","post_content_filtered":"","post_parent":0,"guid":"http:\/\/dev.claret.cat\/autor\/paule-fostroy\/","menu_order":0,"post_type":"autor","post_mime_type":"","comment_count":"0","filter":"raw"},{"ID":293834,"post_author":"3","post_date":"2022-12-11 03:13:17","post_date_gmt":"2022-12-11 02:13:17","post_content":"","post_title":"E.(il) GABRIEL","post_excerpt":"","post_status":"publish","comment_status":"closed","ping_status":"closed","post_password":"","post_name":"e-il-gabriel","to_ping":"","pinged":"","post_modified":"2022-12-11 03:13:17","post_modified_gmt":"2022-12-11 02:13:17","post_content_filtered":"","post_parent":0,"guid":"http:\/\/dev.claret.cat\/autor\/e-il-gabriel\/","menu_order":0,"post_type":"autor","post_mime_type":"","comment_count":"0","filter":"raw"},{"ID":293835,"post_author":"3","post_date":"2022-12-11 03:13:18","post_date_gmt":"2022-12-11 02:13:18","post_content":"","post_title":"J.(il) GILLISSEN","post_excerpt":"","post_status":"publish","comment_status":"closed","ping_status":"closed","post_password":"","post_name":"j-il-gillissen","to_ping":"","pinged":"","post_modified":"2022-12-11 03:13:18","post_modified_gmt":"2022-12-11 02:13:18","post_content_filtered":"","post_parent":0,"guid":"http:\/\/dev.claret.cat\/autor\/j-il-gillissen\/","menu_order":0,"post_type":"autor","post_mime_type":"","comment_count":"0","filter":"raw"}]},"aioseo_notices":[],"_links":{"self":[{"href":"https:\/\/www.claret.cat\/es\/wp-json\/wp\/v2\/product\/293837","targetHints":{"allow":["GET"]}}],"collection":[{"href":"https:\/\/www.claret.cat\/es\/wp-json\/wp\/v2\/product"}],"about":[{"href":"https:\/\/www.claret.cat\/es\/wp-json\/wp\/v2\/types\/product"}],"wp:featuredmedia":[{"embeddable":true,"href":"https:\/\/www.claret.cat\/es\/wp-json\/wp\/v2\/media\/342894"}],"wp:attachment":[{"href":"https:\/\/www.claret.cat\/es\/wp-json\/wp\/v2\/media?parent=293837"}],"wp:term":[{"taxonomy":"product_brand","embeddable":true,"href":"https:\/\/www.claret.cat\/es\/wp-json\/wp\/v2\/product_brand?post=293837"},{"taxonomy":"product_cat","embeddable":true,"href":"https:\/\/www.claret.cat\/es\/wp-json\/wp\/v2\/product_cat?post=293837"},{"taxonomy":"product_tag","embeddable":true,"href":"https:\/\/www.claret.cat\/es\/wp-json\/wp\/v2\/product_tag?post=293837"}],"curies":[{"name":"wp","href":"https:\/\/api.w.org\/{rel}","templated":true}]}}