{"id":293873,"date":"2022-12-11T03:14:51","date_gmt":"2022-12-11T02:14:51","guid":{"rendered":"http:\/\/dev.claret.cat\/llibre\/50-preguntas-sobre-jesus\/"},"modified":"2025-02-28T12:25:39","modified_gmt":"2025-02-28T11:25:39","slug":"50-preguntas-sobre-jesus-9788432135958","status":"publish","type":"product","link":"https:\/\/www.claret.cat\/es\/libro\/50-preguntas-sobre-jesus-9788432135958\/","title":{"rendered":"50 PREGUNTAS SOBRE JES\u00daS"},"content":{"rendered":"<p>Sobre Jes\u00fas de Nazaret se han hecho muchas preguntas a lo largo de la historia. Creyentes y no creyentes que necesitan datos verificables para acercarse a la verdad y personas a las que asaltan las dudas, no han dejado de buscar informaci\u00f3n sobre su existencia y personalidad.<br \/>En los \u00faltimos a\u00f1os, ciertos descubrimientos arqueol\u00f3gicos no s\u00f3lo han despertado la atenci\u00f3n de los expertos sino tambi\u00e9n la curiosidad del gran p\u00fablico. Si a eso a\u00f1adimos las interpretaciones sensacionalistas sobre la figura de Jes\u00fas, los ap\u00f3stoles o Mar\u00eda Magdalena, la necesidad de dar respuesta a esas cuestiones se hace cada vez m\u00e1s urgente.<\/p>\n","protected":false},"excerpt":{"rendered":"<p>CHAPA PRADO, JUAN<\/p>\n","protected":false},"featured_media":342917,"template":"","meta":{"_acf_changed":false,"om_disable_all_campaigns":false,"rs_blank_template":"","rs_page_bg_color":"","slide_template_v7":"","inline_featured_image":false,"_monsterinsights_skip_tracking":false,"_monsterinsights_sitenote_active":false,"_monsterinsights_sitenote_note":"","_monsterinsights_sitenote_category":0},"product_brand":[],"product_cat":[487,234,414,276],"product_tag":[],"class_list":{"0":"post-293873","1":"product","2":"type-product","3":"status-publish","4":"has-post-thumbnail","6":"product_cat-cristocentrica-espiritualidad-1_espiritualidad","7":"product_cat-cristocentrica","8":"product_cat-cristologia-teologia-1_espiritualidad","9":"product_cat-cristologia-teologia","11":"first","12":"instock","13":"taxable","14":"shipping-taxable","15":"purchasable","16":"product-type-simple"},"acf":{"autor":"CHAPA PRADO, JUAN","codart":"843213595","libros-coleccion":"BOLSILLO","ediciones":"1","encuadernacion":"R\u00fastica","fecha_de_publicacion":"29\/05\/2006","novedad":"0","paginas":"176","subtitulo":"","orden":"999","portada":"0","idioma":"spa","editorial":[{"ID":6348,"post_author":"3","post_date":"2022-07-28 17:50:16","post_date_gmt":"2022-07-28 15:50:16","post_content":"","post_title":"Rialp","post_excerpt":"","post_status":"publish","comment_status":"closed","ping_status":"closed","post_password":"","post_name":"rialp","to_ping":"","pinged":"","post_modified":"2022-07-28 17:50:16","post_modified_gmt":"2022-07-28 15:50:16","post_content_filtered":"","post_parent":0,"guid":"http:\/\/dev.claret.cat\/editorial\/rialp\/","menu_order":0,"post_type":"editorial","post_mime_type":"","comment_count":"0","filter":"raw"}],"autores-libros":[{"ID":293872,"post_author":"3","post_date":"2022-12-11 03:14:49","post_date_gmt":"2022-12-11 02:14:49","post_content":"","post_title":"JUAN (ed) CHAPA PRADO","post_excerpt":"","post_status":"publish","comment_status":"closed","ping_status":"closed","post_password":"","post_name":"juan-ed-chapa-prado","to_ping":"","pinged":"","post_modified":"2022-12-11 03:14:49","post_modified_gmt":"2022-12-11 02:14:49","post_content_filtered":"","post_parent":0,"guid":"http:\/\/dev.claret.cat\/autor\/juan-ed-chapa-prado\/","menu_order":0,"post_type":"autor","post_mime_type":"","comment_count":"0","filter":"raw"}]},"aioseo_notices":[],"_links":{"self":[{"href":"https:\/\/www.claret.cat\/es\/wp-json\/wp\/v2\/product\/293873","targetHints":{"allow":["GET"]}}],"collection":[{"href":"https:\/\/www.claret.cat\/es\/wp-json\/wp\/v2\/product"}],"about":[{"href":"https:\/\/www.claret.cat\/es\/wp-json\/wp\/v2\/types\/product"}],"wp:featuredmedia":[{"embeddable":true,"href":"https:\/\/www.claret.cat\/es\/wp-json\/wp\/v2\/media\/342917"}],"wp:attachment":[{"href":"https:\/\/www.claret.cat\/es\/wp-json\/wp\/v2\/media?parent=293873"}],"wp:term":[{"taxonomy":"product_brand","embeddable":true,"href":"https:\/\/www.claret.cat\/es\/wp-json\/wp\/v2\/product_brand?post=293873"},{"taxonomy":"product_cat","embeddable":true,"href":"https:\/\/www.claret.cat\/es\/wp-json\/wp\/v2\/product_cat?post=293873"},{"taxonomy":"product_tag","embeddable":true,"href":"https:\/\/www.claret.cat\/es\/wp-json\/wp\/v2\/product_tag?post=293873"}],"curies":[{"name":"wp","href":"https:\/\/api.w.org\/{rel}","templated":true}]}}