{"id":293925,"date":"2022-12-11T03:16:55","date_gmt":"2022-12-11T02:16:55","guid":{"rendered":"http:\/\/dev.claret.cat\/llibre\/psicologia-y-vida-espiritual\/"},"modified":"2026-02-10T16:45:09","modified_gmt":"2026-02-10T15:45:09","slug":"psicologia-y-vida-espiritual-9788432136900","status":"publish","type":"product","link":"https:\/\/www.claret.cat\/es\/libro\/psicologia-y-vida-espiritual-9788432136900\/","title":{"rendered":"PSICOLOG\u00cdA Y VIDA ESPIRITUAL"},"content":{"rendered":"<p>Joan Baptista Torell\u00f3, sacerdote catal\u00e1n afincado en Viena desde hace d\u00e9cadas, ilustre te\u00f3logo y psiquiatra, posee una competencia nada com\u00fan en las fronteras de la Psicolog\u00eda y la vida espiritual. De ah\u00ed que logre aunar con destreza esas dos vertientes, dif\u00edciles de armonizar: la sabidur\u00eda y la sensibilidad del pastor de almas, con la ciencia del psiquiatra que observa, describe y trata de curar las patolog\u00edas ps\u00edquicas. A\u00f1\u00e1dase la pedagog\u00eda de un aut\u00e9ntico maestro y universitario.<br \/>Este libro, cargado de ciencia y de experiencias vivas, suscita el gusto por conocer algunos entresijos de la psicopatolog\u00eda para llegar a un cabal entendimiento del alma humana, a trav\u00e9s de p\u00e1ginas luminosas por su belleza e impregnadas de sentido pr\u00e1ctico.<\/p>\n","protected":false},"excerpt":{"rendered":"<p>BAPTISTA TORELL\u00d3, JOAN<\/p>\n","protected":false},"featured_media":342948,"template":"","meta":{"_acf_changed":false,"om_disable_all_campaigns":false,"rs_blank_template":"","rs_page_bg_color":"","slide_template_v7":"","inline_featured_image":false,"_monsterinsights_skip_tracking":false,"_monsterinsights_sitenote_active":false,"_monsterinsights_sitenote_note":"","_monsterinsights_sitenote_category":0},"product_brand":[],"product_cat":[449,181,418,284,273,411],"product_tag":[],"class_list":{"0":"post-293925","1":"product","2":"type-product","3":"status-publish","4":"has-post-thumbnail","6":"product_cat-de-la-personalidad-y-del-desarrollo","7":"product_cat-de-la-personalitat-i-del-desenvolupament","8":"product_cat-espiritual-teologia-1_espiritualidad","9":"product_cat-espiritual","10":"product_cat-frontera","11":"product_cat-frontera-pastoral-1_espiritualidad","13":"first","14":"instock","15":"taxable","16":"shipping-taxable","17":"purchasable","18":"product-type-simple"},"acf":{"autor":"BAPTISTA TORELL\u00d3, JOAN","codart":"843213690","libros-coleccion":"V\u00e9rtice","ediciones":"1","encuadernacion":"R\u00fastica","fecha_de_publicacion":"20\/06\/2008","novedad":"0","paginas":"256","subtitulo":"","orden":"999","portada":"0","idioma":"spa","editorial":[{"ID":6348,"post_author":"3","post_date":"2022-07-28 17:50:16","post_date_gmt":"2022-07-28 15:50:16","post_content":"","post_title":"Rialp","post_excerpt":"","post_status":"publish","comment_status":"closed","ping_status":"closed","post_password":"","post_name":"rialp","to_ping":"","pinged":"","post_modified":"2022-07-28 17:50:16","post_modified_gmt":"2022-07-28 15:50:16","post_content_filtered":"","post_parent":0,"guid":"http:\/\/dev.claret.cat\/editorial\/rialp\/","menu_order":0,"post_type":"editorial","post_mime_type":"","comment_count":"0","filter":"raw"}],"autores-libros":[{"ID":293924,"post_author":"3","post_date":"2022-12-11 03:16:53","post_date_gmt":"2022-12-11 02:16:53","post_content":"","post_title":"JOAN BAPTISTA TORELL\u00d3","post_excerpt":"","post_status":"publish","comment_status":"closed","ping_status":"closed","post_password":"","post_name":"joan-baptista-torello","to_ping":"","pinged":"","post_modified":"2022-12-11 03:16:53","post_modified_gmt":"2022-12-11 02:16:53","post_content_filtered":"","post_parent":0,"guid":"http:\/\/dev.claret.cat\/autor\/joan-baptista-torello\/","menu_order":0,"post_type":"autor","post_mime_type":"","comment_count":"0","filter":"raw"}],"booktrailer":"","resenas":""},"aioseo_notices":[],"_links":{"self":[{"href":"https:\/\/www.claret.cat\/es\/wp-json\/wp\/v2\/product\/293925","targetHints":{"allow":["GET"]}}],"collection":[{"href":"https:\/\/www.claret.cat\/es\/wp-json\/wp\/v2\/product"}],"about":[{"href":"https:\/\/www.claret.cat\/es\/wp-json\/wp\/v2\/types\/product"}],"wp:featuredmedia":[{"embeddable":true,"href":"https:\/\/www.claret.cat\/es\/wp-json\/wp\/v2\/media\/342948"}],"wp:attachment":[{"href":"https:\/\/www.claret.cat\/es\/wp-json\/wp\/v2\/media?parent=293925"}],"wp:term":[{"taxonomy":"product_brand","embeddable":true,"href":"https:\/\/www.claret.cat\/es\/wp-json\/wp\/v2\/product_brand?post=293925"},{"taxonomy":"product_cat","embeddable":true,"href":"https:\/\/www.claret.cat\/es\/wp-json\/wp\/v2\/product_cat?post=293925"},{"taxonomy":"product_tag","embeddable":true,"href":"https:\/\/www.claret.cat\/es\/wp-json\/wp\/v2\/product_tag?post=293925"}],"curies":[{"name":"wp","href":"https:\/\/api.w.org\/{rel}","templated":true}]}}