{"id":293937,"date":"2022-12-11T03:17:20","date_gmt":"2022-12-11T02:17:20","guid":{"rendered":"http:\/\/dev.claret.cat\/llibre\/experimentos-para-todas-las-edades\/"},"modified":"2024-05-24T05:47:16","modified_gmt":"2024-05-24T03:47:16","slug":"experimentos-para-todas-las-edades-9788432136986","status":"publish","type":"product","link":"https:\/\/www.claret.cat\/es\/libro\/experimentos-para-todas-las-edades-9788432136986\/","title":{"rendered":"EXPERIMENTOS PARA TODAS LAS EDADES"},"content":{"rendered":"<p>Este libro entusiasmar\u00e1 a muchos j\u00f3venes con el trabajo cient\u00edfico. Consta de 140 experimentos en tres niveles seg\u00fan su dificultad, y en cada uno el autor explica con claridad lo que pasa. Estimular\u00e1 el asombro ante fen\u00f3menos que vemos cada d\u00eda y llevar\u00e1 al lector a preguntarse por qu\u00e9 son as\u00ed.<\/p>\n","protected":false},"excerpt":{"rendered":"<p>MORENO, RICARDO; CANO, LU<\/p>\n","protected":false},"featured_media":342954,"template":"","meta":{"_acf_changed":false,"om_disable_all_campaigns":false,"rs_blank_template":"","rs_page_bg_color":"","slide_template_v7":"","inline_featured_image":false,"_monsterinsights_skip_tracking":false,"_monsterinsights_sitenote_active":false,"_monsterinsights_sitenote_note":"","_monsterinsights_sitenote_category":0},"product_brand":[],"product_cat":[579,189,453,146,572,139],"product_tag":[],"class_list":{"0":"post-293937","1":"product","2":"type-product","3":"status-publish","4":"has-post-thumbnail","6":"product_cat-cuadernos-de-trabajo","7":"product_cat-didactica-i-praxi-escolar","8":"product_cat-didactica-y-praxis-escolar","9":"product_cat-quaderns-de-treball","10":"product_cat-secundaria-escolar-4_escolar-spa","11":"product_cat-secundaria","13":"first","14":"instock","15":"taxable","16":"shipping-taxable","17":"purchasable","18":"product-type-simple"},"acf":{"autor":"MORENO, RICARDO; CANO, LU","codart":"843213698","libros-coleccion":"","ediciones":"2","encuadernacion":"Carton\u00e9","fecha_de_publicacion":"14\/11\/2008","novedad":"0","paginas":"176","subtitulo":"","orden":"999","portada":"0","idioma":"spa","editorial":[{"ID":6348,"post_author":"3","post_date":"2022-07-28 17:50:16","post_date_gmt":"2022-07-28 15:50:16","post_content":"","post_title":"Rialp","post_excerpt":"","post_status":"publish","comment_status":"closed","ping_status":"closed","post_password":"","post_name":"rialp","to_ping":"","pinged":"","post_modified":"2022-07-28 17:50:16","post_modified_gmt":"2022-07-28 15:50:16","post_content_filtered":"","post_parent":0,"guid":"http:\/\/dev.claret.cat\/editorial\/rialp\/","menu_order":0,"post_type":"editorial","post_mime_type":"","comment_count":"0","filter":"raw"}],"autores-libros":[{"ID":168058,"post_author":"3","post_date":"2022-10-14 18:16:11","post_date_gmt":"2022-10-14 16:16:11","post_content":"","post_title":"RICARDO MORENO","post_excerpt":"","post_status":"publish","comment_status":"closed","ping_status":"closed","post_password":"","post_name":"ricardo-moreno","to_ping":"","pinged":"","post_modified":"2022-10-14 18:16:11","post_modified_gmt":"2022-10-14 16:16:11","post_content_filtered":"","post_parent":0,"guid":"http:\/\/dev.claret.cat\/autor\/ricardo-moreno\/","menu_order":0,"post_type":"autor","post_mime_type":"","comment_count":"0","filter":"raw"},{"ID":293936,"post_author":"3","post_date":"2022-12-11 03:17:18","post_date_gmt":"2022-12-11 02:17:18","post_content":"","post_title":"LU CANO","post_excerpt":"","post_status":"publish","comment_status":"closed","ping_status":"closed","post_password":"","post_name":"lu-cano","to_ping":"","pinged":"","post_modified":"2022-12-11 03:17:18","post_modified_gmt":"2022-12-11 02:17:18","post_content_filtered":"","post_parent":0,"guid":"http:\/\/dev.claret.cat\/autor\/lu-cano\/","menu_order":0,"post_type":"autor","post_mime_type":"","comment_count":"0","filter":"raw"}]},"aioseo_notices":[],"_links":{"self":[{"href":"https:\/\/www.claret.cat\/es\/wp-json\/wp\/v2\/product\/293937","targetHints":{"allow":["GET"]}}],"collection":[{"href":"https:\/\/www.claret.cat\/es\/wp-json\/wp\/v2\/product"}],"about":[{"href":"https:\/\/www.claret.cat\/es\/wp-json\/wp\/v2\/types\/product"}],"wp:featuredmedia":[{"embeddable":true,"href":"https:\/\/www.claret.cat\/es\/wp-json\/wp\/v2\/media\/342954"}],"wp:attachment":[{"href":"https:\/\/www.claret.cat\/es\/wp-json\/wp\/v2\/media?parent=293937"}],"wp:term":[{"taxonomy":"product_brand","embeddable":true,"href":"https:\/\/www.claret.cat\/es\/wp-json\/wp\/v2\/product_brand?post=293937"},{"taxonomy":"product_cat","embeddable":true,"href":"https:\/\/www.claret.cat\/es\/wp-json\/wp\/v2\/product_cat?post=293937"},{"taxonomy":"product_tag","embeddable":true,"href":"https:\/\/www.claret.cat\/es\/wp-json\/wp\/v2\/product_tag?post=293937"}],"curies":[{"name":"wp","href":"https:\/\/api.w.org\/{rel}","templated":true}]}}