{"id":293956,"date":"2022-12-11T03:18:07","date_gmt":"2022-12-11T02:18:07","guid":{"rendered":"http:\/\/dev.claret.cat\/llibre\/de-benedicto-xv-a-benedicto-xvi\/"},"modified":"2024-05-24T05:45:43","modified_gmt":"2024-05-24T03:45:43","slug":"de-benedicto-xv-a-benedicto-xvi-9788432137334","status":"publish","type":"product","link":"https:\/\/www.claret.cat\/es\/libro\/de-benedicto-xv-a-benedicto-xvi-9788432137334\/","title":{"rendered":"DE BENEDICTO XV A BENEDICTO XVI"},"content":{"rendered":"<p>\u00bfQu\u00e9 posiciones toma la Iglesia sobre lo que sucede en el mundo contempor\u00e1neo? \u00bfC\u00f3mo percibe y afronta el proceso de secularizaci\u00f3n? El autor inicia su respuesta en el pontificado de Benedicto XV, pues coincide con el inicio de la Primera Guerra Mundial, clave para comprender la crisis de la cultura de la Modernidad.<br \/>El siglo breve finalizar\u00eda con la ca\u00edda del muro de Berl\u00edn y, por tanto, durante el pontificado de Juan Pablo II. Pero es tal la continuidad que se establece con Benedicto XVI que el autor considera imprescindible incluirle en este an\u00e1lisis.<\/p>\n","protected":false},"excerpt":{"rendered":"<p>FAZIO, MARIANO<\/p>\n","protected":false},"featured_media":342965,"template":"","meta":{"_acf_changed":false,"om_disable_all_campaigns":false,"rs_blank_template":"","rs_page_bg_color":"","slide_template_v7":"","inline_featured_image":false,"_monsterinsights_skip_tracking":false,"_monsterinsights_sitenote_active":false,"_monsterinsights_sitenote_note":"","_monsterinsights_sitenote_category":0},"product_brand":[],"product_cat":[90,540],"product_tag":[],"class_list":{"0":"post-293956","1":"product","2":"type-product","3":"status-publish","4":"has-post-thumbnail","6":"product_cat-altres","7":"product_cat-otros","9":"first","10":"instock","11":"taxable","12":"shipping-taxable","13":"purchasable","14":"product-type-simple"},"acf":{"autor":"FAZIO, MARIANO","codart":"843213733","libros-coleccion":"","ediciones":"1","encuadernacion":"R\u00fastica","fecha_de_publicacion":"11\/06\/2009","novedad":"0","paginas":"185","subtitulo":"","orden":"999","portada":"0","idioma":"spa","editorial":[{"ID":6348,"post_author":"3","post_date":"2022-07-28 17:50:16","post_date_gmt":"2022-07-28 15:50:16","post_content":"","post_title":"Rialp","post_excerpt":"","post_status":"publish","comment_status":"closed","ping_status":"closed","post_password":"","post_name":"rialp","to_ping":"","pinged":"","post_modified":"2022-07-28 17:50:16","post_modified_gmt":"2022-07-28 15:50:16","post_content_filtered":"","post_parent":0,"guid":"http:\/\/dev.claret.cat\/editorial\/rialp\/","menu_order":0,"post_type":"editorial","post_mime_type":"","comment_count":"0","filter":"raw"}],"autores-libros":[{"ID":163852,"post_author":"3","post_date":"2022-10-14 17:42:22","post_date_gmt":"2022-10-14 15:42:22","post_content":"","post_title":"MARIANO FAZIO","post_excerpt":"","post_status":"publish","comment_status":"closed","ping_status":"closed","post_password":"","post_name":"mariano-fazio","to_ping":"","pinged":"","post_modified":"2022-10-14 17:42:22","post_modified_gmt":"2022-10-14 15:42:22","post_content_filtered":"","post_parent":0,"guid":"http:\/\/dev.claret.cat\/autor\/mariano-fazio\/","menu_order":0,"post_type":"autor","post_mime_type":"","comment_count":"0","filter":"raw"}]},"aioseo_notices":[],"_links":{"self":[{"href":"https:\/\/www.claret.cat\/es\/wp-json\/wp\/v2\/product\/293956","targetHints":{"allow":["GET"]}}],"collection":[{"href":"https:\/\/www.claret.cat\/es\/wp-json\/wp\/v2\/product"}],"about":[{"href":"https:\/\/www.claret.cat\/es\/wp-json\/wp\/v2\/types\/product"}],"wp:featuredmedia":[{"embeddable":true,"href":"https:\/\/www.claret.cat\/es\/wp-json\/wp\/v2\/media\/342965"}],"wp:attachment":[{"href":"https:\/\/www.claret.cat\/es\/wp-json\/wp\/v2\/media?parent=293956"}],"wp:term":[{"taxonomy":"product_brand","embeddable":true,"href":"https:\/\/www.claret.cat\/es\/wp-json\/wp\/v2\/product_brand?post=293956"},{"taxonomy":"product_cat","embeddable":true,"href":"https:\/\/www.claret.cat\/es\/wp-json\/wp\/v2\/product_cat?post=293956"},{"taxonomy":"product_tag","embeddable":true,"href":"https:\/\/www.claret.cat\/es\/wp-json\/wp\/v2\/product_tag?post=293956"}],"curies":[{"name":"wp","href":"https:\/\/api.w.org\/{rel}","templated":true}]}}