{"id":294013,"date":"2022-12-11T03:20:15","date_gmt":"2022-12-11T02:20:15","guid":{"rendered":"http:\/\/dev.claret.cat\/llibre\/muchos-son-los-llamados-sobre-la-grandeza-del-sacerdocio\/"},"modified":"2024-05-24T05:43:11","modified_gmt":"2024-05-24T03:43:11","slug":"muchos-son-los-llamados-sobre-la-grandeza-del-sacerdocio-9788432138355","status":"publish","type":"product","link":"https:\/\/www.claret.cat\/es\/libro\/muchos-son-los-llamados-sobre-la-grandeza-del-sacerdocio-9788432138355\/","title":{"rendered":"MUCHOS SON LOS LLAMADOS. SOBRE LA GRANDEZA DEL SACERDOCIO"},"content":{"rendered":"<p>Scott Hahn nos ofrece en este libro una reflexi\u00f3n sobre el sacerdocio. Como te\u00f3logo cat\u00f3lico y padre de familia numerosa, nos invita a mirar al sacerdote como padre, protector y abastecedor de la gran familia cristiana, y afirma que \u00abcuando los hombres comprenden de veras qu\u00e9 es el sacerdocio, se sienten instintivamente atra\u00eddos hacia \u00e9l. El sacerdocio es instintivamente atrayente\u00bb.<br \/>Muchos son los llamados. Sobre la grandeza del sacerdocio, evoca las palabras de Jes\u00fas sobre la urgente llamada de Dios a los hombres, y propone meditar su grandeza desde una perspectiva incomparable.<\/p>\n","protected":false},"excerpt":{"rendered":"<p>HAHN, SCOTT<\/p>\n","protected":false},"featured_media":342999,"template":"","meta":{"_acf_changed":false,"om_disable_all_campaigns":false,"rs_blank_template":"","rs_page_bg_color":"","slide_template_v7":"","inline_featured_image":false,"_monsterinsights_skip_tracking":false,"_monsterinsights_sitenote_active":false,"_monsterinsights_sitenote_note":"","_monsterinsights_sitenote_category":0},"product_brand":[],"product_cat":[543,93,345,79],"product_tag":[],"class_list":{"0":"post-294013","1":"product","2":"type-product","3":"status-publish","4":"has-post-thumbnail","6":"product_cat-eclesiologia-es","7":"product_cat-eclesiologia","8":"product_cat-espiritualidad","9":"product_cat-espiritualitat","11":"first","12":"instock","13":"taxable","14":"shipping-taxable","15":"purchasable","16":"product-type-simple"},"acf":{"autor":"HAHN, SCOTT","codart":"843213835","libros-coleccion":"","ediciones":"1","encuadernacion":"R\u00fastica","fecha_de_publicacion":"03\/05\/2011","novedad":"0","paginas":"111","subtitulo":"SOBRE LA GRANDEZA DEL SACERDOCIO","orden":"999","portada":"0","idioma":"spa","editorial":[{"ID":6348,"post_author":"3","post_date":"2022-07-28 17:50:16","post_date_gmt":"2022-07-28 15:50:16","post_content":"","post_title":"Rialp","post_excerpt":"","post_status":"publish","comment_status":"closed","ping_status":"closed","post_password":"","post_name":"rialp","to_ping":"","pinged":"","post_modified":"2022-07-28 17:50:16","post_modified_gmt":"2022-07-28 15:50:16","post_content_filtered":"","post_parent":0,"guid":"http:\/\/dev.claret.cat\/editorial\/rialp\/","menu_order":0,"post_type":"editorial","post_mime_type":"","comment_count":"0","filter":"raw"}],"autores-libros":[{"ID":169213,"post_author":"3","post_date":"2022-10-14 22:25:24","post_date_gmt":"2022-10-14 20:25:24","post_content":"","post_title":"SCOTT HAHN","post_excerpt":"","post_status":"publish","comment_status":"closed","ping_status":"closed","post_password":"","post_name":"scott-hahn","to_ping":"","pinged":"","post_modified":"2022-10-14 22:25:24","post_modified_gmt":"2022-10-14 20:25:24","post_content_filtered":"","post_parent":0,"guid":"http:\/\/dev.claret.cat\/autor\/scott-hahn\/","menu_order":0,"post_type":"autor","post_mime_type":"","comment_count":"0","filter":"raw"}]},"aioseo_notices":[],"_links":{"self":[{"href":"https:\/\/www.claret.cat\/es\/wp-json\/wp\/v2\/product\/294013","targetHints":{"allow":["GET"]}}],"collection":[{"href":"https:\/\/www.claret.cat\/es\/wp-json\/wp\/v2\/product"}],"about":[{"href":"https:\/\/www.claret.cat\/es\/wp-json\/wp\/v2\/types\/product"}],"wp:featuredmedia":[{"embeddable":true,"href":"https:\/\/www.claret.cat\/es\/wp-json\/wp\/v2\/media\/342999"}],"wp:attachment":[{"href":"https:\/\/www.claret.cat\/es\/wp-json\/wp\/v2\/media?parent=294013"}],"wp:term":[{"taxonomy":"product_brand","embeddable":true,"href":"https:\/\/www.claret.cat\/es\/wp-json\/wp\/v2\/product_brand?post=294013"},{"taxonomy":"product_cat","embeddable":true,"href":"https:\/\/www.claret.cat\/es\/wp-json\/wp\/v2\/product_cat?post=294013"},{"taxonomy":"product_tag","embeddable":true,"href":"https:\/\/www.claret.cat\/es\/wp-json\/wp\/v2\/product_tag?post=294013"}],"curies":[{"name":"wp","href":"https:\/\/api.w.org\/{rel}","templated":true}]}}