{"id":294074,"date":"2022-12-11T03:22:29","date_gmt":"2022-12-11T02:22:29","guid":{"rendered":"http:\/\/dev.claret.cat\/llibre\/al-cesar-lo-que-es-del-cesar\/"},"modified":"2024-05-24T05:39:39","modified_gmt":"2024-05-24T03:39:39","slug":"al-cesar-lo-que-es-del-cesar-9788432139611","status":"publish","type":"product","link":"https:\/\/www.claret.cat\/es\/libro\/al-cesar-lo-que-es-del-cesar-9788432139611\/","title":{"rendered":"AL C\u00c9SAR LO QUE ES DEL C\u00c9SAR"},"content":{"rendered":"<p>Tras una breve biograf\u00eda de Joseph Ratzinger, el autor analiza las principales intervenciones del Papa en torno al relativismo, y propone el ant\u00eddoto ante esta amenaza: redescubrir la verdad mediante la colaboraci\u00f3n entre raz\u00f3n y fe, y procurar que la verdad sobre el hombre vuelva a estructurar la vida social.<\/p>\n","protected":false},"excerpt":{"rendered":"<p>FAZIO, MARIANO<\/p>\n","protected":false},"featured_media":343035,"template":"","meta":{"_acf_changed":false,"om_disable_all_campaigns":false,"rs_blank_template":"","rs_page_bg_color":"","slide_template_v7":"","inline_featured_image":false,"_monsterinsights_skip_tracking":false,"_monsterinsights_sitenote_active":false,"_monsterinsights_sitenote_note":"","_monsterinsights_sitenote_category":0},"product_brand":[],"product_cat":[90,540],"product_tag":[],"class_list":{"0":"post-294074","1":"product","2":"type-product","3":"status-publish","4":"has-post-thumbnail","6":"product_cat-altres","7":"product_cat-otros","9":"first","10":"instock","11":"taxable","12":"shipping-taxable","13":"purchasable","14":"product-type-simple"},"acf":{"autor":"FAZIO, MARIANO","codart":"843213961","libros-coleccion":"","ediciones":"1","encuadernacion":"R\u00fastica","fecha_de_publicacion":"14\/05\/2012","novedad":"0","paginas":"128","subtitulo":"BENEDICTO XVI Y LA LIBERTAD","orden":"999","portada":"0","idioma":"spa","editorial":[{"ID":6348,"post_author":"3","post_date":"2022-07-28 17:50:16","post_date_gmt":"2022-07-28 15:50:16","post_content":"","post_title":"Rialp","post_excerpt":"","post_status":"publish","comment_status":"closed","ping_status":"closed","post_password":"","post_name":"rialp","to_ping":"","pinged":"","post_modified":"2022-07-28 17:50:16","post_modified_gmt":"2022-07-28 15:50:16","post_content_filtered":"","post_parent":0,"guid":"http:\/\/dev.claret.cat\/editorial\/rialp\/","menu_order":0,"post_type":"editorial","post_mime_type":"","comment_count":"0","filter":"raw"}],"autores-libros":[{"ID":163852,"post_author":"3","post_date":"2022-10-14 17:42:22","post_date_gmt":"2022-10-14 15:42:22","post_content":"","post_title":"MARIANO FAZIO","post_excerpt":"","post_status":"publish","comment_status":"closed","ping_status":"closed","post_password":"","post_name":"mariano-fazio","to_ping":"","pinged":"","post_modified":"2022-10-14 17:42:22","post_modified_gmt":"2022-10-14 15:42:22","post_content_filtered":"","post_parent":0,"guid":"http:\/\/dev.claret.cat\/autor\/mariano-fazio\/","menu_order":0,"post_type":"autor","post_mime_type":"","comment_count":"0","filter":"raw"}]},"aioseo_notices":[],"_links":{"self":[{"href":"https:\/\/www.claret.cat\/es\/wp-json\/wp\/v2\/product\/294074","targetHints":{"allow":["GET"]}}],"collection":[{"href":"https:\/\/www.claret.cat\/es\/wp-json\/wp\/v2\/product"}],"about":[{"href":"https:\/\/www.claret.cat\/es\/wp-json\/wp\/v2\/types\/product"}],"wp:featuredmedia":[{"embeddable":true,"href":"https:\/\/www.claret.cat\/es\/wp-json\/wp\/v2\/media\/343035"}],"wp:attachment":[{"href":"https:\/\/www.claret.cat\/es\/wp-json\/wp\/v2\/media?parent=294074"}],"wp:term":[{"taxonomy":"product_brand","embeddable":true,"href":"https:\/\/www.claret.cat\/es\/wp-json\/wp\/v2\/product_brand?post=294074"},{"taxonomy":"product_cat","embeddable":true,"href":"https:\/\/www.claret.cat\/es\/wp-json\/wp\/v2\/product_cat?post=294074"},{"taxonomy":"product_tag","embeddable":true,"href":"https:\/\/www.claret.cat\/es\/wp-json\/wp\/v2\/product_tag?post=294074"}],"curies":[{"name":"wp","href":"https:\/\/api.w.org\/{rel}","templated":true}]}}