{"id":294084,"date":"2022-12-11T03:22:51","date_gmt":"2022-12-11T02:22:51","guid":{"rendered":"http:\/\/dev.claret.cat\/llibre\/historia-de-las-ideas-contemporaneas-2\/"},"modified":"2024-05-24T05:38:09","modified_gmt":"2024-05-24T03:38:09","slug":"historia-de-las-ideas-contemporaneas-9788432139697","status":"publish","type":"product","link":"https:\/\/www.claret.cat\/es\/libro\/historia-de-las-ideas-contemporaneas-9788432139697\/","title":{"rendered":"HISTORIA DE LAS IDEAS CONTEMPOR\u00c1NEAS"},"content":{"rendered":"<p>El hilo conductor de este recorrido por la historia contempor\u00e1nea es el proceso de secularizaci\u00f3n, caracter\u00edstico de nuestra cultura, tratado desde una visi\u00f3n cristiana del hombre y de la historia. Tras exponer las claves de la \u00e9poca moderna (siglos XVI-XVII), el autor analiza las principales ideolog\u00edas contempor\u00e1neas -liberalismo, nacionalismo, marxismo, cientificismo- y subraya su papel de religiones sustitutivas. Una tercera parte trata la crisis de la cultura de la Modernidad en el siglo XX, y examina con detalle el nihilismo, la sociedad permisiva y los movimientos culturales de mayor actualidad: feminismo, ecologismo y los nuevos movimientos religiosos. Concluye con un profundo an\u00e1lisis de la relaci\u00f3n entre la Iglesia Cat\u00f3lica y el mundo contempor\u00e1neo.<\/p>\n","protected":false},"excerpt":{"rendered":"<p>FAZIO, MARIANO<\/p>\n","protected":false},"featured_media":343041,"template":"","meta":{"_acf_changed":false,"om_disable_all_campaigns":false,"rs_blank_template":"","rs_page_bg_color":"","slide_template_v7":"","inline_featured_image":false,"_monsterinsights_skip_tracking":false,"_monsterinsights_sitenote_active":false,"_monsterinsights_sitenote_note":"","_monsterinsights_sitenote_category":0},"product_brand":[],"product_cat":[90,540],"product_tag":[],"class_list":{"0":"post-294084","1":"product","2":"type-product","3":"status-publish","4":"has-post-thumbnail","6":"product_cat-altres","7":"product_cat-otros","9":"first","10":"instock","11":"taxable","12":"shipping-taxable","13":"purchasable","14":"product-type-simple"},"acf":{"autor":"FAZIO, MARIANO","codart":"843213969","libros-coleccion":"","ediciones":"3","encuadernacion":"R\u00fastica","fecha_de_publicacion":"26\/03\/2012","novedad":"0","paginas":"496","subtitulo":"UNA LECTURA DEL PROCESO DE SECULARIZACI\u00d3N","orden":"999","portada":"0","idioma":"spa","editorial":[{"ID":6348,"post_author":"3","post_date":"2022-07-28 17:50:16","post_date_gmt":"2022-07-28 15:50:16","post_content":"","post_title":"Rialp","post_excerpt":"","post_status":"publish","comment_status":"closed","ping_status":"closed","post_password":"","post_name":"rialp","to_ping":"","pinged":"","post_modified":"2022-07-28 17:50:16","post_modified_gmt":"2022-07-28 15:50:16","post_content_filtered":"","post_parent":0,"guid":"http:\/\/dev.claret.cat\/editorial\/rialp\/","menu_order":0,"post_type":"editorial","post_mime_type":"","comment_count":"0","filter":"raw"}],"autores-libros":[{"ID":163852,"post_author":"3","post_date":"2022-10-14 17:42:22","post_date_gmt":"2022-10-14 15:42:22","post_content":"","post_title":"MARIANO FAZIO","post_excerpt":"","post_status":"publish","comment_status":"closed","ping_status":"closed","post_password":"","post_name":"mariano-fazio","to_ping":"","pinged":"","post_modified":"2022-10-14 17:42:22","post_modified_gmt":"2022-10-14 15:42:22","post_content_filtered":"","post_parent":0,"guid":"http:\/\/dev.claret.cat\/autor\/mariano-fazio\/","menu_order":0,"post_type":"autor","post_mime_type":"","comment_count":"0","filter":"raw"}]},"aioseo_notices":[],"_links":{"self":[{"href":"https:\/\/www.claret.cat\/es\/wp-json\/wp\/v2\/product\/294084","targetHints":{"allow":["GET"]}}],"collection":[{"href":"https:\/\/www.claret.cat\/es\/wp-json\/wp\/v2\/product"}],"about":[{"href":"https:\/\/www.claret.cat\/es\/wp-json\/wp\/v2\/types\/product"}],"wp:featuredmedia":[{"embeddable":true,"href":"https:\/\/www.claret.cat\/es\/wp-json\/wp\/v2\/media\/343041"}],"wp:attachment":[{"href":"https:\/\/www.claret.cat\/es\/wp-json\/wp\/v2\/media?parent=294084"}],"wp:term":[{"taxonomy":"product_brand","embeddable":true,"href":"https:\/\/www.claret.cat\/es\/wp-json\/wp\/v2\/product_brand?post=294084"},{"taxonomy":"product_cat","embeddable":true,"href":"https:\/\/www.claret.cat\/es\/wp-json\/wp\/v2\/product_cat?post=294084"},{"taxonomy":"product_tag","embeddable":true,"href":"https:\/\/www.claret.cat\/es\/wp-json\/wp\/v2\/product_tag?post=294084"}],"curies":[{"name":"wp","href":"https:\/\/api.w.org\/{rel}","templated":true}]}}