{"id":294206,"date":"2022-12-11T03:27:31","date_gmt":"2022-12-11T02:27:31","guid":{"rendered":"http:\/\/dev.claret.cat\/llibre\/el-papa-francisco-3\/"},"modified":"2024-05-24T05:29:30","modified_gmt":"2024-05-24T03:29:30","slug":"el-papa-francisco-9788432142970","status":"publish","type":"product","link":"https:\/\/www.claret.cat\/es\/libro\/el-papa-francisco-9788432142970\/","title":{"rendered":"EL PAPA FRANCISCO"},"content":{"rendered":"<p>El 13 de marzo de 2013, tras la inesperada noticia de la renuncia de Benedicto XVI, fue <br \/>elegido Jorge Mario Bergoglio como 265 sucesor de san Pedro. Un Pont\u00edfice venido del <br \/>fin del mundo, como \u00e9l mismo se defini\u00f3, y con una amplia labor pastoral a sus espaldas. Un Papa sorprendente, cercano, cuya sencillez ha despertado una creciente curiosidad medi\u00e1tica, tambi\u00e9n entre los no creyentes. Mariano Fazio ha tratado con cercan\u00eda al actual Pont\u00edfice en Argentina, y varios de sus libros \u2013Cristianos en la encrucijada, Historia de las ideas contempor\u00e1neas\u2013 han sido le\u00eddos y recomendados por el Papa Francisco en diversas ocasiones. Desde esa amistad, nos descubre las claves de su pensamiento, su visi\u00f3n apost\u00f3lica y su af\u00e1n de di\u00e1logo con el mundo.<\/p>\n","protected":false},"excerpt":{"rendered":"<p>FAZIO, MARIANO<\/p>\n","protected":false},"featured_media":343118,"template":"","meta":{"_acf_changed":false,"om_disable_all_campaigns":false,"rs_blank_template":"","rs_page_bg_color":"","slide_template_v7":"","inline_featured_image":false,"_monsterinsights_skip_tracking":false,"_monsterinsights_sitenote_active":false,"_monsterinsights_sitenote_note":"","_monsterinsights_sitenote_category":0},"product_brand":[],"product_cat":[90,540],"product_tag":[],"class_list":{"0":"post-294206","1":"product","2":"type-product","3":"status-publish","4":"has-post-thumbnail","6":"product_cat-altres","7":"product_cat-otros","9":"first","10":"instock","11":"taxable","12":"shipping-taxable","13":"purchasable","14":"product-type-simple"},"acf":{"autor":"FAZIO, MARIANO","codart":"843214297","libros-coleccion":"","ediciones":"1","encuadernacion":"R\u00fastica","fecha_de_publicacion":"12\/06\/2013","novedad":"0","paginas":"112","subtitulo":"CLAVES DE SU PENSAMIENTO","orden":"999","portada":"0","idioma":"spa","editorial":[{"ID":6348,"post_author":"3","post_date":"2022-07-28 17:50:16","post_date_gmt":"2022-07-28 15:50:16","post_content":"","post_title":"Rialp","post_excerpt":"","post_status":"publish","comment_status":"closed","ping_status":"closed","post_password":"","post_name":"rialp","to_ping":"","pinged":"","post_modified":"2022-07-28 17:50:16","post_modified_gmt":"2022-07-28 15:50:16","post_content_filtered":"","post_parent":0,"guid":"http:\/\/dev.claret.cat\/editorial\/rialp\/","menu_order":0,"post_type":"editorial","post_mime_type":"","comment_count":"0","filter":"raw"}],"autores-libros":[{"ID":163852,"post_author":"3","post_date":"2022-10-14 17:42:22","post_date_gmt":"2022-10-14 15:42:22","post_content":"","post_title":"MARIANO FAZIO","post_excerpt":"","post_status":"publish","comment_status":"closed","ping_status":"closed","post_password":"","post_name":"mariano-fazio","to_ping":"","pinged":"","post_modified":"2022-10-14 17:42:22","post_modified_gmt":"2022-10-14 15:42:22","post_content_filtered":"","post_parent":0,"guid":"http:\/\/dev.claret.cat\/autor\/mariano-fazio\/","menu_order":0,"post_type":"autor","post_mime_type":"","comment_count":"0","filter":"raw"}]},"aioseo_notices":[],"_links":{"self":[{"href":"https:\/\/www.claret.cat\/es\/wp-json\/wp\/v2\/product\/294206","targetHints":{"allow":["GET"]}}],"collection":[{"href":"https:\/\/www.claret.cat\/es\/wp-json\/wp\/v2\/product"}],"about":[{"href":"https:\/\/www.claret.cat\/es\/wp-json\/wp\/v2\/types\/product"}],"wp:featuredmedia":[{"embeddable":true,"href":"https:\/\/www.claret.cat\/es\/wp-json\/wp\/v2\/media\/343118"}],"wp:attachment":[{"href":"https:\/\/www.claret.cat\/es\/wp-json\/wp\/v2\/media?parent=294206"}],"wp:term":[{"taxonomy":"product_brand","embeddable":true,"href":"https:\/\/www.claret.cat\/es\/wp-json\/wp\/v2\/product_brand?post=294206"},{"taxonomy":"product_cat","embeddable":true,"href":"https:\/\/www.claret.cat\/es\/wp-json\/wp\/v2\/product_cat?post=294206"},{"taxonomy":"product_tag","embeddable":true,"href":"https:\/\/www.claret.cat\/es\/wp-json\/wp\/v2\/product_tag?post=294206"}],"curies":[{"name":"wp","href":"https:\/\/api.w.org\/{rel}","templated":true}]}}